{"id":62941,"date":"2025-10-01T20:58:23","date_gmt":"2025-10-01T20:58:23","guid":{"rendered":"https:\/\/mirps-platform.org\/?page_id=62941"},"modified":"2025-10-01T20:58:25","modified_gmt":"2025-10-01T20:58:25","slug":"regional-meeting-of-conares","status":"publish","type":"page","link":"https:\/\/mirps-platform.org\/en\/resources\/events\/regional-meeting-of-conares\/","title":{"rendered":"Regional Meeting of CONAREs"},"content":{"rendered":"<p>[et_pb_section fb_built=&#8221;1&#8243; _builder_version=&#8221;4.16&#8243; _module_preset=&#8221;default&#8221; global_colors_info=&#8221;{}&#8221;][et_pb_row _builder_version=&#8221;4.16&#8243; _module_preset=&#8221;default&#8221; global_colors_info=&#8221;{}&#8221;][et_pb_column type=&#8221;4_4&#8243; _builder_version=&#8221;4.16&#8243; _module_preset=&#8221;default&#8221; global_colors_info=&#8221;{}&#8221;][et_pb_text _builder_version=&#8221;4.16&#8243; _module_preset=&#8221;default&#8221; text_font=&#8221;|700|||||||&#8221; text_text_color=&#8221;#000000&#8243; text_font_size=&#8221;45px&#8221; text_line_height=&#8221;1.2em&#8221; header_font=&#8221;|700|||||||&#8221; header_text_align=&#8221;center&#8221; header_font_size=&#8221;29px&#8221; header_line_height=&#8221;1.4em&#8221; header_2_font_size=&#8221;31px&#8221; header_2_line_height=&#8221;1.4em&#8221; text_orientation=&#8221;center&#8221; width=&#8221;79.7%&#8221; custom_margin=&#8221;|||137px|false|false&#8221; custom_padding=&#8221;|0px||0px||&#8221; global_colors_info=&#8221;{}&#8221;]<\/p>\n<p>Second Regional Technical Meeting of National Refugee Commissions (CONAREs) and Equivalent Bodies in the Americas<\/p>\n<p>[\/et_pb_text][et_pb_text _builder_version=&#8221;4.27.4&#8243; _module_preset=&#8221;default&#8221; text_font=&#8221;||on||||||&#8221; text_text_color=&#8221;#000000&#8243; global_colors_info=&#8221;{}&#8221;]<\/p>\n<p>24 &amp; 25 September, 2025<\/p>\n<p>[\/et_pb_text][\/et_pb_column][\/et_pb_row][et_pb_row column_structure=&#8221;1_2,1_2&#8243; make_equal=&#8221;on&#8221; _builder_version=&#8221;4.16&#8243; _module_preset=&#8221;default&#8221; custom_margin=&#8221;-32px||30px||false|false&#8221; custom_padding=&#8221;||||false|false&#8221; global_colors_info=&#8221;{}&#8221;][et_pb_column type=&#8221;1_2&#8243; _builder_version=&#8221;4.16&#8243; _module_preset=&#8221;default&#8221; global_colors_info=&#8221;{}&#8221;][et_pb_image src=&#8221;https:\/\/mirps-platform.org\/wp-content\/uploads\/2025\/10\/Fondos-reunion-CONARES-2025-1.jpg&#8221; title_text=&#8221;Fondos reuni\u00f3n CONARES 2025 (1)&#8221; _builder_version=&#8221;4.27.4&#8243; _module_preset=&#8221;default&#8221; global_colors_info=&#8221;{}&#8221;][\/et_pb_image][\/et_pb_column][et_pb_column type=&#8221;1_2&#8243; _builder_version=&#8221;4.16&#8243; _module_preset=&#8221;default&#8221; background_color=&#8221;RGBA(0,0,0,0)&#8221; global_colors_info=&#8221;{}&#8221;][et_pb_text _builder_version=&#8221;4.24.0&#8243; _module_preset=&#8221;default&#8221; text_text_color=&#8221;#000000&#8243; text_font_size=&#8221;19px&#8221; text_line_height=&#8221;1.9em&#8221; custom_padding=&#8221;||0px|||&#8221; global_colors_info=&#8221;{}&#8221;]<\/p>\n<p data-start=\"0\" data-end=\"476\">The <strong>Second Regional Technical Meeting of the National Commissions for Refugees (CONAREs) and equivalent bodies in the Americas<\/strong> was held on <strong>September 24\u201325, 2025, in Panama City<\/strong>, convened by the Pro-Tempore Presidencies of the Quito Process (Ecuador) and the MIRPS (Costa Rica). The meeting aimed to strengthen national asylum systems in the 17 member States of both mechanisms through the exchange of experiences, good practices, and the development of technical capacities.<\/p>\n<p data-start=\"478\" data-end=\"855\" data-is-last-node=\"\" data-is-only-node=\"\">This joint space responds to the commitments made in the San Jos\u00e9 and Belize Declarations, as well as the ongoing regional action plans. The meeting took place in a regional context of growing challenges, reaffirming States\u2019 cooperation and solidarity to ensure asylum procedures that are more efficient, modern, and sustainable, for the benefit of refugees and asylum seekers.<\/p>\n<p>[\/et_pb_text][\/et_pb_column][\/et_pb_row][et_pb_row column_structure=&#8221;1_3,1_3,1_3&#8243; make_equal=&#8221;on&#8221; _builder_version=&#8221;4.27.4&#8243; _module_preset=&#8221;default&#8221; global_colors_info=&#8221;{}&#8221;][et_pb_column type=&#8221;1_3&#8243; _builder_version=&#8221;4.16&#8243; _module_preset=&#8221;default&#8221; global_colors_info=&#8221;{}&#8221;][et_pb_image src=&#8221;https:\/\/mirpsplatform.org\/wp-content\/uploads\/2022\/01\/noun-note-3205751-AF2C27.png&#8221; title_text=&#8221;Note&#8221; url=&#8221;https:\/\/mirps-platform.org\/wp-content\/uploads\/2025\/10\/Concept-Note-Second-Regional-Technical-Meeting-of-National-Refugee-Commissions-24-25-Sept-2025-1.pdf&#8221; url_new_window=&#8221;on&#8221; align=&#8221;center&#8221; _builder_version=&#8221;4.27.4&#8243; _module_preset=&#8221;default&#8221; module_alignment=&#8221;center&#8221; max_height=&#8221;100px&#8221; global_colors_info=&#8221;{}&#8221;][\/et_pb_image][et_pb_text _builder_version=&#8221;4.27.4&#8243; _module_preset=&#8221;default&#8221; link_option_url=&#8221;https:\/\/mirps-platform.org\/wp-content\/uploads\/2025\/10\/Concept-Note-Second-Regional-Technical-Meeting-of-National-Refugee-Commissions-24-25-Sept-2025-1.pdf&#8221; link_option_url_new_window=&#8221;on&#8221; global_colors_info=&#8221;{}&#8221;]<\/p>\n<h4 style=\"text-align: center;\">Concept note<\/h4>\n<p>[\/et_pb_text][\/et_pb_column][et_pb_column type=&#8221;1_3&#8243; _builder_version=&#8221;4.16&#8243; _module_preset=&#8221;default&#8221; global_colors_info=&#8221;{}&#8221;][et_pb_image src=&#8221;https:\/\/mirps-platform.org\/wp-content\/uploads\/2022\/01\/noun-speaker-3762731-AF2C27.png&#8221; title_text=&#8221;noun-speaker-3762731-AF2C27&#8243; url=&#8221;https:\/\/mirps-platform.org\/wp-content\/uploads\/2025\/09\/EXTERNAL-FINAL-Agenda-Borrador-Reunion-Tecnica-sobre-Asilo-Quito-y-MIRPS_2025_Panama-1.pdf&#8221; url_new_window=&#8221;on&#8221; align=&#8221;center&#8221; _builder_version=&#8221;4.27.4&#8243; _module_preset=&#8221;default&#8221; max_height=&#8221;100px&#8221; global_colors_info=&#8221;{}&#8221;][\/et_pb_image][et_pb_text _builder_version=&#8221;4.27.4&#8243; _module_preset=&#8221;default&#8221; link_option_url=&#8221;https:\/\/mirps-platform.org\/wp-content\/uploads\/2025\/09\/EXTERNAL-FINAL-Agenda-Borrador-Reunion-Tecnica-sobre-Asilo-Quito-y-MIRPS_2025_Panama-1.pdf&#8221; link_option_url_new_window=&#8221;on&#8221; global_colors_info=&#8221;{}&#8221;]<\/p>\n<h4 style=\"text-align: center;\">Agenda<\/h4>\n<p>[\/et_pb_text][\/et_pb_column][et_pb_column type=&#8221;1_3&#8243; _builder_version=&#8221;4.16&#8243; _module_preset=&#8221;default&#8221; global_colors_info=&#8221;{}&#8221;][\/et_pb_column][\/et_pb_row][et_pb_row _builder_version=&#8221;4.16&#8243; _module_preset=&#8221;default&#8221; custom_margin=&#8221;||||false|false&#8221; global_colors_info=&#8221;{}&#8221;][et_pb_column type=&#8221;4_4&#8243; _builder_version=&#8221;4.16&#8243; _module_preset=&#8221;default&#8221; global_colors_info=&#8221;{}&#8221;][et_pb_divider _builder_version=&#8221;4.16&#8243; _module_preset=&#8221;default&#8221; global_colors_info=&#8221;{}&#8221;][\/et_pb_divider][\/et_pb_column][\/et_pb_row][et_pb_row _builder_version=&#8221;4.16&#8243; _module_preset=&#8221;default&#8221; min_height=&#8221;14px&#8221; custom_margin=&#8221;||-27px||false|false&#8221; custom_padding=&#8221;2px|||||&#8221; global_colors_info=&#8221;{}&#8221;][et_pb_column type=&#8221;4_4&#8243; _builder_version=&#8221;4.16&#8243; _module_preset=&#8221;default&#8221; global_colors_info=&#8221;{}&#8221;][et_pb_text _builder_version=&#8221;4.27.4&#8243; _module_preset=&#8221;default&#8221; global_colors_info=&#8221;{}&#8221;]<\/p>\n<h3 style=\"text-align: center;\">Objectives of the event<\/h3>\n<p>[\/et_pb_text][\/et_pb_column][\/et_pb_row][et_pb_row _builder_version=&#8221;4.16&#8243; _module_preset=&#8221;default&#8221; background_enable_color=&#8221;off&#8221; custom_margin=&#8221;||||false|false&#8221; global_colors_info=&#8221;{}&#8221;][et_pb_column type=&#8221;4_4&#8243; _builder_version=&#8221;4.16&#8243; _module_preset=&#8221;default&#8221; global_colors_info=&#8221;{}&#8221;][et_pb_image src=&#8221;https:\/\/mirps-platform.org\/wp-content\/uploads\/2025\/10\/Learning-event-Proteccion-Internacional-2025-34-scaled.png&#8221; title_text=&#8221;Learning event &#8211; Protecci\u00f3n Internacional 2025-34&#8243; align=&#8221;center&#8221; _builder_version=&#8221;4.27.4&#8243; _module_preset=&#8221;default&#8221; max_height=&#8221;400px&#8221; global_colors_info=&#8221;{}&#8221;][\/et_pb_image][\/et_pb_column][\/et_pb_row][et_pb_row _builder_version=&#8221;4.27.4&#8243; _module_preset=&#8221;default&#8221; global_colors_info=&#8221;{}&#8221;][et_pb_column type=&#8221;4_4&#8243; _builder_version=&#8221;4.27.4&#8243; _module_preset=&#8221;default&#8221; global_colors_info=&#8221;{}&#8221;][et_pb_gallery gallery_ids=&#8221;62950,62952,62954,62956,62958,62960,62962,62964,62966,62968,62970,62972&#8243; show_title_and_caption=&#8221;off&#8221; _builder_version=&#8221;4.27.4&#8243; _module_preset=&#8221;default&#8221; global_colors_info=&#8221;{}&#8221;][\/et_pb_gallery][\/et_pb_column][\/et_pb_row][et_pb_row _builder_version=&#8221;4.16&#8243; _module_preset=&#8221;default&#8221; min_height=&#8221;14px&#8221; custom_margin=&#8221;||-27px||false|false&#8221; custom_padding=&#8221;2px|||||&#8221; global_colors_info=&#8221;{}&#8221;][et_pb_column type=&#8221;4_4&#8243; _builder_version=&#8221;4.16&#8243; _module_preset=&#8221;default&#8221; global_colors_info=&#8221;{}&#8221;][et_pb_text _builder_version=&#8221;4.27.4&#8243; _module_preset=&#8221;default&#8221; hover_enabled=&#8221;0&#8243; global_colors_info=&#8221;{}&#8221; sticky_enabled=&#8221;0&#8243;]<\/p>\n<h3 style=\"text-align: center;\">The event in Social Media: Featured Content<\/h3>\n<p>[\/et_pb_text][\/et_pb_column][\/et_pb_row][et_pb_row _builder_version=&#8221;4.27.4&#8243; _module_preset=&#8221;default&#8221; column_structure=&#8221;1_4,1_4,1_4,1_4&#8243;][et_pb_column _builder_version=&#8221;4.27.4&#8243; _module_preset=&#8221;default&#8221; type=&#8221;1_4&#8243;][et_pb_code _builder_version=&#8221;4.27.4&#8243; _module_preset=&#8221;default&#8221; hover_enabled=&#8221;0&#8243; sticky_enabled=&#8221;0&#8243;]<\/p>\n<blockquote class=\"twitter-tweet\"><pee lang=\"es\" dir=\"ltr\">La Directora de Protecci\u00f3n y Retorno de la <a href=\"https:\/\/twitter.com\/hashtag\/COMAR?src=hash&amp;ref_src=twsrc%5Etfw\">#COMAR<\/a>, Henia Prado Hern\u00e1ndez, particip\u00f3 en la II Reuni\u00f3n T\u00e9cnica con las Comisiones Nacionales para las Personas Refugiadas (CONAREs) y equivalentes en las Am\u00e9ricas, en la Ciudad de <a href=\"https:\/\/twitter.com\/hashtag\/Panam%C3%A1?src=hash&amp;ref_src=twsrc%5Etfw\">#Panam\u00e1<\/a>.<a href=\"https:\/\/twitter.com\/hashtag\/MIRPS?src=hash&amp;ref_src=twsrc%5Etfw\">#MIRPS<\/a> <a href=\"https:\/\/t.co\/PdISdpDUgv\">pic.twitter.com\/PdISdpDUgv<\/a><\/pee>&mdash; Comisi\u00f3n Mexicana de Ayuda a Refugiados (@comar_sg) <a href=\"https:\/\/twitter.com\/comar_sg\/status\/1972787237336260652?ref_src=twsrc%5Etfw\">September 29, 2025<\/a><\/p><\/blockquote>\n<p> <script async src=\"https:\/\/platform.twitter.com\/widgets.js\" charset=\"utf-8\"><\/script>[\/et_pb_code][\/et_pb_column][et_pb_column _builder_version=&#8221;4.27.4&#8243; _module_preset=&#8221;default&#8221; type=&#8221;1_4&#8243;][et_pb_code _builder_version=&#8221;4.27.4&#8243; _module_preset=&#8221;default&#8221; hover_enabled=&#8221;0&#8243; sticky_enabled=&#8221;0&#8243;]<\/p>\n<blockquote class=\"twitter-tweet\"><pee lang=\"es\" dir=\"ltr\">Panam\u00e1 fue sede de la II Reuni\u00f3n T\u00e9cnica de CONAREs y sus equivalentes en las Am\u00e9ricas, con delegados de 17 pa\u00edses y organismos internacionales, para debatir sobre protecci\u00f3n internacional y gesti\u00f3n de solicitudes de refugio. <a href=\"https:\/\/t.co\/4Fwh2HIN3h\">pic.twitter.com\/4Fwh2HIN3h<\/a><\/pee>&mdash; Canciller\u00eda de Panam\u00e1 (@CancilleriaPma) <a href=\"https:\/\/twitter.com\/CancilleriaPma\/status\/1971336677244404198?ref_src=twsrc%5Etfw\">September 25, 2025<\/a><\/p><\/blockquote>\n<p> <script async src=\"https:\/\/platform.twitter.com\/widgets.js\" charset=\"utf-8\"><\/script>[\/et_pb_code][\/et_pb_column][et_pb_column _builder_version=&#8221;4.27.4&#8243; _module_preset=&#8221;default&#8221; type=&#8221;1_4&#8243;][et_pb_code _builder_version=&#8221;4.27.4&#8243; _module_preset=&#8221;default&#8221; hover_enabled=&#8221;0&#8243; sticky_enabled=&#8221;0&#8243;]<\/p>\n<blockquote class=\"twitter-tweet\"><pee lang=\"es\" dir=\"ltr\">El encuentro permiti\u00f3 intercambiar experiencias, avanzar en el uso de tecnolog\u00edas, cooperaci\u00f3n regional y dise\u00f1o de un Plan 2026, con apoyo de ACNUR, OIM y OEA, y fortalecer las capacidades en materia de asilo en la regi\u00f3n. <a href=\"https:\/\/t.co\/JOcjakDLQX\">pic.twitter.com\/JOcjakDLQX<\/a><\/pee>&mdash; Canciller\u00eda de Panam\u00e1 (@CancilleriaPma) <a href=\"https:\/\/twitter.com\/CancilleriaPma\/status\/1971336686752960998?ref_src=twsrc%5Etfw\">September 25, 2025<\/a><\/p><\/blockquote>\n<p> <script async src=\"https:\/\/platform.twitter.com\/widgets.js\" charset=\"utf-8\"><\/script>[\/et_pb_code][\/et_pb_column][et_pb_column _builder_version=&#8221;4.27.4&#8243; _module_preset=&#8221;default&#8221; type=&#8221;1_4&#8243;][et_pb_code _builder_version=&#8221;4.27.4&#8243; _module_preset=&#8221;default&#8221; hover_enabled=&#8221;0&#8243; sticky_enabled=&#8221;0&#8243;]<\/p>\n<blockquote class=\"twitter-tweet\"><pee lang=\"es\" dir=\"ltr\">\ud83d\udce2Bajo el eje de asilo y protecci\u00f3n internacional se realizar\u00e1 la II Reuni\u00f3n T\u00e9cnica de CONAREs e instituciones equivalentes de la regi\u00f3n.<!\u2013- [et_pb_br_holder] -\u2013><!\u2013- [et_pb_br_holder] -\u2013>\u2705Te contamos m\u00e1s sobre los objetivos de esta reuni\u00f3n en favor de las personas desplazadas y con necesidad de protecci\u00f3n internacional\ud83e\udec2\ud83c\udfe0 <a href=\"https:\/\/t.co\/Qguke4vGOF\">pic.twitter.com\/Qguke4vGOF<\/a><\/pee>&mdash; Proceso de Quito (@ProcesoQ) <a href=\"https:\/\/twitter.com\/ProcesoQ\/status\/1970563534464680248?ref_src=twsrc%5Etfw\">September 23, 2025<\/a><\/p><\/blockquote>\n<p> <script async src=\"https:\/\/platform.twitter.com\/widgets.js\" charset=\"utf-8\"><\/script>[\/et_pb_code][\/et_pb_column][\/et_pb_row][\/et_pb_section]<\/p>\n","protected":false},"excerpt":{"rendered":"<p>Second Regional Technical Meeting of National Refugee Commissions (CONAREs) and Equivalent Bodies in the Americas24 &amp; 25 September, 2025The Second Regional Technical Meeting of the National Commissions for Refugees (CONAREs) and equivalent bodies in the Americas was held on September 24\u201325, 2025, in Panama City, convened by the Pro-Tempore Presidencies of the Quito Process (Ecuador) [&hellip;]<\/p>\n","protected":false},"author":6,"featured_media":0,"parent":56997,"menu_order":0,"comment_status":"closed","ping_status":"closed","template":"","meta":{"_acf_changed":false,"_et_pb_use_builder":"on","_et_pb_old_content":"","_et_gb_content_width":"","footnotes":""},"class_list":["post-62941","page","type-page","status-publish","hentry"],"acf":[],"yoast_head":"<!-- This site is optimized with the Yoast SEO plugin v27.3 - https:\/\/yoast.com\/product\/yoast-seo-wordpress\/ -->\n<title>Regional Meeting of CONAREs - MIRPS<\/title>\n<meta name=\"description\" content=\"Second Regional Technical Meeting of CONAREs in Panama: States of the Americas strengthen asylum and protection systems for refugees.\" \/>\n<meta name=\"robots\" content=\"index, follow, max-snippet:-1, max-image-preview:large, max-video-preview:-1\" \/>\n<link rel=\"canonical\" href=\"https:\/\/mirps-platform.org\/recursos\/eventos\/reunion-tecnica-con-conares\/\" \/>\n<meta property=\"og:locale\" content=\"en_US\" \/>\n<meta property=\"og:type\" content=\"article\" \/>\n<meta property=\"og:title\" content=\"Regional Meeting of CONAREs - MIRPS\" \/>\n<meta property=\"og:description\" content=\"Second Regional Technical Meeting of CONAREs in Panama: States of the Americas strengthen asylum and protection systems for refugees.\" \/>\n<meta property=\"og:url\" content=\"https:\/\/mirps-platform.org\/recursos\/eventos\/reunion-tecnica-con-conares\/\" \/>\n<meta property=\"og:site_name\" content=\"MIRPS\" \/>\n<meta property=\"article:modified_time\" content=\"2025-10-01T20:58:25+00:00\" \/>\n<meta name=\"twitter:card\" content=\"summary_large_image\" \/>\n<meta name=\"twitter:label1\" content=\"Est. reading time\" \/>\n\t<meta name=\"twitter:data1\" content=\"4 minutes\" \/>\n<script type=\"application\/ld+json\" class=\"yoast-schema-graph\">{\"@context\":\"https:\\\/\\\/schema.org\",\"@graph\":[{\"@type\":\"WebPage\",\"@id\":\"https:\\\/\\\/mirps-platform.org\\\/recursos\\\/eventos\\\/reunion-tecnica-con-conares\\\/\",\"url\":\"https:\\\/\\\/mirps-platform.org\\\/recursos\\\/eventos\\\/reunion-tecnica-con-conares\\\/\",\"name\":\"Regional Meeting of CONAREs - MIRPS\",\"isPartOf\":{\"@id\":\"https:\\\/\\\/mirps-platform.org\\\/#website\"},\"datePublished\":\"2025-10-01T20:58:23+00:00\",\"dateModified\":\"2025-10-01T20:58:25+00:00\",\"description\":\"Second Regional Technical Meeting of CONAREs in Panama: States of the Americas strengthen asylum and protection systems for refugees.\",\"breadcrumb\":{\"@id\":\"https:\\\/\\\/mirps-platform.org\\\/recursos\\\/eventos\\\/reunion-tecnica-con-conares\\\/#breadcrumb\"},\"inLanguage\":\"en-US\",\"potentialAction\":[{\"@type\":\"ReadAction\",\"target\":[\"https:\\\/\\\/mirps-platform.org\\\/recursos\\\/eventos\\\/reunion-tecnica-con-conares\\\/\"]}]},{\"@type\":\"BreadcrumbList\",\"@id\":\"https:\\\/\\\/mirps-platform.org\\\/recursos\\\/eventos\\\/reunion-tecnica-con-conares\\\/#breadcrumb\",\"itemListElement\":[{\"@type\":\"ListItem\",\"position\":1,\"name\":\"Home\",\"item\":\"https:\\\/\\\/mirps-platform.org\\\/en\\\/\"},{\"@type\":\"ListItem\",\"position\":2,\"name\":\"Resources\",\"item\":\"https:\\\/\\\/mirps-platform.org\\\/en\\\/resources\\\/\"},{\"@type\":\"ListItem\",\"position\":3,\"name\":\"Events\",\"item\":\"https:\\\/\\\/mirps-platform.org\\\/recursos\\\/eventos\\\/\"},{\"@type\":\"ListItem\",\"position\":4,\"name\":\"Regional Meeting of CONAREs\"}]},{\"@type\":\"WebSite\",\"@id\":\"https:\\\/\\\/mirps-platform.org\\\/#website\",\"url\":\"https:\\\/\\\/mirps-platform.org\\\/\",\"name\":\"MIRPS\",\"description\":\"Comprehensive Regional Protection and Solutions Framework\",\"potentialAction\":[{\"@type\":\"SearchAction\",\"target\":{\"@type\":\"EntryPoint\",\"urlTemplate\":\"https:\\\/\\\/mirps-platform.org\\\/?s={search_term_string}\"},\"query-input\":{\"@type\":\"PropertyValueSpecification\",\"valueRequired\":true,\"valueName\":\"search_term_string\"}}],\"inLanguage\":\"en-US\"}]}<\/script>\n<!-- \/ Yoast SEO plugin. -->","yoast_head_json":{"title":"Regional Meeting of CONAREs - MIRPS","description":"Second Regional Technical Meeting of CONAREs in Panama: States of the Americas strengthen asylum and protection systems for refugees.","robots":{"index":"index","follow":"follow","max-snippet":"max-snippet:-1","max-image-preview":"max-image-preview:large","max-video-preview":"max-video-preview:-1"},"canonical":"https:\/\/mirps-platform.org\/recursos\/eventos\/reunion-tecnica-con-conares\/","og_locale":"en_US","og_type":"article","og_title":"Regional Meeting of CONAREs - MIRPS","og_description":"Second Regional Technical Meeting of CONAREs in Panama: States of the Americas strengthen asylum and protection systems for refugees.","og_url":"https:\/\/mirps-platform.org\/recursos\/eventos\/reunion-tecnica-con-conares\/","og_site_name":"MIRPS","article_modified_time":"2025-10-01T20:58:25+00:00","twitter_card":"summary_large_image","twitter_misc":{"Est. reading time":"4 minutes"},"schema":{"@context":"https:\/\/schema.org","@graph":[{"@type":"WebPage","@id":"https:\/\/mirps-platform.org\/recursos\/eventos\/reunion-tecnica-con-conares\/","url":"https:\/\/mirps-platform.org\/recursos\/eventos\/reunion-tecnica-con-conares\/","name":"Regional Meeting of CONAREs - MIRPS","isPartOf":{"@id":"https:\/\/mirps-platform.org\/#website"},"datePublished":"2025-10-01T20:58:23+00:00","dateModified":"2025-10-01T20:58:25+00:00","description":"Second Regional Technical Meeting of CONAREs in Panama: States of the Americas strengthen asylum and protection systems for refugees.","breadcrumb":{"@id":"https:\/\/mirps-platform.org\/recursos\/eventos\/reunion-tecnica-con-conares\/#breadcrumb"},"inLanguage":"en-US","potentialAction":[{"@type":"ReadAction","target":["https:\/\/mirps-platform.org\/recursos\/eventos\/reunion-tecnica-con-conares\/"]}]},{"@type":"BreadcrumbList","@id":"https:\/\/mirps-platform.org\/recursos\/eventos\/reunion-tecnica-con-conares\/#breadcrumb","itemListElement":[{"@type":"ListItem","position":1,"name":"Home","item":"https:\/\/mirps-platform.org\/en\/"},{"@type":"ListItem","position":2,"name":"Resources","item":"https:\/\/mirps-platform.org\/en\/resources\/"},{"@type":"ListItem","position":3,"name":"Events","item":"https:\/\/mirps-platform.org\/recursos\/eventos\/"},{"@type":"ListItem","position":4,"name":"Regional Meeting of CONAREs"}]},{"@type":"WebSite","@id":"https:\/\/mirps-platform.org\/#website","url":"https:\/\/mirps-platform.org\/","name":"MIRPS","description":"Comprehensive Regional Protection and Solutions Framework","potentialAction":[{"@type":"SearchAction","target":{"@type":"EntryPoint","urlTemplate":"https:\/\/mirps-platform.org\/?s={search_term_string}"},"query-input":{"@type":"PropertyValueSpecification","valueRequired":true,"valueName":"search_term_string"}}],"inLanguage":"en-US"}]}},"_links":{"self":[{"href":"https:\/\/mirps-platform.org\/en\/wp-json\/wp\/v2\/pages\/62941","targetHints":{"allow":["GET"]}}],"collection":[{"href":"https:\/\/mirps-platform.org\/en\/wp-json\/wp\/v2\/pages"}],"about":[{"href":"https:\/\/mirps-platform.org\/en\/wp-json\/wp\/v2\/types\/page"}],"author":[{"embeddable":true,"href":"https:\/\/mirps-platform.org\/en\/wp-json\/wp\/v2\/users\/6"}],"replies":[{"embeddable":true,"href":"https:\/\/mirps-platform.org\/en\/wp-json\/wp\/v2\/comments?post=62941"}],"version-history":[{"count":7,"href":"https:\/\/mirps-platform.org\/en\/wp-json\/wp\/v2\/pages\/62941\/revisions"}],"predecessor-version":[{"id":63001,"href":"https:\/\/mirps-platform.org\/en\/wp-json\/wp\/v2\/pages\/62941\/revisions\/63001"}],"up":[{"embeddable":true,"href":"https:\/\/mirps-platform.org\/en\/wp-json\/wp\/v2\/pages\/56997"}],"wp:attachment":[{"href":"https:\/\/mirps-platform.org\/en\/wp-json\/wp\/v2\/media?parent=62941"}],"curies":[{"name":"wp","href":"https:\/\/api.w.org\/{rel}","templated":true}]}}