{"id":62806,"date":"2025-09-10T15:21:32","date_gmt":"2025-09-10T15:21:32","guid":{"rendered":"https:\/\/mirps-platform.org\/?page_id=62806"},"modified":"2025-09-11T16:59:58","modified_gmt":"2025-09-11T16:59:58","slug":"session-on-statistical-inclusion","status":"publish","type":"page","link":"https:\/\/mirps-platform.org\/en\/resources\/events\/session-on-statistical-inclusion\/","title":{"rendered":"Session on statistical inclusion"},"content":{"rendered":"<p>[et_pb_section fb_built=&#8221;1&#8243; _builder_version=&#8221;4.16&#8243; _module_preset=&#8221;default&#8221; global_colors_info=&#8221;{}&#8221;][et_pb_row _builder_version=&#8221;4.16&#8243; _module_preset=&#8221;default&#8221; global_colors_info=&#8221;{}&#8221;][et_pb_column type=&#8221;4_4&#8243; _builder_version=&#8221;4.16&#8243; _module_preset=&#8221;default&#8221; global_colors_info=&#8221;{}&#8221;][et_pb_text _builder_version=&#8221;4.16&#8243; _module_preset=&#8221;default&#8221; text_font=&#8221;|700|||||||&#8221; text_text_color=&#8221;#000000&#8243; text_font_size=&#8221;45px&#8221; text_line_height=&#8221;1.2em&#8221; header_font=&#8221;|700|||||||&#8221; header_text_align=&#8221;center&#8221; header_font_size=&#8221;29px&#8221; header_line_height=&#8221;1.4em&#8221; header_2_font_size=&#8221;31px&#8221; header_2_line_height=&#8221;1.4em&#8221; text_orientation=&#8221;center&#8221; width=&#8221;79.7%&#8221; custom_margin=&#8221;|||137px|false|false&#8221; custom_padding=&#8221;|0px||0px||&#8221; global_colors_info=&#8221;{}&#8221;]<\/p>\n<p>Virtual Session on Statistical Inclusion of Refugees, Asylum-Seekers, Internally Displaced Persons, Returnees with Protection Needs, and Stateless Persons<\/p>\n<p>[\/et_pb_text][et_pb_text _builder_version=&#8221;4.27.4&#8243; _module_preset=&#8221;default&#8221; text_font=&#8221;||on||||||&#8221; text_text_color=&#8221;#000000&#8243; global_colors_info=&#8221;{}&#8221;]<\/p>\n<p>11\u00a0 September, 2025<\/p>\n<p>[\/et_pb_text][\/et_pb_column][\/et_pb_row][et_pb_row column_structure=&#8221;1_2,1_2&#8243; make_equal=&#8221;on&#8221; _builder_version=&#8221;4.16&#8243; _module_preset=&#8221;default&#8221; custom_margin=&#8221;-32px||30px||false|false&#8221; custom_padding=&#8221;||||false|false&#8221; global_colors_info=&#8221;{}&#8221;][et_pb_column type=&#8221;1_2&#8243; _builder_version=&#8221;4.16&#8243; _module_preset=&#8221;default&#8221; global_colors_info=&#8221;{}&#8221;][et_pb_image src=&#8221;https:\/\/mirps-platform.org\/wp-content\/uploads\/2025\/09\/Invitacion-sesion-incl-estadistica-ENG.png&#8221; title_text=&#8221;Invitaci\u00f3n sesi\u00f3n incl estadistica ENG&#8221; _builder_version=&#8221;4.27.4&#8243; _module_preset=&#8221;default&#8221; global_colors_info=&#8221;{}&#8221;][\/et_pb_image][\/et_pb_column][et_pb_column type=&#8221;1_2&#8243; _builder_version=&#8221;4.16&#8243; _module_preset=&#8221;default&#8221; background_color=&#8221;RGBA(0,0,0,0)&#8221; global_colors_info=&#8221;{}&#8221;][et_pb_text _builder_version=&#8221;4.24.0&#8243; _module_preset=&#8221;default&#8221; text_text_color=&#8221;#000000&#8243; text_font_size=&#8221;19px&#8221; text_line_height=&#8221;1.9em&#8221; custom_padding=&#8221;||0px|||&#8221; global_colors_info=&#8221;{}&#8221;]<\/p>\n<p>The inclusion of displaced persons in national censuses and surveys is a fundamental condition for generating reliable, comparable, and disaggregated socio-economic data. This information is key for the design, implementation, and monitoring of public policies and programs that promote the well-being, inclusion, and protection of these populations.<\/p>\n<p>In the context of the Comprehensive Regional Protection and Solutions Framework (MIRPS), Member States have made concrete commitments related to the collection and use of displacement data, as part of efforts to strengthen national protection systems and advance durable solutions.<\/p>\n<p>[\/et_pb_text][\/et_pb_column][\/et_pb_row][et_pb_row column_structure=&#8221;1_3,1_3,1_3&#8243; make_equal=&#8221;on&#8221; _builder_version=&#8221;4.27.4&#8243; _module_preset=&#8221;default&#8221; global_colors_info=&#8221;{}&#8221;][et_pb_column type=&#8221;1_3&#8243; _builder_version=&#8221;4.16&#8243; _module_preset=&#8221;default&#8221; global_colors_info=&#8221;{}&#8221;][et_pb_image src=&#8221;https:\/\/mirpsplatform.org\/wp-content\/uploads\/2022\/01\/noun-note-3205751-AF2C27.png&#8221; title_text=&#8221;Note&#8221; url=&#8221;https:\/\/mirps-platform.org\/wp-content\/uploads\/2025\/09\/Nota-Conceptual-Sesion-virtual-MIRPS-sobre-inclusion-estadistica-ENG.pdf&#8221; url_new_window=&#8221;on&#8221; align=&#8221;center&#8221; _builder_version=&#8221;4.27.4&#8243; _module_preset=&#8221;default&#8221; module_alignment=&#8221;center&#8221; max_height=&#8221;100px&#8221; global_colors_info=&#8221;{}&#8221;][\/et_pb_image][et_pb_text _builder_version=&#8221;4.27.4&#8243; _module_preset=&#8221;default&#8221; link_option_url=&#8221;https:\/\/mirps-platform.org\/wp-content\/uploads\/2025\/09\/Nota-Conceptual-Sesion-virtual-MIRPS-sobre-inclusion-estadistica-ENG.pdf&#8221; link_option_url_new_window=&#8221;on&#8221; global_colors_info=&#8221;{}&#8221;]<\/p>\n<h4 style=\"text-align: center;\">Concept note<\/h4>\n<p>[\/et_pb_text][\/et_pb_column][et_pb_column type=&#8221;1_3&#8243; _builder_version=&#8221;4.16&#8243; _module_preset=&#8221;default&#8221; global_colors_info=&#8221;{}&#8221;][et_pb_image src=&#8221;https:\/\/mirps-platform.org\/wp-content\/uploads\/2022\/01\/noun-speaker-3762731-AF2C27.png&#8221; title_text=&#8221;noun-speaker-3762731-AF2C27&#8243; url=&#8221;https:\/\/mirps-platform.org\/wp-content\/uploads\/2025\/09\/Agenda-Sesion-virtual-MIRPS-sobre-inclusion-estadistica-ENG.pdf&#8221; url_new_window=&#8221;on&#8221; align=&#8221;center&#8221; _builder_version=&#8221;4.27.4&#8243; _module_preset=&#8221;default&#8221; max_height=&#8221;100px&#8221; global_colors_info=&#8221;{}&#8221;][\/et_pb_image][et_pb_text _builder_version=&#8221;4.27.4&#8243; _module_preset=&#8221;default&#8221; link_option_url=&#8221;https:\/\/mirps-platform.org\/wp-content\/uploads\/2025\/09\/Agenda-Sesion-virtual-MIRPS-sobre-inclusion-estadistica-ENG.pdf&#8221; link_option_url_new_window=&#8221;on&#8221; global_colors_info=&#8221;{}&#8221;]<\/p>\n<h4 style=\"text-align: center;\">Agenda<\/h4>\n<p>[\/et_pb_text][\/et_pb_column][et_pb_column type=&#8221;1_3&#8243; _builder_version=&#8221;4.16&#8243; _module_preset=&#8221;default&#8221; global_colors_info=&#8221;{}&#8221;][\/et_pb_column][\/et_pb_row][et_pb_row _builder_version=&#8221;4.16&#8243; _module_preset=&#8221;default&#8221; custom_margin=&#8221;||||false|false&#8221; global_colors_info=&#8221;{}&#8221;][et_pb_column type=&#8221;4_4&#8243; _builder_version=&#8221;4.16&#8243; _module_preset=&#8221;default&#8221; global_colors_info=&#8221;{}&#8221;][et_pb_divider _builder_version=&#8221;4.16&#8243; _module_preset=&#8221;default&#8221; global_colors_info=&#8221;{}&#8221;][\/et_pb_divider][\/et_pb_column][\/et_pb_row][et_pb_row _builder_version=&#8221;4.16&#8243; _module_preset=&#8221;default&#8221; min_height=&#8221;14px&#8221; custom_margin=&#8221;||-27px||false|false&#8221; custom_padding=&#8221;2px|||||&#8221; global_colors_info=&#8221;{}&#8221;][et_pb_column type=&#8221;4_4&#8243; _builder_version=&#8221;4.16&#8243; _module_preset=&#8221;default&#8221; global_colors_info=&#8221;{}&#8221;][et_pb_text _builder_version=&#8221;4.27.4&#8243; _module_preset=&#8221;default&#8221; global_colors_info=&#8221;{}&#8221;]<\/p>\n<h3 style=\"text-align: center;\">Expected results of the event<\/h3>\n<p>[\/et_pb_text][\/et_pb_column][\/et_pb_row][et_pb_row _builder_version=&#8221;4.16&#8243; _module_preset=&#8221;default&#8221; background_enable_color=&#8221;off&#8221; custom_margin=&#8221;||||false|false&#8221; global_colors_info=&#8221;{}&#8221;][et_pb_column type=&#8221;4_4&#8243; _builder_version=&#8221;4.16&#8243; _module_preset=&#8221;default&#8221; global_colors_info=&#8221;{}&#8221;][et_pb_image src=&#8221;https:\/\/mirps-platform.org\/wp-content\/uploads\/2025\/09\/Sesion-sobre-inclusion-estadistica-obj-26.png&#8221; title_text=&#8221;Sesi\u00f3n sobre inclusi\u00f3n estad\u00edstica obj-26&#8243; align=&#8221;center&#8221; _builder_version=&#8221;4.27.4&#8243; _module_preset=&#8221;default&#8221; max_height=&#8221;400px&#8221; global_colors_info=&#8221;{}&#8221;][\/et_pb_image][\/et_pb_column][\/et_pb_row][et_pb_row _builder_version=&#8221;4.16&#8243; _module_preset=&#8221;default&#8221; min_height=&#8221;14px&#8221; custom_margin=&#8221;||-27px||false|false&#8221; custom_padding=&#8221;2px|||||&#8221; global_colors_info=&#8221;{}&#8221;][et_pb_column type=&#8221;4_4&#8243; _builder_version=&#8221;4.16&#8243; _module_preset=&#8221;default&#8221; global_colors_info=&#8221;{}&#8221;][et_pb_text _builder_version=&#8221;4.27.4&#8243; _module_preset=&#8221;default&#8221; hover_enabled=&#8221;0&#8243; global_colors_info=&#8221;{}&#8221; sticky_enabled=&#8221;0&#8243;]<\/p>\n<h3 style=\"text-align: center;\">Pledge on Statistical Inclusion at the 2023 Global Refugee Forum<\/h3>\n<p>[\/et_pb_text][\/et_pb_column][\/et_pb_row][et_pb_row _builder_version=&#8221;4.16&#8243; _module_preset=&#8221;default&#8221; background_enable_color=&#8221;off&#8221; custom_margin=&#8221;||||false|false&#8221; global_colors_info=&#8221;{}&#8221;][et_pb_column type=&#8221;4_4&#8243; _builder_version=&#8221;4.16&#8243; _module_preset=&#8221;default&#8221; global_colors_info=&#8221;{}&#8221;][et_pb_image src=&#8221;https:\/\/mirps-platform.org\/wp-content\/uploads\/2025\/09\/GRF-pledges-28.png&#8221; title_text=&#8221;GRF pledges-28&#8243; align=&#8221;center&#8221; _builder_version=&#8221;4.27.4&#8243; _module_preset=&#8221;default&#8221; max_height=&#8221;400px&#8221; hover_enabled=&#8221;0&#8243; global_colors_info=&#8221;{}&#8221; sticky_enabled=&#8221;0&#8243;][\/et_pb_image][et_pb_button button_text=&#8221;Read all MIRPS pledges&#8221; _builder_version=&#8221;4.27.4&#8243; _module_preset=&#8221;default&#8221; button_alignment=&#8221;center&#8221; button_url=&#8221;https:\/\/mirps-platform.org\/wp-content\/uploads\/2023\/12\/MIRPS-pledges-at-the-GRF-1.pdf&#8221; url_new_window=&#8221;on&#8221; hover_enabled=&#8221;0&#8243; sticky_enabled=&#8221;0&#8243;][\/et_pb_button][et_pb_button button_text=&#8221;More information on the GRF site&#8221; _builder_version=&#8221;4.27.4&#8243; _module_preset=&#8221;default&#8221; button_alignment=&#8221;center&#8221; button_url=&#8221;https:\/\/globalcompactrefugees.org\/multi-stakeholder-pledge-mirps-strengthening-asylum-systems-integration-local-governance-and&#8221; url_new_window=&#8221;on&#8221; hover_enabled=&#8221;0&#8243; sticky_enabled=&#8221;0&#8243;][\/et_pb_button][\/et_pb_column][\/et_pb_row][\/et_pb_section]<\/p>\n","protected":false},"excerpt":{"rendered":"<p>Virtual Session on Statistical Inclusion of Refugees, Asylum-Seekers, Internally Displaced Persons, Returnees with Protection Needs, and Stateless Persons11\u00a0 September, 2025The inclusion of displaced persons in national censuses and surveys is a fundamental condition for generating reliable, comparable, and disaggregated socio-economic data. This information is key for the design, implementation, and monitoring of public policies and [&hellip;]<\/p>\n","protected":false},"author":6,"featured_media":0,"parent":56997,"menu_order":0,"comment_status":"closed","ping_status":"closed","template":"","meta":{"_acf_changed":false,"_et_pb_use_builder":"on","_et_pb_old_content":"","_et_gb_content_width":"","footnotes":""},"class_list":["post-62806","page","type-page","status-publish","hentry"],"acf":[],"yoast_head":"<!-- This site is optimized with the Yoast SEO plugin v27.3 - https:\/\/yoast.com\/product\/yoast-seo-wordpress\/ -->\n<title>Session on statistical inclusion - MIRPS<\/title>\n<meta name=\"description\" content=\"Session with local governments, civil society organizations, and refugee-led organizations on initiatives for labor integration.\" \/>\n<meta name=\"robots\" content=\"index, follow, max-snippet:-1, max-image-preview:large, max-video-preview:-1\" \/>\n<link rel=\"canonical\" href=\"https:\/\/mirps-platform.org\/recursos\/eventos\/sesion-sobre-inclusion-estadistica\/\" \/>\n<meta property=\"og:locale\" content=\"en_US\" \/>\n<meta property=\"og:type\" content=\"article\" \/>\n<meta property=\"og:title\" content=\"Session on statistical inclusion - MIRPS\" \/>\n<meta property=\"og:description\" content=\"Session with local governments, civil society organizations, and refugee-led organizations on initiatives for labor integration.\" \/>\n<meta property=\"og:url\" content=\"https:\/\/mirps-platform.org\/recursos\/eventos\/sesion-sobre-inclusion-estadistica\/\" \/>\n<meta property=\"og:site_name\" content=\"MIRPS\" \/>\n<meta property=\"article:modified_time\" content=\"2025-09-11T16:59:58+00:00\" \/>\n<meta name=\"twitter:card\" content=\"summary_large_image\" \/>\n<meta name=\"twitter:label1\" content=\"Est. reading time\" \/>\n\t<meta name=\"twitter:data1\" content=\"2 minutes\" \/>\n<script type=\"application\/ld+json\" class=\"yoast-schema-graph\">{\"@context\":\"https:\\\/\\\/schema.org\",\"@graph\":[{\"@type\":\"WebPage\",\"@id\":\"https:\\\/\\\/mirps-platform.org\\\/recursos\\\/eventos\\\/sesion-sobre-inclusion-estadistica\\\/\",\"url\":\"https:\\\/\\\/mirps-platform.org\\\/recursos\\\/eventos\\\/sesion-sobre-inclusion-estadistica\\\/\",\"name\":\"Session on statistical inclusion - MIRPS\",\"isPartOf\":{\"@id\":\"https:\\\/\\\/mirps-platform.org\\\/#website\"},\"datePublished\":\"2025-09-10T15:21:32+00:00\",\"dateModified\":\"2025-09-11T16:59:58+00:00\",\"description\":\"Session with local governments, civil society organizations, and refugee-led organizations on initiatives for labor integration.\",\"breadcrumb\":{\"@id\":\"https:\\\/\\\/mirps-platform.org\\\/recursos\\\/eventos\\\/sesion-sobre-inclusion-estadistica\\\/#breadcrumb\"},\"inLanguage\":\"en-US\",\"potentialAction\":[{\"@type\":\"ReadAction\",\"target\":[\"https:\\\/\\\/mirps-platform.org\\\/recursos\\\/eventos\\\/sesion-sobre-inclusion-estadistica\\\/\"]}]},{\"@type\":\"BreadcrumbList\",\"@id\":\"https:\\\/\\\/mirps-platform.org\\\/recursos\\\/eventos\\\/sesion-sobre-inclusion-estadistica\\\/#breadcrumb\",\"itemListElement\":[{\"@type\":\"ListItem\",\"position\":1,\"name\":\"Home\",\"item\":\"https:\\\/\\\/mirps-platform.org\\\/en\\\/\"},{\"@type\":\"ListItem\",\"position\":2,\"name\":\"Resources\",\"item\":\"https:\\\/\\\/mirps-platform.org\\\/en\\\/resources\\\/\"},{\"@type\":\"ListItem\",\"position\":3,\"name\":\"Events\",\"item\":\"https:\\\/\\\/mirps-platform.org\\\/recursos\\\/eventos\\\/\"},{\"@type\":\"ListItem\",\"position\":4,\"name\":\"Session on statistical inclusion\"}]},{\"@type\":\"WebSite\",\"@id\":\"https:\\\/\\\/mirps-platform.org\\\/#website\",\"url\":\"https:\\\/\\\/mirps-platform.org\\\/\",\"name\":\"MIRPS\",\"description\":\"Comprehensive Regional Protection and Solutions Framework\",\"potentialAction\":[{\"@type\":\"SearchAction\",\"target\":{\"@type\":\"EntryPoint\",\"urlTemplate\":\"https:\\\/\\\/mirps-platform.org\\\/?s={search_term_string}\"},\"query-input\":{\"@type\":\"PropertyValueSpecification\",\"valueRequired\":true,\"valueName\":\"search_term_string\"}}],\"inLanguage\":\"en-US\"}]}<\/script>\n<!-- \/ Yoast SEO plugin. -->","yoast_head_json":{"title":"Session on statistical inclusion - MIRPS","description":"Session with local governments, civil society organizations, and refugee-led organizations on initiatives for labor integration.","robots":{"index":"index","follow":"follow","max-snippet":"max-snippet:-1","max-image-preview":"max-image-preview:large","max-video-preview":"max-video-preview:-1"},"canonical":"https:\/\/mirps-platform.org\/recursos\/eventos\/sesion-sobre-inclusion-estadistica\/","og_locale":"en_US","og_type":"article","og_title":"Session on statistical inclusion - MIRPS","og_description":"Session with local governments, civil society organizations, and refugee-led organizations on initiatives for labor integration.","og_url":"https:\/\/mirps-platform.org\/recursos\/eventos\/sesion-sobre-inclusion-estadistica\/","og_site_name":"MIRPS","article_modified_time":"2025-09-11T16:59:58+00:00","twitter_card":"summary_large_image","twitter_misc":{"Est. reading time":"2 minutes"},"schema":{"@context":"https:\/\/schema.org","@graph":[{"@type":"WebPage","@id":"https:\/\/mirps-platform.org\/recursos\/eventos\/sesion-sobre-inclusion-estadistica\/","url":"https:\/\/mirps-platform.org\/recursos\/eventos\/sesion-sobre-inclusion-estadistica\/","name":"Session on statistical inclusion - MIRPS","isPartOf":{"@id":"https:\/\/mirps-platform.org\/#website"},"datePublished":"2025-09-10T15:21:32+00:00","dateModified":"2025-09-11T16:59:58+00:00","description":"Session with local governments, civil society organizations, and refugee-led organizations on initiatives for labor integration.","breadcrumb":{"@id":"https:\/\/mirps-platform.org\/recursos\/eventos\/sesion-sobre-inclusion-estadistica\/#breadcrumb"},"inLanguage":"en-US","potentialAction":[{"@type":"ReadAction","target":["https:\/\/mirps-platform.org\/recursos\/eventos\/sesion-sobre-inclusion-estadistica\/"]}]},{"@type":"BreadcrumbList","@id":"https:\/\/mirps-platform.org\/recursos\/eventos\/sesion-sobre-inclusion-estadistica\/#breadcrumb","itemListElement":[{"@type":"ListItem","position":1,"name":"Home","item":"https:\/\/mirps-platform.org\/en\/"},{"@type":"ListItem","position":2,"name":"Resources","item":"https:\/\/mirps-platform.org\/en\/resources\/"},{"@type":"ListItem","position":3,"name":"Events","item":"https:\/\/mirps-platform.org\/recursos\/eventos\/"},{"@type":"ListItem","position":4,"name":"Session on statistical inclusion"}]},{"@type":"WebSite","@id":"https:\/\/mirps-platform.org\/#website","url":"https:\/\/mirps-platform.org\/","name":"MIRPS","description":"Comprehensive Regional Protection and Solutions Framework","potentialAction":[{"@type":"SearchAction","target":{"@type":"EntryPoint","urlTemplate":"https:\/\/mirps-platform.org\/?s={search_term_string}"},"query-input":{"@type":"PropertyValueSpecification","valueRequired":true,"valueName":"search_term_string"}}],"inLanguage":"en-US"}]}},"_links":{"self":[{"href":"https:\/\/mirps-platform.org\/en\/wp-json\/wp\/v2\/pages\/62806","targetHints":{"allow":["GET"]}}],"collection":[{"href":"https:\/\/mirps-platform.org\/en\/wp-json\/wp\/v2\/pages"}],"about":[{"href":"https:\/\/mirps-platform.org\/en\/wp-json\/wp\/v2\/types\/page"}],"author":[{"embeddable":true,"href":"https:\/\/mirps-platform.org\/en\/wp-json\/wp\/v2\/users\/6"}],"replies":[{"embeddable":true,"href":"https:\/\/mirps-platform.org\/en\/wp-json\/wp\/v2\/comments?post=62806"}],"version-history":[{"count":6,"href":"https:\/\/mirps-platform.org\/en\/wp-json\/wp\/v2\/pages\/62806\/revisions"}],"predecessor-version":[{"id":62863,"href":"https:\/\/mirps-platform.org\/en\/wp-json\/wp\/v2\/pages\/62806\/revisions\/62863"}],"up":[{"embeddable":true,"href":"https:\/\/mirps-platform.org\/en\/wp-json\/wp\/v2\/pages\/56997"}],"wp:attachment":[{"href":"https:\/\/mirps-platform.org\/en\/wp-json\/wp\/v2\/media?parent=62806"}],"curies":[{"name":"wp","href":"https:\/\/api.w.org\/{rel}","templated":true}]}}