{"id":61645,"date":"2024-10-23T21:21:47","date_gmt":"2024-10-23T21:21:47","guid":{"rendered":"https:\/\/mirps-platform.org\/?page_id=61645"},"modified":"2024-10-23T21:21:48","modified_gmt":"2024-10-23T21:21:48","slug":"technical-meeting-on-asylum","status":"publish","type":"page","link":"https:\/\/mirps-platform.org\/en\/resources\/events\/technical-meeting-on-asylum\/","title":{"rendered":"Technical meeting on asylum"},"content":{"rendered":"<p>[et_pb_section fb_built=&#8221;1&#8243; _builder_version=&#8221;4.16&#8243; _module_preset=&#8221;default&#8221; global_colors_info=&#8221;{}&#8221;][et_pb_row _builder_version=&#8221;4.16&#8243; _module_preset=&#8221;default&#8221; global_colors_info=&#8221;{}&#8221;][et_pb_column type=&#8221;4_4&#8243; _builder_version=&#8221;4.16&#8243; _module_preset=&#8221;default&#8221; global_colors_info=&#8221;{}&#8221;][et_pb_text _builder_version=&#8221;4.27.2&#8243; _module_preset=&#8221;default&#8221; text_font=&#8221;|700|||||||&#8221; text_text_color=&#8221;#000000&#8243; text_font_size=&#8221;45px&#8221; text_line_height=&#8221;1.2em&#8221; header_font=&#8221;|700|||||||&#8221; header_text_align=&#8221;center&#8221; header_font_size=&#8221;29px&#8221; header_line_height=&#8221;1.4em&#8221; header_2_font_size=&#8221;31px&#8221; header_2_line_height=&#8221;1.4em&#8221; text_orientation=&#8221;center&#8221; width=&#8221;93.4%&#8221; custom_margin=&#8221;|||72px|false|false&#8221; global_colors_info=&#8221;{}&#8221;]<\/p>\n<p>Technical meeting on asylum with the National Commissions for Refugees (CONAREs) and their equivalents in the Americas<\/p>\n<p>[\/et_pb_text][et_pb_text _builder_version=&#8221;4.27.2&#8243; _module_preset=&#8221;default&#8221; text_font=&#8221;||on||||||&#8221; text_text_color=&#8221;#000000&#8243; global_colors_info=&#8221;{}&#8221;]<\/p>\n<p>October 15 and 16, 2024<\/p>\n<p>[\/et_pb_text][\/et_pb_column][\/et_pb_row][et_pb_row column_structure=&#8221;1_2,1_2&#8243; make_equal=&#8221;on&#8221; _builder_version=&#8221;4.16&#8243; _module_preset=&#8221;default&#8221; custom_margin=&#8221;-32px||30px||false|false&#8221; custom_padding=&#8221;||||false|false&#8221; global_colors_info=&#8221;{}&#8221;][et_pb_column type=&#8221;1_2&#8243; _builder_version=&#8221;4.16&#8243; _module_preset=&#8221;default&#8221; global_colors_info=&#8221;{}&#8221;][et_pb_image src=&#8221;https:\/\/mirps-platform.org\/wp-content\/uploads\/2024\/10\/REU-ASILO-ENG.jpg&#8221; title_text=&#8221;REU ASILO ENG&#8221; _builder_version=&#8221;4.27.2&#8243; _module_preset=&#8221;default&#8221; hover_enabled=&#8221;0&#8243; global_colors_info=&#8221;{}&#8221; sticky_enabled=&#8221;0&#8243;][\/et_pb_image][\/et_pb_column][et_pb_column type=&#8221;1_2&#8243; _builder_version=&#8221;4.16&#8243; _module_preset=&#8221;default&#8221; background_color=&#8221;RGBA(0,0,0,0)&#8221; global_colors_info=&#8221;{}&#8221;][et_pb_text _builder_version=&#8221;4.24.0&#8243; _module_preset=&#8221;default&#8221; text_text_color=&#8221;#000000&#8243; text_font_size=&#8221;19px&#8221; text_line_height=&#8221;1.9em&#8221; custom_padding=&#8221;||0px|||&#8221; global_colors_info=&#8221;{}&#8221;]<\/p>\n<p>The Technical Meeting with the National Commissions for Refugees (CONAREs) and their equivalents in the Americas was held on October 15 and 16 in Panama City.<\/p>\n<p>This event represented the joint efforts of the government of Costa Rica, as 2024 Pro-tempore Presidency of the Quito Process, and the government of Belize, as 2024 MIRPS Pro-tempore Presidency. In coordination with the Government of Panama as host of the event, and in technical coordination with the Governments of Brazil and Mexico as thematic leaders in asylum systems for the Quito Process and the MIRPS.<\/p>\n<p>[\/et_pb_text][\/et_pb_column][\/et_pb_row][et_pb_row column_structure=&#8221;1_4,1_4,1_4,1_4&#8243; make_equal=&#8221;on&#8221; _builder_version=&#8221;4.25.0&#8243; _module_preset=&#8221;default&#8221; global_colors_info=&#8221;{}&#8221;][et_pb_column type=&#8221;1_4&#8243; _builder_version=&#8221;4.16&#8243; _module_preset=&#8221;default&#8221; global_colors_info=&#8221;{}&#8221;][et_pb_image src=&#8221;https:\/\/mirps-platform.org\/wp-content\/uploads\/2024\/05\/noun-report-41400567.png&#8221; title_text=&#8221;noun-report-41400567&#8243; url=&#8221;https:\/\/mirps-platform.org\/wp-content\/uploads\/2024\/10\/ENG-Draft-agenda-Technical-Meeting-on-Asylum-Quito-Process-and-MIRPS-v_18.09.2024.pdf&#8221; url_new_window=&#8221;on&#8221; align=&#8221;center&#8221; _builder_version=&#8221;4.27.2&#8243; _module_preset=&#8221;default&#8221; max_height=&#8221;100px&#8221; global_colors_info=&#8221;{}&#8221;][\/et_pb_image][et_pb_text _builder_version=&#8221;4.27.2&#8243; _module_preset=&#8221;default&#8221; link_option_url=&#8221;https:\/\/mirps-platform.org\/wp-content\/uploads\/2024\/10\/ENG-Draft-agenda-Technical-Meeting-on-Asylum-Quito-Process-and-MIRPS-v_18.09.2024.pdf&#8221; link_option_url_new_window=&#8221;on&#8221; global_colors_info=&#8221;{}&#8221;]<\/p>\n<h4 style=\"text-align: center;\">Agenda<\/h4>\n<p>[\/et_pb_text][\/et_pb_column][et_pb_column type=&#8221;1_4&#8243; _builder_version=&#8221;4.16&#8243; _module_preset=&#8221;default&#8221; global_colors_info=&#8221;{}&#8221;][et_pb_image src=&#8221;https:\/\/mirps-platform.org\/wp-content\/uploads\/2022\/01\/noun-document-1912420-AF2C27.png&#8221; title_text=&#8221;Press Release&#8221; url=&#8221;https:\/\/www.rree.go.cr\/?sec=servicios&#038;cat=prensa&#038;cont=593&#038;id=7999&#8243; url_new_window=&#8221;on&#8221; align=&#8221;center&#8221; _builder_version=&#8221;4.27.2&#8243; _module_preset=&#8221;default&#8221; module_alignment=&#8221;center&#8221; max_height=&#8221;116px&#8221; custom_margin=&#8221;-13px||||false|false&#8221; global_colors_info=&#8221;{}&#8221;][\/et_pb_image][et_pb_text _builder_version=&#8221;4.27.2&#8243; _module_preset=&#8221;default&#8221; link_option_url=&#8221;https:\/\/www.rree.go.cr\/?sec=servicios&#038;cat=prensa&#038;cont=593&#038;id=7999&#8243; link_option_url_new_window=&#8221;on&#8221; global_colors_info=&#8221;{}&#8221;]<\/p>\n<h4 style=\"text-align: center;\">Press Release<\/h4>\n<p>[\/et_pb_text][\/et_pb_column][et_pb_column type=&#8221;1_4&#8243; _builder_version=&#8221;4.16&#8243; _module_preset=&#8221;default&#8221; global_colors_info=&#8221;{}&#8221;][et_pb_image src=&#8221;https:\/\/mirps-platform.org\/wp-content\/uploads\/2022\/01\/noun-speaker-3762731-AF2C27.png&#8221; title_text=&#8221;noun-speaker-3762731-AF2C27&#8243; url=&#8221;https:\/\/mirps-platform.org\/wp-content\/uploads\/2024\/10\/Lista-de-participantes-evento-de-asilo-Quito-MIRPS-11.10.24.pdf&#8221; url_new_window=&#8221;on&#8221; align=&#8221;center&#8221; _builder_version=&#8221;4.27.2&#8243; _module_preset=&#8221;default&#8221; max_height=&#8221;100px&#8221; global_colors_info=&#8221;{}&#8221;][\/et_pb_image][et_pb_text _builder_version=&#8221;4.27.2&#8243; _module_preset=&#8221;default&#8221; link_option_url=&#8221;https:\/\/mirps-platform.org\/wp-content\/uploads\/2024\/10\/Lista-de-participantes-evento-de-asilo-Quito-MIRPS-11.10.24.pdf&#8221; link_option_url_new_window=&#8221;on&#8221; global_colors_info=&#8221;{}&#8221;]<\/p>\n<h4 style=\"text-align: center;\">List of participants<\/h4>\n<p>[\/et_pb_text][\/et_pb_column][et_pb_column type=&#8221;1_4&#8243; _builder_version=&#8221;4.16&#8243; _module_preset=&#8221;default&#8221; global_colors_info=&#8221;{}&#8221;][et_pb_image src=&#8221;https:\/\/mirps-platform.org\/wp-content\/uploads\/2022\/01\/noun-note-3205751-AF2C27.png&#8221; title_text=&#8221;Note&#8221; url_new_window=&#8221;on&#8221; align=&#8221;center&#8221; _builder_version=&#8221;4.27.2&#8243; _module_preset=&#8221;default&#8221; max_height=&#8221;100px&#8221; global_colors_info=&#8221;{}&#8221;][\/et_pb_image][et_pb_text _builder_version=&#8221;4.27.2&#8243; _module_preset=&#8221;default&#8221; link_option_url_new_window=&#8221;on&#8221; global_colors_info=&#8221;{}&#8221;]<\/p>\n<h4 style=\"text-align: center;\">Final report<\/h4>\n<p>[\/et_pb_text][\/et_pb_column][\/et_pb_row][et_pb_row _builder_version=&#8221;4.16&#8243; _module_preset=&#8221;default&#8221; custom_margin=&#8221;||||false|false&#8221; global_colors_info=&#8221;{}&#8221;][et_pb_column type=&#8221;4_4&#8243; _builder_version=&#8221;4.16&#8243; _module_preset=&#8221;default&#8221; global_colors_info=&#8221;{}&#8221;][et_pb_divider _builder_version=&#8221;4.16&#8243; _module_preset=&#8221;default&#8221; global_colors_info=&#8221;{}&#8221;][\/et_pb_divider][\/et_pb_column][\/et_pb_row][et_pb_row _builder_version=&#8221;4.27.2&#8243; _module_preset=&#8221;default&#8221; background_enable_color=&#8221;off&#8221; custom_margin=&#8221;||||false|false&#8221; global_colors_info=&#8221;{}&#8221;][et_pb_column type=&#8221;4_4&#8243; _builder_version=&#8221;4.16&#8243; _module_preset=&#8221;default&#8221; global_colors_info=&#8221;{}&#8221;][et_pb_gallery gallery_ids=&#8221;61667,61661,61663,61665,61659,61669,61671,61673&#8243; _builder_version=&#8221;4.27.2&#8243; _module_preset=&#8221;default&#8221; global_colors_info=&#8221;{}&#8221;][\/et_pb_gallery][\/et_pb_column][\/et_pb_row][et_pb_row _builder_version=&#8221;4.16&#8243; _module_preset=&#8221;default&#8221; custom_margin=&#8221;|auto|-40px|auto|false|false&#8221; global_colors_info=&#8221;{}&#8221;][et_pb_column type=&#8221;4_4&#8243; _builder_version=&#8221;4.16&#8243; _module_preset=&#8221;default&#8221; global_colors_info=&#8221;{}&#8221;][et_pb_divider _builder_version=&#8221;4.16&#8243; _module_preset=&#8221;default&#8221; global_colors_info=&#8221;{}&#8221;][\/et_pb_divider][\/et_pb_column][\/et_pb_row][et_pb_row _builder_version=&#8221;4.16&#8243; _module_preset=&#8221;default&#8221; custom_margin=&#8221;||-27px||false|false&#8221; global_colors_info=&#8221;{}&#8221;][et_pb_column type=&#8221;4_4&#8243; _builder_version=&#8221;4.16&#8243; _module_preset=&#8221;default&#8221; global_colors_info=&#8221;{}&#8221;][et_pb_text _builder_version=&#8221;4.16&#8243; _module_preset=&#8221;default&#8221; global_colors_info=&#8221;{}&#8221;]<\/p>\n<h3 style=\"text-align: center;\">The event in Social Media: Featured Content<\/h3>\n<p>[\/et_pb_text][\/et_pb_column][\/et_pb_row][et_pb_row column_structure=&#8221;1_5,1_5,1_5,1_5,1_5&#8243; _builder_version=&#8221;4.24.0&#8243; _module_preset=&#8221;default&#8221; global_colors_info=&#8221;{}&#8221;][et_pb_column type=&#8221;1_5&#8243; _builder_version=&#8221;4.24.0&#8243; _module_preset=&#8221;default&#8221; global_colors_info=&#8221;{}&#8221;][et_pb_code _builder_version=&#8221;4.27.2&#8243; _module_preset=&#8221;default&#8221; global_colors_info=&#8221;{}&#8221;]<\/p>\n<blockquote class=\"twitter-tweet\"><p><!-- [et_pb_line_break_holder] --><pee dir=\"ltr\" lang=\"es\">El viceministro Alejandro Solano actual Presidencia del <a href=\"https:\/\/twitter.com\/hashtag\/ProcesodeQuito?src=hash&#038;ref_src=twsrc%5Etfw\">#ProcesodeQuito<\/a>, inaugur\u00f3 la Reuni\u00f3n T\u00e9cnica con las Comisiones Nacionales para Refugiados y sus Equivalentes en las Am\u00e9ricas conjuntamente con Nikolai Zelaya, Presidencia del <a href=\"https:\/\/twitter.com\/hashtag\/MIRPS?src=hash&#038;ref_src=twsrc%5Etfw\">#MIRPS<\/a>, en el marco del Cap\u00edtulo de San Jos\u00e9. <a href=\"https:\/\/t.co\/W5ln6uxfhS\">pic.twitter.com\/W5ln6uxfhS<\/a><\/pee><!-- [et_pb_line_break_holder] -->\u2014 Canciller\u00eda Costa Rica \ud83c\udde8\ud83c\uddf7 (@CRcancilleria) <a href=\"https:\/\/twitter.com\/CRcancilleria\/status\/1846226328032317554?ref_src=twsrc%5Etfw\">October 15, 2024<\/a><\/p><\/blockquote>\n<p><!-- [et_pb_line_break_holder] --><pee><script async src=\"https:\/\/platform.twitter.com\/widgets.js\" charset=\"utf-8\"><\/script><\/pee>[\/et_pb_code][\/et_pb_column][et_pb_column type=&#8221;1_5&#8243; _builder_version=&#8221;4.24.0&#8243; _module_preset=&#8221;default&#8221; global_colors_info=&#8221;{}&#8221;][et_pb_code _builder_version=&#8221;4.27.2&#8243; _module_preset=&#8221;default&#8221; global_colors_info=&#8221;{}&#8221;]<\/p>\n<blockquote class=\"twitter-tweet\"><p><!-- [et_pb_line_break_holder] --><pee dir=\"ltr\" lang=\"es\">Inici\u00f3 la tercera reuni\u00f3n presencial del Cap\u00edtulo de San Jos\u00e9 bajo el liderazgo de la <a href=\"https:\/\/twitter.com\/CRcancilleria?ref_src=twsrc%5Etfw\">@CRcancilleria<\/a> y de Belice sobre el fortalecimiento de los sistemas de asilo. Es la primera reuni\u00f3n conjunta entre el <a href=\"https:\/\/twitter.com\/hashtag\/ProcesodeQuito?src=hash&#038;ref_src=twsrc%5Etfw\">#ProcesodeQuito<\/a> y el <a href=\"https:\/\/twitter.com\/hashtag\/MIRPS?src=hash&#038;ref_src=twsrc%5Etfw\">#MIRPS<\/a> promoviendo su articulaci\u00f3n <a href=\"https:\/\/t.co\/d2mOJtkZ8T\">https:\/\/t.co\/d2mOJtkZ8T<\/a><\/pee><!-- [et_pb_line_break_holder] -->\u2014 Proceso de Quito (@ProcesoQ) <a href=\"https:\/\/twitter.com\/ProcesoQ\/status\/1846232473283580044?ref_src=twsrc%5Etfw\">October 15, 2024<\/a><\/p><\/blockquote>\n<p><!-- [et_pb_line_break_holder] --><pee><script async src=\"https:\/\/platform.twitter.com\/widgets.js\" charset=\"utf-8\"><\/script><\/pee>[\/et_pb_code][\/et_pb_column][et_pb_column type=&#8221;1_5&#8243; _builder_version=&#8221;4.24.0&#8243; _module_preset=&#8221;default&#8221; global_colors_info=&#8221;{}&#8221;][et_pb_code _builder_version=&#8221;4.27.2&#8243; _module_preset=&#8221;default&#8221; global_colors_info=&#8221;{}&#8221;]<\/p>\n<blockquote class=\"twitter-tweet\"><p><!-- [et_pb_line_break_holder] --><pee dir=\"ltr\" lang=\"es\">Desde ACNUR agradecemos a los 17 Estados miembros del Proceso de Quito y MIRPS por su cooperaci\u00f3n para buscar fortalecer los sistemas de protecci\u00f3n para personas solicitantes y refugiadas en la regi\u00f3n. <!\u2013- [et_pb_br_holder] -\u2013>Gracias Belice \ud83c\udde7\ud83c\uddff, <a href=\"https:\/\/twitter.com\/CRcancilleria?ref_src=twsrc%5Etfw\">@CRcancilleria<\/a> \ud83c\udde8\ud83c\uddf7, y <a href=\"https:\/\/twitter.com\/CancilleriaPma?ref_src=twsrc%5Etfw\">@CancilleriaPma<\/a> \ud83c\uddf5\ud83c\udde6 por liderarlo.<\/pee><!-- [et_pb_line_break_holder] -->\u2014 Juan Carlos Murillo (@Juanca_MurilloG) <a href=\"https:\/\/twitter.com\/Juanca_MurilloG\/status\/1847215611635458194?ref_src=twsrc%5Etfw\">October 18, 2024<\/a><\/p><\/blockquote>\n<p><!-- [et_pb_line_break_holder] --><pee><script async src=\"https:\/\/platform.twitter.com\/widgets.js\" charset=\"utf-8\"><\/script><\/pee>[\/et_pb_code][\/et_pb_column][et_pb_column type=&#8221;1_5&#8243; _builder_version=&#8221;4.24.0&#8243; _module_preset=&#8221;default&#8221; global_colors_info=&#8221;{}&#8221;][et_pb_code _builder_version=&#8221;4.27.2&#8243; _module_preset=&#8221;default&#8221; global_colors_info=&#8221;{}&#8221;]<\/p>\n<blockquote class=\"twitter-tweet\"><p><!-- [et_pb_line_break_holder] --><pee dir=\"ltr\" lang=\"es\">Como Secretar\u00eda T\u00e9cnica del <a href=\"https:\/\/twitter.com\/hashtag\/MIRPS?src=hash&#038;ref_src=twsrc%5Etfw\">#MIRPS<\/a>, <a href=\"https:\/\/twitter.com\/OEA_Inclusion?ref_src=twsrc%5Etfw\">@OEA_Inclusion<\/a> est\u00e1 presente en la 1era reuni\u00f3n conjunta entre el <a href=\"https:\/\/twitter.com\/ProcesoQ?ref_src=twsrc%5Etfw\">@ProcesoQ<\/a> y el <a href=\"https:\/\/twitter.com\/hashtag\/MIRPS?src=hash&#038;ref_src=twsrc%5Etfw\">#MIRPS<\/a>, bajo el liderazgo de Costa Rica \ud83c\udde8\ud83c\uddf7y Belice\ud83c\udde7\ud83c\uddff <a href=\"https:\/\/t.co\/WhZJKNSLfs\">pic.twitter.com\/WhZJKNSLfs<\/a><\/pee><!-- [et_pb_line_break_holder] -->\u2014 OEA \u2013 Inclusi\u00f3n (@OEA_Inclusion) <a href=\"https:\/\/twitter.com\/OEA_Inclusion\/status\/1846684908921516065?ref_src=twsrc%5Etfw\">October 16, 2024<\/a><\/p><\/blockquote>\n<p><!-- [et_pb_line_break_holder] --><pee><script async src=\"https:\/\/platform.twitter.com\/widgets.js\" charset=\"utf-8\"><\/script><\/pee>[\/et_pb_code][\/et_pb_column][et_pb_column type=&#8221;1_5&#8243; _builder_version=&#8221;4.24.0&#8243; _module_preset=&#8221;default&#8221; global_colors_info=&#8221;{}&#8221;][et_pb_code _builder_version=&#8221;4.27.2&#8243; _module_preset=&#8221;default&#8221; global_colors_info=&#8221;{}&#8221;]<\/p>\n<blockquote class=\"twitter-tweet\"><p><!-- [et_pb_line_break_holder] --><pee dir=\"ltr\" lang=\"es\">Celebramos la organizaci\u00f3n de esta Reuni\u00f3n T\u00e9cnica de Comisiones de Refugiados de la Regi\u00f3n organizado de forma conjunta <a href=\"https:\/\/twitter.com\/hashtag\/MIRPS?src=hash&#038;ref_src=twsrc%5Etfw\">#MIRPS<\/a> y Proceso de Quito.<!\u2013- [et_pb_br_holder] -\u2013><!\u2013- [et_pb_br_holder] -\u2013>\ud83d\udd39Estas son las acciones de no duplicaci\u00f3n que requieren los retos migratorios y de desplazamiento forzado hoy en d\u00eda. <a href=\"https:\/\/t.co\/Ix3nciBfyc\">https:\/\/t.co\/Ix3nciBfyc<\/a><\/pee><!-- [et_pb_line_break_holder] -->\u2014 Betilde Mu\u00f1oz-Pogossian (@BeticaMunozPogo) <a href=\"https:\/\/twitter.com\/BeticaMunozPogo\/status\/1846684451281002559?ref_src=twsrc%5Etfw\">October 16, 2024<\/a><\/p><\/blockquote>\n<p><!-- [et_pb_line_break_holder] --><pee><script async src=\"https:\/\/platform.twitter.com\/widgets.js\" charset=\"utf-8\"><\/script><\/pee>[\/et_pb_code][\/et_pb_column][\/et_pb_row][\/et_pb_section]<\/p>\n","protected":false},"excerpt":{"rendered":"<p>Technical meeting on asylum with the National Commissions for Refugees (CONAREs) and their equivalents in the AmericasOctober 15 and 16, 2024The Technical Meeting with the National Commissions for Refugees (CONAREs) and their equivalents in the Americas was held on October 15 and 16 in Panama City. This event represented the joint efforts of the government [&hellip;]<\/p>\n","protected":false},"author":6,"featured_media":0,"parent":56997,"menu_order":0,"comment_status":"closed","ping_status":"closed","template":"","meta":{"_acf_changed":false,"_et_pb_use_builder":"on","_et_pb_old_content":"","_et_gb_content_width":"","footnotes":""},"class_list":["post-61645","page","type-page","status-publish","hentry"],"acf":[],"yoast_head":"<!-- This site is optimized with the Yoast SEO plugin v27.3 - https:\/\/yoast.com\/product\/yoast-seo-wordpress\/ -->\n<title>Technical meeting on asylum - MIRPS<\/title>\n<meta name=\"description\" content=\"The technical meeting on asylum brought together the National Commissions for Refugees (CONAREs) and their equivalents in the Americas.\" \/>\n<meta name=\"robots\" content=\"index, follow, max-snippet:-1, max-image-preview:large, max-video-preview:-1\" \/>\n<link rel=\"canonical\" href=\"https:\/\/mirps-platform.org\/recursos\/eventos\/reunion-tecnica-sobre-asilo\/\" \/>\n<meta property=\"og:locale\" content=\"en_US\" \/>\n<meta property=\"og:type\" content=\"article\" \/>\n<meta property=\"og:title\" content=\"Technical meeting on asylum - MIRPS\" \/>\n<meta property=\"og:description\" content=\"The technical meeting on asylum brought together the National Commissions for Refugees (CONAREs) and their equivalents in the Americas.\" \/>\n<meta property=\"og:url\" content=\"https:\/\/mirps-platform.org\/recursos\/eventos\/reunion-tecnica-sobre-asilo\/\" \/>\n<meta property=\"og:site_name\" content=\"MIRPS\" \/>\n<meta property=\"article:modified_time\" content=\"2024-10-23T21:21:48+00:00\" \/>\n<meta name=\"twitter:card\" content=\"summary_large_image\" \/>\n<meta name=\"twitter:label1\" content=\"Est. reading time\" \/>\n\t<meta name=\"twitter:data1\" content=\"4 minutes\" \/>\n<script type=\"application\/ld+json\" class=\"yoast-schema-graph\">{\"@context\":\"https:\\\/\\\/schema.org\",\"@graph\":[{\"@type\":\"WebPage\",\"@id\":\"https:\\\/\\\/mirps-platform.org\\\/recursos\\\/eventos\\\/reunion-tecnica-sobre-asilo\\\/\",\"url\":\"https:\\\/\\\/mirps-platform.org\\\/recursos\\\/eventos\\\/reunion-tecnica-sobre-asilo\\\/\",\"name\":\"Technical meeting on asylum - MIRPS\",\"isPartOf\":{\"@id\":\"https:\\\/\\\/mirps-platform.org\\\/#website\"},\"datePublished\":\"2024-10-23T21:21:47+00:00\",\"dateModified\":\"2024-10-23T21:21:48+00:00\",\"description\":\"The technical meeting on asylum brought together the National Commissions for Refugees (CONAREs) and their equivalents in the Americas.\",\"breadcrumb\":{\"@id\":\"https:\\\/\\\/mirps-platform.org\\\/recursos\\\/eventos\\\/reunion-tecnica-sobre-asilo\\\/#breadcrumb\"},\"inLanguage\":\"en-US\",\"potentialAction\":[{\"@type\":\"ReadAction\",\"target\":[\"https:\\\/\\\/mirps-platform.org\\\/recursos\\\/eventos\\\/reunion-tecnica-sobre-asilo\\\/\"]}]},{\"@type\":\"BreadcrumbList\",\"@id\":\"https:\\\/\\\/mirps-platform.org\\\/recursos\\\/eventos\\\/reunion-tecnica-sobre-asilo\\\/#breadcrumb\",\"itemListElement\":[{\"@type\":\"ListItem\",\"position\":1,\"name\":\"Home\",\"item\":\"https:\\\/\\\/mirps-platform.org\\\/en\\\/\"},{\"@type\":\"ListItem\",\"position\":2,\"name\":\"Resources\",\"item\":\"https:\\\/\\\/mirps-platform.org\\\/en\\\/resources\\\/\"},{\"@type\":\"ListItem\",\"position\":3,\"name\":\"Events\",\"item\":\"https:\\\/\\\/mirps-platform.org\\\/recursos\\\/eventos\\\/\"},{\"@type\":\"ListItem\",\"position\":4,\"name\":\"Technical meeting on asylum\"}]},{\"@type\":\"WebSite\",\"@id\":\"https:\\\/\\\/mirps-platform.org\\\/#website\",\"url\":\"https:\\\/\\\/mirps-platform.org\\\/\",\"name\":\"MIRPS\",\"description\":\"Comprehensive Regional Protection and Solutions Framework\",\"potentialAction\":[{\"@type\":\"SearchAction\",\"target\":{\"@type\":\"EntryPoint\",\"urlTemplate\":\"https:\\\/\\\/mirps-platform.org\\\/?s={search_term_string}\"},\"query-input\":{\"@type\":\"PropertyValueSpecification\",\"valueRequired\":true,\"valueName\":\"search_term_string\"}}],\"inLanguage\":\"en-US\"}]}<\/script>\n<!-- \/ Yoast SEO plugin. -->","yoast_head_json":{"title":"Technical meeting on asylum - MIRPS","description":"The technical meeting on asylum brought together the National Commissions for Refugees (CONAREs) and their equivalents in the Americas.","robots":{"index":"index","follow":"follow","max-snippet":"max-snippet:-1","max-image-preview":"max-image-preview:large","max-video-preview":"max-video-preview:-1"},"canonical":"https:\/\/mirps-platform.org\/recursos\/eventos\/reunion-tecnica-sobre-asilo\/","og_locale":"en_US","og_type":"article","og_title":"Technical meeting on asylum - MIRPS","og_description":"The technical meeting on asylum brought together the National Commissions for Refugees (CONAREs) and their equivalents in the Americas.","og_url":"https:\/\/mirps-platform.org\/recursos\/eventos\/reunion-tecnica-sobre-asilo\/","og_site_name":"MIRPS","article_modified_time":"2024-10-23T21:21:48+00:00","twitter_card":"summary_large_image","twitter_misc":{"Est. reading time":"4 minutes"},"schema":{"@context":"https:\/\/schema.org","@graph":[{"@type":"WebPage","@id":"https:\/\/mirps-platform.org\/recursos\/eventos\/reunion-tecnica-sobre-asilo\/","url":"https:\/\/mirps-platform.org\/recursos\/eventos\/reunion-tecnica-sobre-asilo\/","name":"Technical meeting on asylum - MIRPS","isPartOf":{"@id":"https:\/\/mirps-platform.org\/#website"},"datePublished":"2024-10-23T21:21:47+00:00","dateModified":"2024-10-23T21:21:48+00:00","description":"The technical meeting on asylum brought together the National Commissions for Refugees (CONAREs) and their equivalents in the Americas.","breadcrumb":{"@id":"https:\/\/mirps-platform.org\/recursos\/eventos\/reunion-tecnica-sobre-asilo\/#breadcrumb"},"inLanguage":"en-US","potentialAction":[{"@type":"ReadAction","target":["https:\/\/mirps-platform.org\/recursos\/eventos\/reunion-tecnica-sobre-asilo\/"]}]},{"@type":"BreadcrumbList","@id":"https:\/\/mirps-platform.org\/recursos\/eventos\/reunion-tecnica-sobre-asilo\/#breadcrumb","itemListElement":[{"@type":"ListItem","position":1,"name":"Home","item":"https:\/\/mirps-platform.org\/en\/"},{"@type":"ListItem","position":2,"name":"Resources","item":"https:\/\/mirps-platform.org\/en\/resources\/"},{"@type":"ListItem","position":3,"name":"Events","item":"https:\/\/mirps-platform.org\/recursos\/eventos\/"},{"@type":"ListItem","position":4,"name":"Technical meeting on asylum"}]},{"@type":"WebSite","@id":"https:\/\/mirps-platform.org\/#website","url":"https:\/\/mirps-platform.org\/","name":"MIRPS","description":"Comprehensive Regional Protection and Solutions Framework","potentialAction":[{"@type":"SearchAction","target":{"@type":"EntryPoint","urlTemplate":"https:\/\/mirps-platform.org\/?s={search_term_string}"},"query-input":{"@type":"PropertyValueSpecification","valueRequired":true,"valueName":"search_term_string"}}],"inLanguage":"en-US"}]}},"_links":{"self":[{"href":"https:\/\/mirps-platform.org\/en\/wp-json\/wp\/v2\/pages\/61645","targetHints":{"allow":["GET"]}}],"collection":[{"href":"https:\/\/mirps-platform.org\/en\/wp-json\/wp\/v2\/pages"}],"about":[{"href":"https:\/\/mirps-platform.org\/en\/wp-json\/wp\/v2\/types\/page"}],"author":[{"embeddable":true,"href":"https:\/\/mirps-platform.org\/en\/wp-json\/wp\/v2\/users\/6"}],"replies":[{"embeddable":true,"href":"https:\/\/mirps-platform.org\/en\/wp-json\/wp\/v2\/comments?post=61645"}],"version-history":[{"count":9,"href":"https:\/\/mirps-platform.org\/en\/wp-json\/wp\/v2\/pages\/61645\/revisions"}],"predecessor-version":[{"id":61692,"href":"https:\/\/mirps-platform.org\/en\/wp-json\/wp\/v2\/pages\/61645\/revisions\/61692"}],"up":[{"embeddable":true,"href":"https:\/\/mirps-platform.org\/en\/wp-json\/wp\/v2\/pages\/56997"}],"wp:attachment":[{"href":"https:\/\/mirps-platform.org\/en\/wp-json\/wp\/v2\/media?parent=61645"}],"curies":[{"name":"wp","href":"https:\/\/api.w.org\/{rel}","templated":true}]}}