{"id":61215,"date":"2024-03-04T19:25:08","date_gmt":"2024-03-04T19:25:08","guid":{"rendered":"https:\/\/mirps-platform.org\/?page_id=61215"},"modified":"2024-03-04T19:25:09","modified_gmt":"2024-03-04T19:25:09","slug":"inter-institutional-roundtables-on-refuge","status":"publish","type":"page","link":"https:\/\/mirps-platform.org\/en\/resources\/good-practices\/inter-institutional-roundtables-on-refuge\/","title":{"rendered":"Inter-institutional Roundtables on Refuge"},"content":{"rendered":"<p>[et_pb_section fb_built=&#8221;1&#8243; fullwidth=&#8221;on&#8221; _builder_version=&#8221;4.21.0&#8243; _module_preset=&#8221;default&#8221; global_colors_info=&#8221;{}&#8221;][et_pb_fullwidth_image src=&#8221;https:\/\/mirps-platform.org\/wp-content\/uploads\/2024\/03\/RF1273976_2407_NFR_C_2023_03_03_copia1-scaled.jpg&#8221; title_text=&#8221;RF1273976_2407_NFR_C_2023_03_03_copia1&#8243; _builder_version=&#8221;4.24.2&#8243; _module_preset=&#8221;default&#8221; max_height=&#8221;500px&#8221; hover_enabled=&#8221;0&#8243; global_colors_info=&#8221;{}&#8221; sticky_enabled=&#8221;0&#8243;][\/et_pb_fullwidth_image][\/et_pb_section][et_pb_section fb_built=&#8221;1&#8243; _builder_version=&#8221;4.16&#8243; _module_preset=&#8221;default&#8221; custom_padding=&#8221;0px||58px|||&#8221; global_colors_info=&#8221;{}&#8221;][et_pb_row _builder_version=&#8221;4.16&#8243; _module_preset=&#8221;default&#8221; global_colors_info=&#8221;{}&#8221;][et_pb_column type=&#8221;4_4&#8243; _builder_version=&#8221;4.16&#8243; _module_preset=&#8221;default&#8221; global_colors_info=&#8221;{}&#8221;][et_pb_text _builder_version=&#8221;4.16&#8243; _module_preset=&#8221;default&#8221; text_font=&#8221;|700|||||||&#8221; text_text_color=&#8221;#000000&#8243; text_font_size=&#8221;45px&#8221; text_line_height=&#8221;1.2em&#8221; header_font=&#8221;|700|||||||&#8221; header_text_align=&#8221;center&#8221; header_font_size=&#8221;29px&#8221; header_line_height=&#8221;1.4em&#8221; header_2_font_size=&#8221;31px&#8221; header_2_line_height=&#8221;1.4em&#8221; text_orientation=&#8221;center&#8221; width=&#8221;96.2%&#8221; custom_margin=&#8221;|-252px||26px|false|false&#8221; custom_padding=&#8221;|40px||0px||&#8221; global_colors_info=&#8221;{}&#8221;]<\/p>\n<p>Inter-institutional Roundtables on Refuge and Complementary Protection<\/p>\n<p>[\/et_pb_text][\/et_pb_column][\/et_pb_row][et_pb_row _builder_version=&#8221;4.21.0&#8243; _module_preset=&#8221;default&#8221; global_colors_info=&#8221;{}&#8221;][et_pb_column type=&#8221;4_4&#8243; _builder_version=&#8221;4.21.0&#8243; _module_preset=&#8221;default&#8221; global_colors_info=&#8221;{}&#8221;][et_pb_text _builder_version=&#8221;4.21.0&#8243; _module_preset=&#8221;default&#8221; text_text_color=&#8221;#000000&#8243; text_font_size=&#8221;19px&#8221; text_line_height=&#8221;1.9em&#8221; custom_padding=&#8221;||0px|||&#8221; global_colors_info=&#8221;{}&#8221;]<\/p>\n<p>The main objective of the Inter-institutional Roundtable on Refuge and Complementary Protection is to identify the gaps faced by people in need of international protection at the federal level. The roundtables are made up of federal agencies, civil society organizations and international organizations. Four thematic roundtables have been organized: labor inclusion, educational inclusion, identity and documentation, and access to health services.<\/p>\n<p>This exercise is replicated at the state and municipal levels, in the areas of health, education, employment, and identity and documentation, with the aim of ensuring the integration of the population in need of international protection into local communities.<\/p>\n<p>[\/et_pb_text][\/et_pb_column][\/et_pb_row][et_pb_row _builder_version=&#8221;4.16&#8243; _module_preset=&#8221;default&#8221; custom_margin=&#8221;||||false|false&#8221; custom_padding=&#8221;0px||3px|||&#8221; global_colors_info=&#8221;{}&#8221;][et_pb_column type=&#8221;4_4&#8243; _builder_version=&#8221;4.16&#8243; _module_preset=&#8221;default&#8221; global_colors_info=&#8221;{}&#8221;][et_pb_divider _builder_version=&#8221;4.16&#8243; _module_preset=&#8221;default&#8221; global_colors_info=&#8221;{}&#8221;][\/et_pb_divider][\/et_pb_column][\/et_pb_row][et_pb_row column_structure=&#8221;1_2,1_2&#8243; make_equal=&#8221;on&#8221; _builder_version=&#8221;4.21.0&#8243; _module_preset=&#8221;default&#8221; min_height=&#8221;121.6px&#8221; custom_padding=&#8221;||6px|||&#8221; animation_style=&#8221;fade&#8221; global_colors_info=&#8221;{}&#8221;][et_pb_column type=&#8221;1_2&#8243; _builder_version=&#8221;4.16&#8243; _module_preset=&#8221;default&#8221; global_colors_info=&#8221;{}&#8221;][et_pb_blurb title=&#8221;Location&#8221; image=&#8221;https:\/\/mirps-platform.org\/wp-content\/uploads\/2023\/06\/Icons-good-practices-MIRPS-03.png&#8221; icon_placement=&#8221;left&#8221; _builder_version=&#8221;4.24.2&#8243; _module_preset=&#8221;default&#8221; header_font_size=&#8221;30px&#8221; hover_enabled=&#8221;0&#8243; global_colors_info=&#8221;{}&#8221; sticky_enabled=&#8221;0&#8243;]<\/p>\n<p>Mexico (at Federal, State and Municipal levels)<\/p>\n<p>[\/et_pb_blurb][\/et_pb_column][et_pb_column type=&#8221;1_2&#8243; _builder_version=&#8221;4.16&#8243; _module_preset=&#8221;default&#8221; global_colors_info=&#8221;{}&#8221;][et_pb_blurb title=&#8221;Duration&#8221; image=&#8221;https:\/\/mirps-platform.org\/wp-content\/uploads\/2023\/06\/Icons-good-practices-MIRPS-02.png&#8221; icon_placement=&#8221;left&#8221; _builder_version=&#8221;4.21.0&#8243; _module_preset=&#8221;default&#8221; header_font_size=&#8221;30px&#8221; global_colors_info=&#8221;{}&#8221;]<\/p>\n<p>Since July 4, 2019 andh as been in session at the federal, state and municipal levels.<\/p>\n<p>[\/et_pb_blurb][\/et_pb_column][\/et_pb_row][et_pb_row column_structure=&#8221;1_2,1_2&#8243; make_equal=&#8221;on&#8221; _builder_version=&#8221;4.21.0&#8243; _module_preset=&#8221;default&#8221; custom_padding=&#8221;||1px|||&#8221; animation_style=&#8221;fade&#8221; global_colors_info=&#8221;{}&#8221;][et_pb_column type=&#8221;1_2&#8243; _builder_version=&#8221;4.16&#8243; _module_preset=&#8221;default&#8221; global_colors_info=&#8221;{}&#8221;][et_pb_blurb title=&#8221;Results&#8221; image=&#8221;https:\/\/mirps-platform.org\/wp-content\/uploads\/2023\/06\/Icons-good-practices-MIRPS-01.png&#8221; icon_placement=&#8221;left&#8221; _builder_version=&#8221;4.21.0&#8243; _module_preset=&#8221;default&#8221; header_font_size=&#8221;30px&#8221; global_colors_info=&#8221;{}&#8221;][\/et_pb_blurb][et_pb_blurb use_icon=&#8221;on&#8221; font_icon=&#8221;&#x24;||divi||400&#8243; icon_placement=&#8221;left&#8221; _builder_version=&#8221;4.21.0&#8243; _module_preset=&#8221;default&#8221; header_font_size=&#8221;30px&#8221; global_colors_info=&#8221;{}&#8221;]<\/p>\n<p>The Inter-institutional Roundtable on Shelter and Complementary Protection of the MIRPS and the local Roundtables, established to promote public policies on integration for refugees at the local level, have continued efforts of coordination with different authorities, and strengthening inter-institutional and multi-level coordination. As a result of the local roundtables, coordination at the local level has expanded to 9 states in the northern, southern and central border regions of the country: Chiapas, Baja California, Veracruz, Quintana Roo, Tabasco, Coahuila, Jalisco, Campeche, Nuevo Leon and a municipality in Palenque, Chiapas. This coordination structure has allowed for follow-up work at the state and municipal levels on labor inclusion, health, education, and access to identity and documentation.<\/p>\n<p>[\/et_pb_blurb][et_pb_blurb use_icon=&#8221;on&#8221; font_icon=&#8221;&#x24;||divi||400&#8243; icon_placement=&#8221;left&#8221; _builder_version=&#8221;4.21.0&#8243; _module_preset=&#8221;default&#8221; header_font_size=&#8221;30px&#8221; global_colors_info=&#8221;{}&#8221;]<\/p>\n<p><strong>Employment<\/strong><br \/>It has been possible to make visible among the member institutions the need to facilitate procedures to make employment opportunities more accessible to refugees and asylum-seekers. Likewise, a dialogue was formalized between federal authorities, international and civil society organizations, aimed to make services and procedures for labor inclusion more accessible for applicants for refugee status, beneficiaries of complementary protection and refugees.<\/p>\n<p>[\/et_pb_blurb][et_pb_blurb use_icon=&#8221;on&#8221; font_icon=&#8221;&#x24;||divi||400&#8243; icon_placement=&#8221;left&#8221; _builder_version=&#8221;4.21.0&#8243; _module_preset=&#8221;default&#8221; header_font_size=&#8221;30px&#8221; global_colors_info=&#8221;{}&#8221;]<\/p>\n<p><strong>Education<\/strong><br \/>As part of Mexico&#8217;s commitment at the Global Refugee Forum (GRF) to offer complementary pathways to resettlement through higher education in coordination between COMAR, the Ministry of Foreign Affairs and the civil association DIMA (Habesha), a first group of young Afghans with international protection needs were received and the process of selecting students from countries in the Latin American region began. <\/p>\n<p>[\/et_pb_blurb][et_pb_blurb use_icon=&#8221;on&#8221; font_icon=&#8221;&#x24;||divi||400&#8243; icon_placement=&#8221;left&#8221; _builder_version=&#8221;4.21.0&#8243; _module_preset=&#8221;default&#8221; header_font_size=&#8221;30px&#8221; global_colors_info=&#8221;{}&#8221;]<\/p>\n<p><strong>Health<\/strong><br \/>Work is underway to establish coordination mechanisms to support refugees with mental health care needs. <\/p>\n<p>[\/et_pb_blurb][\/et_pb_column][et_pb_column type=&#8221;1_2&#8243; _builder_version=&#8221;4.16&#8243; _module_preset=&#8221;default&#8221; global_colors_info=&#8221;{}&#8221;][et_pb_blurb title=&#8221;Lead Entity and Partners&#8221; image=&#8221;https:\/\/mirps-platform.org\/wp-content\/uploads\/2023\/06\/Icons-good-practices-MIRPS-02.png&#8221; icon_placement=&#8221;left&#8221; _builder_version=&#8221;4.21.0&#8243; _module_preset=&#8221;default&#8221; header_font_size=&#8221;30px&#8221; custom_margin=&#8221;||-1px|||&#8221; global_colors_info=&#8221;{}&#8221;][\/et_pb_blurb][et_pb_blurb use_icon=&#8221;on&#8221; font_icon=&#8221;&#x24;||divi||400&#8243; icon_placement=&#8221;left&#8221; _builder_version=&#8221;4.21.0&#8243; _module_preset=&#8221;default&#8221; header_font_size=&#8221;30px&#8221; custom_padding=&#8221;17px|||||&#8221; global_colors_info=&#8221;{}&#8221;]<\/p>\n<p>The Interinstitutional Roundtable on Refuge and Complementary Protection at the Federal level is chaired by the Undersecretary of Human Rights, Population and Migration of the Ministry of the Interior, with the COMAR acting as Technical Secretariat. <\/p>\n<p>[\/et_pb_blurb][et_pb_blurb use_icon=&#8221;on&#8221; font_icon=&#8221;&#x24;||divi||400&#8243; icon_placement=&#8221;left&#8221; _builder_version=&#8221;4.21.0&#8243; _module_preset=&#8221;default&#8221; header_font_size=&#8221;30px&#8221; custom_padding=&#8221;17px|||||&#8221; global_colors_info=&#8221;{}&#8221;]<\/p>\n<p>At the local level, the roundtables are chaired by the person designated by the State Government and the Technical Secretariat is in charge of the COMAR Representative Office where the roundtable is located.<\/p>\n<p>[\/et_pb_blurb][et_pb_blurb use_icon=&#8221;on&#8221; font_icon=&#8221;&#x24;||divi||400&#8243; icon_placement=&#8221;left&#8221; _builder_version=&#8221;4.21.0&#8243; _module_preset=&#8221;default&#8221; header_font_size=&#8221;30px&#8221; custom_padding=&#8221;17px|||||&#8221; global_colors_info=&#8221;{}&#8221;]<\/p>\n<p>For the Thematic Roundtables, the coordinating authorities are the following: <\/p>\n<p><strong>Thematic Table on Educational Inclusion:<\/strong> Ministry of Public Education<br \/><strong>Thematic Table on Access to Health:<\/strong> Ministry of Health<br \/><strong>Thematic Table on Labor Inclusion:<\/strong> National Employment Service (STPS)<br \/><strong>Thematic Table on Identity and Documentation:<\/strong> National Population Registry<\/p>\n<p>[\/et_pb_blurb][\/et_pb_column][\/et_pb_row][et_pb_row column_structure=&#8221;1_2,1_2&#8243; make_equal=&#8221;on&#8221; _builder_version=&#8221;4.21.0&#8243; _module_preset=&#8221;default&#8221; custom_padding=&#8221;||2px|||&#8221; animation_style=&#8221;fade&#8221; global_colors_info=&#8221;{}&#8221;][et_pb_column type=&#8221;1_2&#8243; _builder_version=&#8221;4.16&#8243; _module_preset=&#8221;default&#8221; global_colors_info=&#8221;{}&#8221;][et_pb_blurb title=&#8221;Linked MIRPS Commitment&#8221; image=&#8221;https:\/\/mirps-platform.org\/wp-content\/uploads\/2023\/06\/Icons-good-practices-MIRPS-04-1.png&#8221; icon_placement=&#8221;left&#8221; _builder_version=&#8221;4.21.0&#8243; _module_preset=&#8221;default&#8221; header_font_size=&#8221;30px&#8221; global_colors_info=&#8221;{}&#8221;]<\/p>\n<p>Continue with the institutional strengthening of the Mexican Commission for Refugee Assistance (COMAR), through the processing of applications for refugee recognition, as well as inter-institutional coordination that allows for the efficient integration of refugees into Mexican society.<\/p>\n<p>COMAR will replicate at the state and municipal level the Inter-Institutional Roundtables on Refuge and Complementary Protection in order to identify the gaps faced by the population in need of international protection and promote access to public services and programs.<\/p>\n<p>COMAR replicar\u00e1 a nivel estatal y municipal las Mesas Interinstitucionales sobre Refugio y Protecci\u00f3n Complementaria a fin identificar las brechas a las que se enfrenta la poblaci\u00f3n con necesidad de protecci\u00f3n internacional y promover\u00e1n el acceso a servicios y programas p\u00fablicos.<\/p>\n<p>[\/et_pb_blurb][\/et_pb_column][et_pb_column type=&#8221;1_2&#8243; _builder_version=&#8221;4.16&#8243; _module_preset=&#8221;default&#8221; global_colors_info=&#8221;{}&#8221;][\/et_pb_column][\/et_pb_row][\/et_pb_section]<\/p>\n","protected":false},"excerpt":{"rendered":"<p>Inter-institutional Roundtables on Refuge and Complementary ProtectionThe main objective of the Inter-institutional Roundtable on Refuge and Complementary Protection is to identify the gaps faced by people in need of international protection at the federal level. The roundtables are made up of federal agencies, civil society organizations and international organizations. Four thematic roundtables have been organized: [&hellip;]<\/p>\n","protected":false},"author":6,"featured_media":0,"parent":59542,"menu_order":0,"comment_status":"closed","ping_status":"closed","template":"","meta":{"_acf_changed":false,"_et_pb_use_builder":"on","_et_pb_old_content":"","_et_gb_content_width":"","footnotes":""},"class_list":["post-61215","page","type-page","status-publish","hentry"],"acf":[],"yoast_head":"<!-- This site is optimized with the Yoast SEO plugin v27.5 - https:\/\/yoast.com\/product\/yoast-seo-wordpress\/ -->\n<title>Inter-institutional Roundtables on Refuge - MIRPS<\/title>\n<meta name=\"description\" content=\"The Inter-institutional Roundtable on Refuge identifies the gaps faced by people in need of international protection.\" \/>\n<meta name=\"robots\" content=\"index, follow, max-snippet:-1, max-image-preview:large, max-video-preview:-1\" \/>\n<link rel=\"canonical\" href=\"https:\/\/mirps-platform.org\/recursos\/buenas-practicas\/mesas-interinstitucionales-sobre-refugio\/\" \/>\n<meta property=\"og:locale\" content=\"en_US\" \/>\n<meta property=\"og:type\" content=\"article\" \/>\n<meta property=\"og:title\" content=\"Inter-institutional Roundtables on Refuge - MIRPS\" \/>\n<meta property=\"og:description\" content=\"The Inter-institutional Roundtable on Refuge identifies the gaps faced by people in need of international protection.\" \/>\n<meta property=\"og:url\" content=\"https:\/\/mirps-platform.org\/recursos\/buenas-practicas\/mesas-interinstitucionales-sobre-refugio\/\" \/>\n<meta property=\"og:site_name\" content=\"MIRPS\" \/>\n<meta property=\"article:modified_time\" content=\"2024-03-04T19:25:09+00:00\" \/>\n<meta name=\"twitter:card\" content=\"summary_large_image\" \/>\n<meta name=\"twitter:label1\" content=\"Est. reading time\" \/>\n\t<meta name=\"twitter:data1\" content=\"5 minutes\" \/>\n<script type=\"application\/ld+json\" class=\"yoast-schema-graph\">{\"@context\":\"https:\\\/\\\/schema.org\",\"@graph\":[{\"@type\":\"WebPage\",\"@id\":\"https:\\\/\\\/mirps-platform.org\\\/recursos\\\/buenas-practicas\\\/mesas-interinstitucionales-sobre-refugio\\\/\",\"url\":\"https:\\\/\\\/mirps-platform.org\\\/recursos\\\/buenas-practicas\\\/mesas-interinstitucionales-sobre-refugio\\\/\",\"name\":\"Inter-institutional Roundtables on Refuge - MIRPS\",\"isPartOf\":{\"@id\":\"https:\\\/\\\/mirps-platform.org\\\/#website\"},\"datePublished\":\"2024-03-04T19:25:08+00:00\",\"dateModified\":\"2024-03-04T19:25:09+00:00\",\"description\":\"The Inter-institutional Roundtable on Refuge identifies the gaps faced by people in need of international protection.\",\"breadcrumb\":{\"@id\":\"https:\\\/\\\/mirps-platform.org\\\/recursos\\\/buenas-practicas\\\/mesas-interinstitucionales-sobre-refugio\\\/#breadcrumb\"},\"inLanguage\":\"en-US\",\"potentialAction\":[{\"@type\":\"ReadAction\",\"target\":[\"https:\\\/\\\/mirps-platform.org\\\/recursos\\\/buenas-practicas\\\/mesas-interinstitucionales-sobre-refugio\\\/\"]}]},{\"@type\":\"BreadcrumbList\",\"@id\":\"https:\\\/\\\/mirps-platform.org\\\/recursos\\\/buenas-practicas\\\/mesas-interinstitucionales-sobre-refugio\\\/#breadcrumb\",\"itemListElement\":[{\"@type\":\"ListItem\",\"position\":1,\"name\":\"Home\",\"item\":\"https:\\\/\\\/mirps-platform.org\\\/en\\\/\"},{\"@type\":\"ListItem\",\"position\":2,\"name\":\"Resources\",\"item\":\"https:\\\/\\\/mirps-platform.org\\\/en\\\/resources\\\/\"},{\"@type\":\"ListItem\",\"position\":3,\"name\":\"Good Practices\",\"item\":\"https:\\\/\\\/mirps-platform.org\\\/recursos\\\/buenas-practicas\\\/\"},{\"@type\":\"ListItem\",\"position\":4,\"name\":\"Inter-institutional Roundtables on Refuge\"}]},{\"@type\":\"WebSite\",\"@id\":\"https:\\\/\\\/mirps-platform.org\\\/#website\",\"url\":\"https:\\\/\\\/mirps-platform.org\\\/\",\"name\":\"MIRPS\",\"description\":\"Comprehensive Regional Protection and Solutions Framework\",\"potentialAction\":[{\"@type\":\"SearchAction\",\"target\":{\"@type\":\"EntryPoint\",\"urlTemplate\":\"https:\\\/\\\/mirps-platform.org\\\/?s={search_term_string}\"},\"query-input\":{\"@type\":\"PropertyValueSpecification\",\"valueRequired\":true,\"valueName\":\"search_term_string\"}}],\"inLanguage\":\"en-US\"}]}<\/script>\n<!-- \/ Yoast SEO plugin. -->","yoast_head_json":{"title":"Inter-institutional Roundtables on Refuge - MIRPS","description":"The Inter-institutional Roundtable on Refuge identifies the gaps faced by people in need of international protection.","robots":{"index":"index","follow":"follow","max-snippet":"max-snippet:-1","max-image-preview":"max-image-preview:large","max-video-preview":"max-video-preview:-1"},"canonical":"https:\/\/mirps-platform.org\/recursos\/buenas-practicas\/mesas-interinstitucionales-sobre-refugio\/","og_locale":"en_US","og_type":"article","og_title":"Inter-institutional Roundtables on Refuge - MIRPS","og_description":"The Inter-institutional Roundtable on Refuge identifies the gaps faced by people in need of international protection.","og_url":"https:\/\/mirps-platform.org\/recursos\/buenas-practicas\/mesas-interinstitucionales-sobre-refugio\/","og_site_name":"MIRPS","article_modified_time":"2024-03-04T19:25:09+00:00","twitter_card":"summary_large_image","twitter_misc":{"Est. reading time":"5 minutes"},"schema":{"@context":"https:\/\/schema.org","@graph":[{"@type":"WebPage","@id":"https:\/\/mirps-platform.org\/recursos\/buenas-practicas\/mesas-interinstitucionales-sobre-refugio\/","url":"https:\/\/mirps-platform.org\/recursos\/buenas-practicas\/mesas-interinstitucionales-sobre-refugio\/","name":"Inter-institutional Roundtables on Refuge - MIRPS","isPartOf":{"@id":"https:\/\/mirps-platform.org\/#website"},"datePublished":"2024-03-04T19:25:08+00:00","dateModified":"2024-03-04T19:25:09+00:00","description":"The Inter-institutional Roundtable on Refuge identifies the gaps faced by people in need of international protection.","breadcrumb":{"@id":"https:\/\/mirps-platform.org\/recursos\/buenas-practicas\/mesas-interinstitucionales-sobre-refugio\/#breadcrumb"},"inLanguage":"en-US","potentialAction":[{"@type":"ReadAction","target":["https:\/\/mirps-platform.org\/recursos\/buenas-practicas\/mesas-interinstitucionales-sobre-refugio\/"]}]},{"@type":"BreadcrumbList","@id":"https:\/\/mirps-platform.org\/recursos\/buenas-practicas\/mesas-interinstitucionales-sobre-refugio\/#breadcrumb","itemListElement":[{"@type":"ListItem","position":1,"name":"Home","item":"https:\/\/mirps-platform.org\/en\/"},{"@type":"ListItem","position":2,"name":"Resources","item":"https:\/\/mirps-platform.org\/en\/resources\/"},{"@type":"ListItem","position":3,"name":"Good Practices","item":"https:\/\/mirps-platform.org\/recursos\/buenas-practicas\/"},{"@type":"ListItem","position":4,"name":"Inter-institutional Roundtables on Refuge"}]},{"@type":"WebSite","@id":"https:\/\/mirps-platform.org\/#website","url":"https:\/\/mirps-platform.org\/","name":"MIRPS","description":"Comprehensive Regional Protection and Solutions Framework","potentialAction":[{"@type":"SearchAction","target":{"@type":"EntryPoint","urlTemplate":"https:\/\/mirps-platform.org\/?s={search_term_string}"},"query-input":{"@type":"PropertyValueSpecification","valueRequired":true,"valueName":"search_term_string"}}],"inLanguage":"en-US"}]}},"_links":{"self":[{"href":"https:\/\/mirps-platform.org\/en\/wp-json\/wp\/v2\/pages\/61215","targetHints":{"allow":["GET"]}}],"collection":[{"href":"https:\/\/mirps-platform.org\/en\/wp-json\/wp\/v2\/pages"}],"about":[{"href":"https:\/\/mirps-platform.org\/en\/wp-json\/wp\/v2\/types\/page"}],"author":[{"embeddable":true,"href":"https:\/\/mirps-platform.org\/en\/wp-json\/wp\/v2\/users\/6"}],"replies":[{"embeddable":true,"href":"https:\/\/mirps-platform.org\/en\/wp-json\/wp\/v2\/comments?post=61215"}],"version-history":[{"count":9,"href":"https:\/\/mirps-platform.org\/en\/wp-json\/wp\/v2\/pages\/61215\/revisions"}],"predecessor-version":[{"id":61239,"href":"https:\/\/mirps-platform.org\/en\/wp-json\/wp\/v2\/pages\/61215\/revisions\/61239"}],"up":[{"embeddable":true,"href":"https:\/\/mirps-platform.org\/en\/wp-json\/wp\/v2\/pages\/59542"}],"wp:attachment":[{"href":"https:\/\/mirps-platform.org\/en\/wp-json\/wp\/v2\/media?parent=61215"}],"curies":[{"name":"wp","href":"https:\/\/api.w.org\/{rel}","templated":true}]}}