{"id":60578,"date":"2023-09-25T17:51:01","date_gmt":"2023-09-25T17:51:01","guid":{"rendered":"https:\/\/mirps-platform.org\/resources\/events\/learning-event-el-salvador\/"},"modified":"2023-12-12T20:45:12","modified_gmt":"2023-12-12T20:45:12","slug":"learning-event-el-salvador","status":"publish","type":"page","link":"https:\/\/mirps-platform.org\/en\/resources\/events\/learning-event-el-salvador\/","title":{"rendered":"Learning Event &#8211; El Salvador"},"content":{"rendered":"<p>[et_pb_section fb_built=&#8221;1&#8243; _builder_version=&#8221;4.16&#8243; _module_preset=&#8221;default&#8221; global_colors_info=&#8221;{}&#8221;][et_pb_row _builder_version=&#8221;4.16&#8243; _module_preset=&#8221;default&#8221; global_colors_info=&#8221;{}&#8221;][et_pb_column type=&#8221;4_4&#8243; _builder_version=&#8221;4.16&#8243; _module_preset=&#8221;default&#8221; global_colors_info=&#8221;{}&#8221;][et_pb_text _builder_version=&#8221;4.22.2&#8243; _module_preset=&#8221;default&#8221; text_font=&#8221;|700|||||||&#8221; text_text_color=&#8221;#000000&#8243; text_font_size=&#8221;45px&#8221; text_line_height=&#8221;1.2em&#8221; header_font=&#8221;|700|||||||&#8221; header_text_align=&#8221;center&#8221; header_font_size=&#8221;29px&#8221; header_line_height=&#8221;1.4em&#8221; header_2_font_size=&#8221;31px&#8221; header_2_line_height=&#8221;1.4em&#8221; text_orientation=&#8221;center&#8221; width=&#8221;96.2%&#8221; custom_margin=&#8221;|-252px|1px|26px|false|false&#8221; custom_padding=&#8221;|0px||0px||&#8221; global_colors_info=&#8221;{}&#8221;]<\/p>\n<h2>Learning Event &#8211; El Salvador<\/h2>\n<p>[\/et_pb_text][et_pb_text _builder_version=&#8221;4.22.2&#8243; _module_preset=&#8221;default&#8221; text_font=&#8221;|700|||||||&#8221; text_text_color=&#8221;#000000&#8243; text_font_size=&#8221;45px&#8221; text_line_height=&#8221;1.2em&#8221; header_font=&#8221;|700|||||||&#8221; header_text_align=&#8221;center&#8221; header_font_size=&#8221;29px&#8221; header_line_height=&#8221;1.4em&#8221; header_2_font_size=&#8221;31px&#8221; header_2_line_height=&#8221;1.4em&#8221; text_orientation=&#8221;center&#8221; width=&#8221;96.2%&#8221; custom_margin=&#8221;|-252px||26px|false|false&#8221; custom_padding=&#8221;|0px||0px||&#8221; global_colors_info=&#8221;{}&#8221;]<\/p>\n<p>Access to mental health services and psychosocial support services for displaced families as key aspects of integration<\/p>\n<p>[\/et_pb_text][et_pb_text _builder_version=&#8221;4.22.2&#8243; _module_preset=&#8221;default&#8221; text_font=&#8221;||on||||||&#8221; text_text_color=&#8221;#000000&#8243; global_colors_info=&#8221;{}&#8221;]<\/p>\n<p>26 &#8211; 27 September, 2023<\/p>\n<p>[\/et_pb_text][\/et_pb_column][\/et_pb_row][et_pb_row column_structure=&#8221;1_2,1_2&#8243; make_equal=&#8221;on&#8221; _builder_version=&#8221;4.16&#8243; _module_preset=&#8221;default&#8221; custom_margin=&#8221;-32px||30px||false|false&#8221; custom_padding=&#8221;||||false|false&#8221; global_colors_info=&#8221;{}&#8221;][et_pb_column type=&#8221;1_2&#8243; _builder_version=&#8221;4.16&#8243; _module_preset=&#8221;default&#8221; global_colors_info=&#8221;{}&#8221;][et_pb_image src=&#8221;https:\/\/mirps-platform.org\/wp-content\/uploads\/2023\/09\/Learning-event-El-Salvador_Mesa-de-trabajo-1-scaled.jpg&#8221; title_text=&#8221;Learning event El Salvador_Mesa de trabajo 1&#8243; _builder_version=&#8221;4.22.2&#8243; _module_preset=&#8221;default&#8221; global_colors_info=&#8221;{}&#8221;][\/et_pb_image][\/et_pb_column][et_pb_column type=&#8221;1_2&#8243; _builder_version=&#8221;4.16&#8243; _module_preset=&#8221;default&#8221; background_color=&#8221;RGBA(0,0,0,0)&#8221; global_colors_info=&#8221;{}&#8221;][et_pb_text _builder_version=&#8221;4.21.0&#8243; _module_preset=&#8221;default&#8221; text_text_color=&#8221;#000000&#8243; text_font_size=&#8221;19px&#8221; text_line_height=&#8221;1.9em&#8221; custom_padding=&#8221;||0px|||&#8221; global_colors_info=&#8221;{}&#8221;]<\/p>\n<p>The United States, as Chair of the MIRPS Support Platform, in coordination with El Salvador as host of the event, is organizing a two-day learning event that will include presentations and discussions among participants, as well as field visits in which El Salvador\u2019s good practices will be shared, in relation to psychosocial support services to displaced persons, as documented in the MIRPS Inventory of Good Practices.<\/p>\n<p>The learning event will take place on September 26-27 in San Salvador.<\/p>\n<p>[\/et_pb_text][\/et_pb_column][\/et_pb_row][et_pb_row column_structure=&#8221;1_2,1_2&#8243; make_equal=&#8221;on&#8221; _builder_version=&#8221;4.21.0&#8243; _module_preset=&#8221;default&#8221; global_colors_info=&#8221;{}&#8221;][et_pb_column type=&#8221;1_2&#8243; _builder_version=&#8221;4.16&#8243; _module_preset=&#8221;default&#8221; global_colors_info=&#8221;{}&#8221;][et_pb_image src=&#8221;https:\/\/mirpsplatform.org\/wp-content\/uploads\/2022\/01\/noun-agenda-4519820-AF2C27.png&#8221; title_text=&#8221;noun-agenda-4519820-AF2C27&#8243; url_new_window=&#8221;on&#8221; align=&#8221;center&#8221; _builder_version=&#8221;4.23.1&#8243; _module_preset=&#8221;default&#8221; max_height=&#8221;100px&#8221; hover_enabled=&#8221;0&#8243; global_colors_info=&#8221;{}&#8221; url=&#8221;https:\/\/mirps-platform.org\/wp-content\/uploads\/2023\/12\/ENG-NC-Agenda-MIRPS-Learning-Event-MHPSS-El-Salvador-26-27-September-2023.pdf&#8221; sticky_enabled=&#8221;0&#8243;][\/et_pb_image][et_pb_text _builder_version=&#8221;4.23.1&#8243; _module_preset=&#8221;default&#8221; link_option_url_new_window=&#8221;on&#8221; hover_enabled=&#8221;0&#8243; global_colors_info=&#8221;{}&#8221; link_option_url=&#8221;https:\/\/mirps-platform.org\/wp-content\/uploads\/2023\/12\/ENG-NC-Agenda-MIRPS-Learning-Event-MHPSS-El-Salvador-26-27-September-2023.pdf&#8221; sticky_enabled=&#8221;0&#8243;]<\/p>\n<h4 style=\"text-align: center;\">Concept Note<\/h4>\n<p>[\/et_pb_text][\/et_pb_column][et_pb_column type=&#8221;1_2&#8243; _builder_version=&#8221;4.16&#8243; _module_preset=&#8221;default&#8221; global_colors_info=&#8221;{}&#8221;][et_pb_image src=&#8221;https:\/\/mirps-platform.org\/wp-content\/uploads\/2022\/01\/noun-event-1828399-AF2C27.png&#8221; title_text=&#8221;Events&#8221; url_new_window=&#8221;on&#8221; align=&#8221;center&#8221; _builder_version=&#8221;4.23.1&#8243; _module_preset=&#8221;default&#8221; max_height=&#8221;100px&#8221; hover_enabled=&#8221;0&#8243; global_colors_info=&#8221;{}&#8221; url=&#8221;https:\/\/mirps-platform.org\/wp-content\/uploads\/2023\/12\/ENG-Agenda-Final-1.pdf&#8221; sticky_enabled=&#8221;0&#8243;][\/et_pb_image][et_pb_text _builder_version=&#8221;4.23.1&#8243; _module_preset=&#8221;default&#8221; link_option_url_new_window=&#8221;on&#8221; hover_enabled=&#8221;0&#8243; global_colors_info=&#8221;{}&#8221; link_option_url=&#8221;https:\/\/mirps-platform.org\/wp-content\/uploads\/2023\/12\/ENG-Agenda-Final-1.pdf&#8221; sticky_enabled=&#8221;0&#8243;]<\/p>\n<h4 style=\"text-align: center;\">Agenda<\/h4>\n<p>[\/et_pb_text][\/et_pb_column][\/et_pb_row][et_pb_row _builder_version=&#8221;4.16&#8243; _module_preset=&#8221;default&#8221; custom_margin=&#8221;||||false|false&#8221; global_colors_info=&#8221;{}&#8221;][et_pb_column type=&#8221;4_4&#8243; _builder_version=&#8221;4.16&#8243; _module_preset=&#8221;default&#8221; global_colors_info=&#8221;{}&#8221;][et_pb_divider _builder_version=&#8221;4.16&#8243; _module_preset=&#8221;default&#8221; global_colors_info=&#8221;{}&#8221;][\/et_pb_divider][\/et_pb_column][\/et_pb_row][et_pb_row _builder_version=&#8221;4.22.2&#8243; _module_preset=&#8221;default&#8221; global_colors_info=&#8221;{}&#8221;][et_pb_column type=&#8221;4_4&#8243; _builder_version=&#8221;4.22.2&#8243; _module_preset=&#8221;default&#8221; global_colors_info=&#8221;{}&#8221;][et_pb_gallery gallery_ids=&#8221;60614,60616,60610,60612,60606,60608&#8243; _builder_version=&#8221;4.22.2&#8243; _module_preset=&#8221;default&#8221; global_colors_info=&#8221;{}&#8221;][\/et_pb_gallery][\/et_pb_column][\/et_pb_row][et_pb_row _builder_version=&#8221;4.16&#8243; _module_preset=&#8221;default&#8221; custom_margin=&#8221;||||false|false&#8221; global_colors_info=&#8221;{}&#8221;][et_pb_column type=&#8221;4_4&#8243; _builder_version=&#8221;4.16&#8243; _module_preset=&#8221;default&#8221; global_colors_info=&#8221;{}&#8221;][et_pb_divider _builder_version=&#8221;4.16&#8243; _module_preset=&#8221;default&#8221; global_colors_info=&#8221;{}&#8221;][\/et_pb_divider][\/et_pb_column][\/et_pb_row][et_pb_row _builder_version=&#8221;4.16&#8243; _module_preset=&#8221;default&#8221; min_height=&#8221;14px&#8221; custom_margin=&#8221;||-27px||false|false&#8221; custom_padding=&#8221;2px|||||&#8221; global_colors_info=&#8221;{}&#8221;][et_pb_column type=&#8221;4_4&#8243; _builder_version=&#8221;4.16&#8243; _module_preset=&#8221;default&#8221; global_colors_info=&#8221;{}&#8221;][et_pb_text _builder_version=&#8221;4.16&#8243; _module_preset=&#8221;default&#8221; global_colors_info=&#8221;{}&#8221;]<\/p>\n<h3 style=\"text-align: center;\">Objectives of the event<\/h3>\n<p>[\/et_pb_text][\/et_pb_column][\/et_pb_row][et_pb_row _builder_version=&#8221;4.16&#8243; _module_preset=&#8221;default&#8221; background_enable_color=&#8221;off&#8221; custom_margin=&#8221;||||false|false&#8221; global_colors_info=&#8221;{}&#8221;][et_pb_column type=&#8221;4_4&#8243; _builder_version=&#8221;4.16&#8243; _module_preset=&#8221;default&#8221; global_colors_info=&#8221;{}&#8221;][et_pb_image src=&#8221;https:\/\/mirps-platform.org\/wp-content\/uploads\/2023\/09\/Learning-event-El-Salvador-03.png&#8221; title_text=&#8221;Learning event El Salvador-03&#8243; align=&#8221;center&#8221; _builder_version=&#8221;4.22.2&#8243; _module_preset=&#8221;default&#8221; max_height=&#8221;400px&#8221; global_colors_info=&#8221;{}&#8221;][\/et_pb_image][\/et_pb_column][\/et_pb_row][et_pb_row _builder_version=&#8221;4.16&#8243; _module_preset=&#8221;default&#8221; custom_margin=&#8221;||||false|false&#8221; global_colors_info=&#8221;{}&#8221;][et_pb_column type=&#8221;4_4&#8243; _builder_version=&#8221;4.16&#8243; _module_preset=&#8221;default&#8221; global_colors_info=&#8221;{}&#8221;][et_pb_divider _builder_version=&#8221;4.16&#8243; _module_preset=&#8221;default&#8221; global_colors_info=&#8221;{}&#8221;][\/et_pb_divider][et_pb_text _builder_version=&#8221;4.22.2&#8243; _module_preset=&#8221;default&#8221; global_colors_info=&#8221;{}&#8221;]<\/p>\n<h3 style=\"text-align: center;\">Related Good Practices<\/h3>\n<p>[\/et_pb_text][\/et_pb_column][\/et_pb_row][et_pb_row column_structure=&#8221;1_2,1_2&#8243; _builder_version=&#8221;4.22.2&#8243; _module_preset=&#8221;default&#8221; global_colors_info=&#8221;{}&#8221;][et_pb_column type=&#8221;1_2&#8243; _builder_version=&#8221;4.22.2&#8243; _module_preset=&#8221;default&#8221; global_colors_info=&#8221;{}&#8221;][et_pb_blurb title=&#8221;El Salvador: %22A tu Lado%22 Support Spaces&#8221; url=&#8221;https:\/\/mirps-platform.org\/en\/resources\/good-practices\/by-your-side-support-spaces\/&#8221; url_new_window=&#8221;on&#8221; image=&#8221;https:\/\/mirps-platform.org\/wp-content\/uploads\/2023\/07\/Espacio-de-Apoyo-1.jpeg&#8221; _builder_version=&#8221;4.22.2&#8243; _module_preset=&#8221;default&#8221; link_option_url=&#8221;https:\/\/mirps-platform.org\/en\/resources\/good-practices\/by-your-side-support-spaces\/&#8221; link_option_url_new_window=&#8221;on&#8221; global_colors_info=&#8221;{}&#8221;][\/et_pb_blurb][\/et_pb_column][et_pb_column type=&#8221;1_2&#8243; _builder_version=&#8221;4.22.2&#8243; _module_preset=&#8221;default&#8221; global_colors_info=&#8221;{}&#8221;][\/et_pb_column][\/et_pb_row][et_pb_row _builder_version=&#8221;4.16&#8243; _module_preset=&#8221;default&#8221; custom_margin=&#8221;||||false|false&#8221; global_colors_info=&#8221;{}&#8221;][et_pb_column type=&#8221;4_4&#8243; _builder_version=&#8221;4.16&#8243; _module_preset=&#8221;default&#8221; global_colors_info=&#8221;{}&#8221;][et_pb_divider _builder_version=&#8221;4.16&#8243; _module_preset=&#8221;default&#8221; global_colors_info=&#8221;{}&#8221;][\/et_pb_divider][et_pb_text _builder_version=&#8221;4.22.2&#8243; _module_preset=&#8221;default&#8221; global_colors_info=&#8221;{}&#8221;]<\/p>\n<h3 style=\"text-align: center;\">The Event on Social Media: Featured Content<\/h3>\n<p>[\/et_pb_text][\/et_pb_column][\/et_pb_row][et_pb_row column_structure=&#8221;1_3,1_3,1_3&#8243; _builder_version=&#8221;4.22.2&#8243; _module_preset=&#8221;default&#8221; global_colors_info=&#8221;{}&#8221;][et_pb_column type=&#8221;1_3&#8243; _builder_version=&#8221;4.22.2&#8243; _module_preset=&#8221;default&#8221; global_colors_info=&#8221;{}&#8221;][et_pb_code _builder_version=&#8221;4.22.2&#8243; _module_preset=&#8221;default&#8221; global_colors_info=&#8221;{}&#8221;]<\/p>\n<blockquote class=\"twitter-tweet\"><pee lang=\"es\" dir=\"ltr\">El <a href=\"https:\/\/twitter.com\/hashtag\/MIRPS?src=hash&#038;ref_src=twsrc%5Etfw\">#MIRPS<\/a> es una plataforma que contribuye a la aplicaci\u00f3n del Marco de Respuesta Integral para los Refugiados y al Pacto Mundial sobre los Refugiados.<!\u2013- [et_pb_br_holder] -\u2013><!\u2013- [et_pb_br_holder] -\u2013>En el evento participan delegaciones de:<!\u2013- [et_pb_br_holder] -\u2013>\ud83c\udde7\ud83c\uddff Belice<!\u2013- [et_pb_br_holder] -\u2013>\ud83c\udde8\ud83c\uddf7 Costa Rica<!\u2013- [et_pb_br_holder] -\u2013>\ud83c\udde8\ud83c\udde6 Canad\u00e1<!\u2013- [et_pb_br_holder] -\u2013>\ud83c\uddfa\ud83c\uddf8 Estados Unidos<!\u2013- [et_pb_br_holder] -\u2013>\ud83c\uddec\ud83c\uddf9 Guatemala<!\u2013- [et_pb_br_holder] -\u2013>\ud83c\udded\ud83c\uddf3 Honduras<!\u2013- [et_pb_br_holder] -\u2013>\ud83c\uddf2\ud83c\uddfd M\u00e9xico\u2026 <a href=\"https:\/\/t.co\/aTDn0H4StS\">pic.twitter.com\/aTDn0H4StS<\/a><\/pee>\u2014 Canciller\u00eda de El Salvador \ud83c\uddf8\ud83c\uddfb (@cancilleriasv) <a href=\"https:\/\/twitter.com\/cancilleriasv\/status\/1706711659639628151?ref_src=twsrc%5Etfw\">September 26, 2023<\/a><\/p><\/blockquote>\n<p> <script async src=\"https:\/\/platform.twitter.com\/widgets.js\" charset=\"utf-8\"><\/script>[\/et_pb_code][\/et_pb_column][et_pb_column type=&#8221;1_3&#8243; _builder_version=&#8221;4.22.2&#8243; _module_preset=&#8221;default&#8221; global_colors_info=&#8221;{}&#8221;][et_pb_code _builder_version=&#8221;4.22.2&#8243; _module_preset=&#8221;default&#8221; global_colors_info=&#8221;{}&#8221;]<\/p>\n<blockquote class=\"twitter-tweet\"><pee lang=\"es\" dir=\"ltr\"><a href=\"https:\/\/twitter.com\/hashtag\/CUBOSantaLuc%C3%ADa?src=hash&#038;ref_src=twsrc%5Etfw\">#CUBOSantaLuc\u00eda<\/a> | Este d\u00eda, el CUBO ubicado en la colonia Santa Luc\u00eda, en Mejicanos, recibe la visita de delegados de siete pa\u00edses que son parte del Marco Integral Regional de Protecci\u00f3n y Soluciones (MIRPS). <a href=\"https:\/\/twitter.com\/hashtag\/Secretar%C3%ADaDePrensa?src=hash&#038;ref_src=twsrc%5Etfw\">#Secretar\u00edaDePrensa<\/a> <a href=\"https:\/\/t.co\/sPMmPMAq3l\">pic.twitter.com\/sPMmPMAq3l<\/a><\/pee>\u2014 Secretar\u00eda de Prensa de la Presidencia (@SecPrensaSV) <a href=\"https:\/\/twitter.com\/SecPrensaSV\/status\/1706802223777550775?ref_src=twsrc%5Etfw\">September 26, 2023<\/a><\/p><\/blockquote>\n<p> <script async src=\"https:\/\/platform.twitter.com\/widgets.js\" charset=\"utf-8\"><\/script>[\/et_pb_code][\/et_pb_column][et_pb_column type=&#8221;1_3&#8243; _builder_version=&#8221;4.22.2&#8243; _module_preset=&#8221;default&#8221; global_colors_info=&#8221;{}&#8221;][et_pb_code _builder_version=&#8221;4.22.2&#8243; _module_preset=&#8221;default&#8221; global_colors_info=&#8221;{}&#8221;]<\/p>\n<blockquote class=\"twitter-tweet\"><pee lang=\"es\" dir=\"ltr\">Posterior a la inauguraci\u00f3n del intercambio de buenas pr\u00e1cticas, las delegaciones de los pa\u00edses miembros del <a href=\"https:\/\/twitter.com\/hashtag\/MIRPS?src=hash&#038;ref_src=twsrc%5Etfw\">#MIRPS<\/a>, realizaron una visita al espacio de apoyo \u201cA tu lado\u201d, en San Salvador, que ofrece asistencia integral a nivel local para las personas en movilidad y retornadas. <a href=\"https:\/\/t.co\/CZNsmNnCxd\">pic.twitter.com\/CZNsmNnCxd<\/a><\/pee>\u2014 Canciller\u00eda de El Salvador \ud83c\uddf8\ud83c\uddfb (@cancilleriasv) <a href=\"https:\/\/twitter.com\/cancilleriasv\/status\/1706802058425221126?ref_src=twsrc%5Etfw\">September 26, 2023<\/a><\/p><\/blockquote>\n<p> <script async src=\"https:\/\/platform.twitter.com\/widgets.js\" charset=\"utf-8\"><\/script>[\/et_pb_code][\/et_pb_column][\/et_pb_row][\/et_pb_section]<\/p>\n","protected":false},"excerpt":{"rendered":"<p>Learning Event &#8211; El SalvadorAccess to mental health services and psychosocial support services for displaced families as key aspects of integration26 &#8211; 27 September, 2023The United States, as Chair of the MIRPS Support Platform, in coordination with El Salvador as host of the event, is organizing a two-day learning event that will include presentations and [&hellip;]<\/p>\n","protected":false},"author":6,"featured_media":0,"parent":56997,"menu_order":0,"comment_status":"closed","ping_status":"closed","template":"","meta":{"_acf_changed":false,"_et_pb_use_builder":"on","_et_pb_old_content":"","_et_gb_content_width":"","footnotes":""},"class_list":["post-60578","page","type-page","status-publish","hentry"],"acf":[],"yoast_head":"<!-- This site is optimized with the Yoast SEO plugin v27.3 - https:\/\/yoast.com\/product\/yoast-seo-wordpress\/ -->\n<title>Learning Event - El Salvador - MIRPS<\/title>\n<meta name=\"description\" content=\"The two-day learning event on access to mental health services for displaced families will be held in El Salvador.\" \/>\n<meta name=\"robots\" content=\"index, follow, max-snippet:-1, max-image-preview:large, max-video-preview:-1\" \/>\n<link rel=\"canonical\" href=\"https:\/\/mirps-platform.org\/recursos\/eventos\/evento-de-aprendizaje-el-salvador\/\" \/>\n<meta property=\"og:locale\" content=\"en_US\" \/>\n<meta property=\"og:type\" content=\"article\" \/>\n<meta property=\"og:title\" content=\"Learning Event - El Salvador - MIRPS\" \/>\n<meta property=\"og:description\" content=\"The two-day learning event on access to mental health services for displaced families will be held in El Salvador.\" \/>\n<meta property=\"og:url\" content=\"https:\/\/mirps-platform.org\/recursos\/eventos\/evento-de-aprendizaje-el-salvador\/\" \/>\n<meta property=\"og:site_name\" content=\"MIRPS\" \/>\n<meta property=\"article:modified_time\" content=\"2023-12-12T20:45:12+00:00\" \/>\n<meta name=\"twitter:card\" content=\"summary_large_image\" \/>\n<meta name=\"twitter:label1\" content=\"Est. reading time\" \/>\n\t<meta name=\"twitter:data1\" content=\"7 minutes\" \/>\n<script type=\"application\/ld+json\" class=\"yoast-schema-graph\">{\"@context\":\"https:\\\/\\\/schema.org\",\"@graph\":[{\"@type\":\"WebPage\",\"@id\":\"https:\\\/\\\/mirps-platform.org\\\/recursos\\\/eventos\\\/evento-de-aprendizaje-el-salvador\\\/\",\"url\":\"https:\\\/\\\/mirps-platform.org\\\/recursos\\\/eventos\\\/evento-de-aprendizaje-el-salvador\\\/\",\"name\":\"Learning Event - El Salvador - MIRPS\",\"isPartOf\":{\"@id\":\"https:\\\/\\\/mirps-platform.org\\\/#website\"},\"datePublished\":\"2023-09-25T17:51:01+00:00\",\"dateModified\":\"2023-12-12T20:45:12+00:00\",\"description\":\"The two-day learning event on access to mental health services for displaced families will be held in El Salvador.\",\"breadcrumb\":{\"@id\":\"https:\\\/\\\/mirps-platform.org\\\/recursos\\\/eventos\\\/evento-de-aprendizaje-el-salvador\\\/#breadcrumb\"},\"inLanguage\":\"en-US\",\"potentialAction\":[{\"@type\":\"ReadAction\",\"target\":[\"https:\\\/\\\/mirps-platform.org\\\/recursos\\\/eventos\\\/evento-de-aprendizaje-el-salvador\\\/\"]}]},{\"@type\":\"BreadcrumbList\",\"@id\":\"https:\\\/\\\/mirps-platform.org\\\/recursos\\\/eventos\\\/evento-de-aprendizaje-el-salvador\\\/#breadcrumb\",\"itemListElement\":[{\"@type\":\"ListItem\",\"position\":1,\"name\":\"Home\",\"item\":\"https:\\\/\\\/mirps-platform.org\\\/en\\\/\"},{\"@type\":\"ListItem\",\"position\":2,\"name\":\"Resources\",\"item\":\"https:\\\/\\\/mirps-platform.org\\\/en\\\/resources\\\/\"},{\"@type\":\"ListItem\",\"position\":3,\"name\":\"Events\",\"item\":\"https:\\\/\\\/mirps-platform.org\\\/recursos\\\/eventos\\\/\"},{\"@type\":\"ListItem\",\"position\":4,\"name\":\"Learning Event &#8211; El Salvador\"}]},{\"@type\":\"WebSite\",\"@id\":\"https:\\\/\\\/mirps-platform.org\\\/#website\",\"url\":\"https:\\\/\\\/mirps-platform.org\\\/\",\"name\":\"MIRPS\",\"description\":\"Comprehensive Regional Protection and Solutions Framework\",\"potentialAction\":[{\"@type\":\"SearchAction\",\"target\":{\"@type\":\"EntryPoint\",\"urlTemplate\":\"https:\\\/\\\/mirps-platform.org\\\/?s={search_term_string}\"},\"query-input\":{\"@type\":\"PropertyValueSpecification\",\"valueRequired\":true,\"valueName\":\"search_term_string\"}}],\"inLanguage\":\"en-US\"}]}<\/script>\n<!-- \/ Yoast SEO plugin. -->","yoast_head_json":{"title":"Learning Event - El Salvador - MIRPS","description":"The two-day learning event on access to mental health services for displaced families will be held in El Salvador.","robots":{"index":"index","follow":"follow","max-snippet":"max-snippet:-1","max-image-preview":"max-image-preview:large","max-video-preview":"max-video-preview:-1"},"canonical":"https:\/\/mirps-platform.org\/recursos\/eventos\/evento-de-aprendizaje-el-salvador\/","og_locale":"en_US","og_type":"article","og_title":"Learning Event - El Salvador - MIRPS","og_description":"The two-day learning event on access to mental health services for displaced families will be held in El Salvador.","og_url":"https:\/\/mirps-platform.org\/recursos\/eventos\/evento-de-aprendizaje-el-salvador\/","og_site_name":"MIRPS","article_modified_time":"2023-12-12T20:45:12+00:00","twitter_card":"summary_large_image","twitter_misc":{"Est. reading time":"7 minutes"},"schema":{"@context":"https:\/\/schema.org","@graph":[{"@type":"WebPage","@id":"https:\/\/mirps-platform.org\/recursos\/eventos\/evento-de-aprendizaje-el-salvador\/","url":"https:\/\/mirps-platform.org\/recursos\/eventos\/evento-de-aprendizaje-el-salvador\/","name":"Learning Event - El Salvador - MIRPS","isPartOf":{"@id":"https:\/\/mirps-platform.org\/#website"},"datePublished":"2023-09-25T17:51:01+00:00","dateModified":"2023-12-12T20:45:12+00:00","description":"The two-day learning event on access to mental health services for displaced families will be held in El Salvador.","breadcrumb":{"@id":"https:\/\/mirps-platform.org\/recursos\/eventos\/evento-de-aprendizaje-el-salvador\/#breadcrumb"},"inLanguage":"en-US","potentialAction":[{"@type":"ReadAction","target":["https:\/\/mirps-platform.org\/recursos\/eventos\/evento-de-aprendizaje-el-salvador\/"]}]},{"@type":"BreadcrumbList","@id":"https:\/\/mirps-platform.org\/recursos\/eventos\/evento-de-aprendizaje-el-salvador\/#breadcrumb","itemListElement":[{"@type":"ListItem","position":1,"name":"Home","item":"https:\/\/mirps-platform.org\/en\/"},{"@type":"ListItem","position":2,"name":"Resources","item":"https:\/\/mirps-platform.org\/en\/resources\/"},{"@type":"ListItem","position":3,"name":"Events","item":"https:\/\/mirps-platform.org\/recursos\/eventos\/"},{"@type":"ListItem","position":4,"name":"Learning Event &#8211; El Salvador"}]},{"@type":"WebSite","@id":"https:\/\/mirps-platform.org\/#website","url":"https:\/\/mirps-platform.org\/","name":"MIRPS","description":"Comprehensive Regional Protection and Solutions Framework","potentialAction":[{"@type":"SearchAction","target":{"@type":"EntryPoint","urlTemplate":"https:\/\/mirps-platform.org\/?s={search_term_string}"},"query-input":{"@type":"PropertyValueSpecification","valueRequired":true,"valueName":"search_term_string"}}],"inLanguage":"en-US"}]}},"_links":{"self":[{"href":"https:\/\/mirps-platform.org\/en\/wp-json\/wp\/v2\/pages\/60578","targetHints":{"allow":["GET"]}}],"collection":[{"href":"https:\/\/mirps-platform.org\/en\/wp-json\/wp\/v2\/pages"}],"about":[{"href":"https:\/\/mirps-platform.org\/en\/wp-json\/wp\/v2\/types\/page"}],"author":[{"embeddable":true,"href":"https:\/\/mirps-platform.org\/en\/wp-json\/wp\/v2\/users\/6"}],"replies":[{"embeddable":true,"href":"https:\/\/mirps-platform.org\/en\/wp-json\/wp\/v2\/comments?post=60578"}],"version-history":[{"count":6,"href":"https:\/\/mirps-platform.org\/en\/wp-json\/wp\/v2\/pages\/60578\/revisions"}],"predecessor-version":[{"id":60733,"href":"https:\/\/mirps-platform.org\/en\/wp-json\/wp\/v2\/pages\/60578\/revisions\/60733"}],"up":[{"embeddable":true,"href":"https:\/\/mirps-platform.org\/en\/wp-json\/wp\/v2\/pages\/56997"}],"wp:attachment":[{"href":"https:\/\/mirps-platform.org\/en\/wp-json\/wp\/v2\/media?parent=60578"}],"curies":[{"name":"wp","href":"https:\/\/api.w.org\/{rel}","templated":true}]}}