{"id":60324,"date":"2023-07-11T15:56:35","date_gmt":"2023-07-11T15:56:35","guid":{"rendered":"https:\/\/mirps-platform.org\/?page_id=60324"},"modified":"2025-06-17T22:02:15","modified_gmt":"2025-06-17T22:02:15","slug":"renaciendo-en-guate-campaign","status":"publish","type":"page","link":"https:\/\/mirps-platform.org\/en\/resources\/good-practices\/renaciendo-en-guate-campaign\/","title":{"rendered":"&#8220;Renaciendo en Guate&#8221; Campaign"},"content":{"rendered":"<p>[et_pb_section fb_built=&#8221;1&#8243; fullwidth=&#8221;on&#8221; _builder_version=&#8221;4.21.0&#8243; _module_preset=&#8221;default&#8221; global_colors_info=&#8221;{}&#8221;][et_pb_fullwidth_image src=&#8221;https:\/\/mirps-platform.org\/wp-content\/uploads\/2023\/07\/Captura-de-pantalla-2023-07-04-153611dd.png&#8221; title_text=&#8221;Captura de pantalla 2023-07-04 153611dd&#8221; _builder_version=&#8221;4.21.0&#8243; _module_preset=&#8221;default&#8221; max_height=&#8221;500px&#8221; global_colors_info=&#8221;{}&#8221;][\/et_pb_fullwidth_image][\/et_pb_section][et_pb_section fb_built=&#8221;1&#8243; _builder_version=&#8221;4.16&#8243; _module_preset=&#8221;default&#8221; custom_padding=&#8221;0px||58px|||&#8221; global_colors_info=&#8221;{}&#8221;][et_pb_row _builder_version=&#8221;4.16&#8243; _module_preset=&#8221;default&#8221; global_colors_info=&#8221;{}&#8221;][et_pb_column type=&#8221;4_4&#8243; _builder_version=&#8221;4.16&#8243; _module_preset=&#8221;default&#8221; global_colors_info=&#8221;{}&#8221;][et_pb_text _builder_version=&#8221;4.16&#8243; _module_preset=&#8221;default&#8221; text_font=&#8221;|700|||||||&#8221; text_text_color=&#8221;#000000&#8243; text_font_size=&#8221;45px&#8221; text_line_height=&#8221;1.2em&#8221; header_font=&#8221;|700|||||||&#8221; header_text_align=&#8221;center&#8221; header_font_size=&#8221;29px&#8221; header_line_height=&#8221;1.4em&#8221; header_2_font_size=&#8221;31px&#8221; header_2_line_height=&#8221;1.4em&#8221; text_orientation=&#8221;center&#8221; width=&#8221;96.2%&#8221; custom_margin=&#8221;|-252px||26px|false|false&#8221; custom_padding=&#8221;|40px||0px||&#8221; global_colors_info=&#8221;{}&#8221;]<\/p>\n<p>&#8220;Renaciendo en Guate&#8221; Campaign<\/p>\n<p>[\/et_pb_text][\/et_pb_column][\/et_pb_row][et_pb_row _builder_version=&#8221;4.21.0&#8243; _module_preset=&#8221;default&#8221; custom_padding=&#8221;||1px|||&#8221; global_colors_info=&#8221;{}&#8221;][et_pb_column type=&#8221;4_4&#8243; _builder_version=&#8221;4.21.0&#8243; _module_preset=&#8221;default&#8221; global_colors_info=&#8221;{}&#8221;][et_pb_text _builder_version=&#8221;4.21.0&#8243; _module_preset=&#8221;default&#8221; text_text_color=&#8221;#000000&#8243; text_font_size=&#8221;19px&#8221; text_line_height=&#8221;1.9em&#8221; custom_padding=&#8221;||33px|||&#8221; global_colors_info=&#8221;{}&#8221;]<\/p>\n<p>Through the &#8220;Reborn in Guate&#8221; campaign promoted by MINTRAB, the aim is to raise awareness among the business sector, public officials and the general population about the reasons that force refugees to leave their countries and the importance of providing opportunities for their integration.<\/p>\n<p>[\/et_pb_text][\/et_pb_column][\/et_pb_row][et_pb_row _builder_version=&#8221;4.16&#8243; _module_preset=&#8221;default&#8221; custom_margin=&#8221;||||false|false&#8221; custom_padding=&#8221;0px||3px|||&#8221; global_colors_info=&#8221;{}&#8221;][et_pb_column type=&#8221;4_4&#8243; _builder_version=&#8221;4.16&#8243; _module_preset=&#8221;default&#8221; global_colors_info=&#8221;{}&#8221;][et_pb_divider _builder_version=&#8221;4.16&#8243; _module_preset=&#8221;default&#8221; global_colors_info=&#8221;{}&#8221;][\/et_pb_divider][\/et_pb_column][\/et_pb_row][et_pb_row column_structure=&#8221;1_2,1_2&#8243; make_equal=&#8221;on&#8221; _builder_version=&#8221;4.21.0&#8243; _module_preset=&#8221;default&#8221; min_height=&#8221;121.6px&#8221; custom_padding=&#8221;||6px|||&#8221; animation_style=&#8221;fade&#8221; global_colors_info=&#8221;{}&#8221;][et_pb_column type=&#8221;1_2&#8243; _builder_version=&#8221;4.16&#8243; _module_preset=&#8221;default&#8221; global_colors_info=&#8221;{}&#8221;][et_pb_blurb title=&#8221;Location&#8221; image=&#8221;https:\/\/mirps-platform.org\/wp-content\/uploads\/2023\/06\/Icons-good-practices-MIRPS-03.png&#8221; icon_placement=&#8221;left&#8221; _builder_version=&#8221;4.21.0&#8243; _module_preset=&#8221;default&#8221; header_font_size=&#8221;30px&#8221; global_colors_info=&#8221;{}&#8221;]<\/p>\n<p>Guatemala<\/p>\n<p>[\/et_pb_blurb][\/et_pb_column][et_pb_column type=&#8221;1_2&#8243; _builder_version=&#8221;4.16&#8243; _module_preset=&#8221;default&#8221; global_colors_info=&#8221;{}&#8221;][et_pb_blurb title=&#8221;Duration&#8221; image=&#8221;https:\/\/mirps-platform.org\/wp-content\/uploads\/2023\/06\/Icons-good-practices-MIRPS-02.png&#8221; icon_placement=&#8221;left&#8221; _builder_version=&#8221;4.21.0&#8243; _module_preset=&#8221;default&#8221; header_font_size=&#8221;30px&#8221; global_colors_info=&#8221;{}&#8221;]<\/p>\n<p>2022 and 2025<\/p>\n<p>[\/et_pb_blurb][\/et_pb_column][\/et_pb_row][et_pb_row column_structure=&#8221;1_2,1_2&#8243; make_equal=&#8221;on&#8221; _builder_version=&#8221;4.21.0&#8243; _module_preset=&#8221;default&#8221; custom_padding=&#8221;||1px|||&#8221; animation_style=&#8221;fade&#8221; global_colors_info=&#8221;{}&#8221;][et_pb_column type=&#8221;1_2&#8243; _builder_version=&#8221;4.16&#8243; _module_preset=&#8221;default&#8221; global_colors_info=&#8221;{}&#8221;][et_pb_blurb title=&#8221;Results&#8221; image=&#8221;https:\/\/mirps-platform.org\/wp-content\/uploads\/2023\/06\/Icons-good-practices-MIRPS-01.png&#8221; icon_placement=&#8221;left&#8221; _builder_version=&#8221;4.21.0&#8243; _module_preset=&#8221;default&#8221; header_font_size=&#8221;30px&#8221; global_colors_info=&#8221;{}&#8221;][\/et_pb_blurb][et_pb_blurb use_icon=&#8221;on&#8221; font_icon=&#8221;&#x24;||divi||400&#8243; icon_placement=&#8221;left&#8221; _builder_version=&#8221;4.21.0&#8243; _module_preset=&#8221;default&#8221; header_font_size=&#8221;30px&#8221; global_colors_info=&#8221;{}&#8221;]<\/p>\n<p>Re-launching of Renacer en Guate Campaign through the MINTRAB website, social networks, media, among others.<\/p>\n<p>[\/et_pb_blurb][\/et_pb_column][et_pb_column type=&#8221;1_2&#8243; _builder_version=&#8221;4.16&#8243; _module_preset=&#8221;default&#8221; global_colors_info=&#8221;{}&#8221;][et_pb_blurb title=&#8221;Lead Entity and Partners&#8221; image=&#8221;https:\/\/mirps-platform.org\/wp-content\/uploads\/2023\/06\/Icons-good-practices-MIRPS-02.png&#8221; icon_placement=&#8221;left&#8221; _builder_version=&#8221;4.21.0&#8243; _module_preset=&#8221;default&#8221; header_font_size=&#8221;30px&#8221; custom_margin=&#8221;||-1px|||&#8221; global_colors_info=&#8221;{}&#8221;][\/et_pb_blurb][et_pb_blurb use_icon=&#8221;on&#8221; font_icon=&#8221;&#x24;||divi||400&#8243; icon_placement=&#8221;left&#8221; _builder_version=&#8221;4.21.0&#8243; _module_preset=&#8221;default&#8221; header_font_size=&#8221;30px&#8221; custom_padding=&#8221;17px|||||&#8221; global_colors_info=&#8221;{}&#8221;]<\/p>\n<p>Ministerio de Trabajo y Previsi\u00f3n Social -MNINTRAB-, UNHCR<\/p>\n<p>[\/et_pb_blurb][\/et_pb_column][\/et_pb_row][et_pb_row column_structure=&#8221;1_2,1_2&#8243; make_equal=&#8221;on&#8221; _builder_version=&#8221;4.21.0&#8243; _module_preset=&#8221;default&#8221; custom_padding=&#8221;||2px|||&#8221; animation_style=&#8221;fade&#8221; global_colors_info=&#8221;{}&#8221;][et_pb_column type=&#8221;1_2&#8243; _builder_version=&#8221;4.16&#8243; _module_preset=&#8221;default&#8221; global_colors_info=&#8221;{}&#8221;][et_pb_blurb title=&#8221;Linked MIRPS Commitment&#8221; image=&#8221;https:\/\/mirps-platform.org\/wp-content\/uploads\/2023\/06\/Icons-good-practices-MIRPS-04-1.png&#8221; icon_placement=&#8221;left&#8221; _builder_version=&#8221;4.21.0&#8243; _module_preset=&#8221;default&#8221; header_font_size=&#8221;30px&#8221; global_colors_info=&#8221;{}&#8221;]<\/p>\n<p>Commitment 18: Inform and raise awareness among actors across the labour market ecosystem about the rights of asylum-seekers, refugees, and returned Guatemalans.<\/p>\n<p>[\/et_pb_blurb][\/et_pb_column][et_pb_column type=&#8221;1_2&#8243; _builder_version=&#8221;4.16&#8243; _module_preset=&#8221;default&#8221; global_colors_info=&#8221;{}&#8221;][\/et_pb_column][\/et_pb_row][et_pb_row _builder_version=&#8221;4.16&#8243; _module_preset=&#8221;default&#8221; min_height=&#8221;1px&#8221; custom_margin=&#8221;|auto|-18px|auto|false|false&#8221; custom_padding=&#8221;33px||23px|||&#8221; global_colors_info=&#8221;{}&#8221;][et_pb_column type=&#8221;4_4&#8243; _builder_version=&#8221;4.16&#8243; _module_preset=&#8221;default&#8221; global_colors_info=&#8221;{}&#8221;][et_pb_text _builder_version=&#8221;4.21.0&#8243; _module_preset=&#8221;default&#8221; text_font_size=&#8221;24px&#8221; header_font_size=&#8221;17px&#8221; header_2_font_size=&#8221;30px&#8221; custom_margin=&#8221;26px|||||&#8221; global_colors_info=&#8221;{}&#8221;]<\/p>\n<h2 style=\"text-align: center;\">Aditional Resources<\/h2>\n<p>[\/et_pb_text][\/et_pb_column][\/et_pb_row][et_pb_row _builder_version=&#8221;4.21.0&#8243; _module_preset=&#8221;default&#8221; global_colors_info=&#8221;{}&#8221;][et_pb_column type=&#8221;4_4&#8243; _builder_version=&#8221;4.21.0&#8243; _module_preset=&#8221;default&#8221; global_colors_info=&#8221;{}&#8221;][et_pb_slider _builder_version=&#8221;4.21.0&#8243; _module_preset=&#8221;default&#8221; global_colors_info=&#8221;{}&#8221;][et_pb_slide heading=&#8221;Renaciendo Guate: MINTRAB and UNHCR launch campaign to promote economic inclusion of refugees and asylum-seekers in Guatemala &#8221; button_text=&#8221;Learn more&#8221; button_link=&#8221;https:\/\/www.acnur.org\/noticias\/comunicados-de-prensa\/renaciendo-guate-mintrab-y-acnur-lanzan-campana-para-promover-la&#8221; _builder_version=&#8221;4.21.0&#8243; _module_preset=&#8221;default&#8221; background_video_mp4=&#8221;https:\/\/mirps-platform.org\/wp-content\/uploads\/2023\/07\/356630874_798343772024184_3954538922715945146_n.mp4&#8243; background_enable_video_mp4=&#8221;on&#8221; link_option_url=&#8221;https:\/\/www.acnur.org\/noticias\/comunicados-de-prensa\/renaciendo-guate-mintrab-y-acnur-lanzan-campana-para-promover-la&#8221; global_colors_info=&#8221;{}&#8221; sticky_transition=&#8221;on&#8221;]<\/p>\n<p>Press Release<\/p>\n<p>[\/et_pb_slide][\/et_pb_slider][\/et_pb_column][\/et_pb_row][et_pb_row _builder_version=&#8221;4.21.0&#8243; _module_preset=&#8221;default&#8221; global_colors_info=&#8221;{}&#8221;][et_pb_column type=&#8221;4_4&#8243; _builder_version=&#8221;4.21.0&#8243; _module_preset=&#8221;default&#8221; global_colors_info=&#8221;{}&#8221;][et_pb_video src=&#8221;https:\/\/www.youtube.com\/watch?v=ESf8GRObC_4&#8243; _builder_version=&#8221;4.21.0&#8243; _module_preset=&#8221;default&#8221; width=&#8221;70%&#8221; max_width=&#8221;100%&#8221; custom_margin=&#8221;|||199px|false|false&#8221; global_colors_info=&#8221;{}&#8221;][\/et_pb_video][\/et_pb_column][\/et_pb_row][et_pb_row column_structure=&#8221;1_4,1_4,1_4,1_4&#8243; _builder_version=&#8221;4.21.0&#8243; _module_preset=&#8221;default&#8221; global_colors_info=&#8221;{}&#8221;][et_pb_column type=&#8221;1_4&#8243; _builder_version=&#8221;4.21.0&#8243; _module_preset=&#8221;default&#8221; global_colors_info=&#8221;{}&#8221;][et_pb_code _builder_version=&#8221;4.21.0&#8243; _module_preset=&#8221;default&#8221; global_colors_info=&#8221;{}&#8221;]<\/p>\n<blockquote class=\"twitter-tweet\"><p><!-- [et_pb_line_break_holder] --><pee dir=\"ltr\" lang=\"es\">Las personas refugiadas son emprendedoras y trabajadoras. Traen consigo experiencia, habilidades y capacidades que les permiten optar a oportunidades laborales. Darles una oportunidad es contribuir a que puedan renacer en Guate.<a href=\"https:\/\/twitter.com\/hashtag\/RenaciendoEnGuate?src=hash&#038;ref_src=twsrc%5Etfw\">#RenaciendoEnGuate<\/a>\u00a0<a href=\"https:\/\/twitter.com\/hashtag\/ConLosRefugiados?src=hash&#038;ref_src=twsrc%5Etfw\">#ConLosRefugiados<\/a>\u00a0<a href=\"https:\/\/t.co\/eKrlYb5K3w\">pic.twitter.com\/eKrlYb5K3w<\/a><\/pee><!-- [et_pb_line_break_holder] -->\u2014 MINTRAB (@MINTRABAJOGuate)\u00a0<a href=\"https:\/\/twitter.com\/MINTRABAJOGuate\/status\/1488959275112218624?ref_src=twsrc%5Etfw\">February 2, 2022<\/a><\/p><\/blockquote>\n<p><!-- [et_pb_line_break_holder] --><pee><script async src=\"https:\/\/platform.twitter.com\/widgets.js\" charset=\"utf-8\"><\/script><\/pee>[\/et_pb_code][\/et_pb_column][et_pb_column type=&#8221;1_4&#8243; _builder_version=&#8221;4.21.0&#8243; _module_preset=&#8221;default&#8221; global_colors_info=&#8221;{}&#8221;][et_pb_code _builder_version=&#8221;4.21.0&#8243; _module_preset=&#8221;default&#8221; global_colors_info=&#8221;{}&#8221;]<\/p>\n<blockquote class=\"twitter-tweet\"><p><!-- [et_pb_line_break_holder] --><pee dir=\"ltr\" lang=\"es\">En Guatemala, Hugledys encontr\u00f3 la manera de mantener a su familia segura y con esperanza de lograr nuevas metas.\u00a0<a href=\"https:\/\/twitter.com\/hashtag\/RenaciendoEnGuate?src=hash&#038;ref_src=twsrc%5Etfw\">#RenaciendoEnGuate<\/a>\u00a0<a href=\"https:\/\/twitter.com\/hashtag\/ConLosRefugiados?src=hash&#038;ref_src=twsrc%5Etfw\">#ConLosRefugiados<\/a>\u00a0<a href=\"https:\/\/t.co\/1ofqbvVmg4\">pic.twitter.com\/1ofqbvVmg4<\/a><\/pee><!-- [et_pb_line_break_holder] -->\u2014 MINTRAB (@MINTRABAJOGuate)\u00a0<a href=\"https:\/\/twitter.com\/MINTRABAJOGuate\/status\/1501732068685869057?ref_src=twsrc%5Etfw\">March 10, 2022<\/a><\/p><\/blockquote>\n<p><!-- [et_pb_line_break_holder] --><pee><script async src=\"https:\/\/platform.twitter.com\/widgets.js\" charset=\"utf-8\"><\/script><\/pee>[\/et_pb_code][\/et_pb_column][et_pb_column type=&#8221;1_4&#8243; _builder_version=&#8221;4.21.0&#8243; _module_preset=&#8221;default&#8221; global_colors_info=&#8221;{}&#8221;][et_pb_code _builder_version=&#8221;4.21.0&#8243; _module_preset=&#8221;default&#8221; global_colors_info=&#8221;{}&#8221;]<\/p>\n<blockquote class=\"twitter-tweet\"><p><!-- [et_pb_line_break_holder] --><pee dir=\"ltr\" lang=\"es\">Para Luc\u00eda, renacer en Guatemala significa tranquilidad y esperanza para su vida.\u00a0<a href=\"https:\/\/twitter.com\/hashtag\/RenaciendoEnGuate?src=hash&#038;ref_src=twsrc%5Etfw\">#RenaciendoEnGuate<\/a>\u00a0<a href=\"https:\/\/twitter.com\/hashtag\/ConLosRefugiados?src=hash&#038;ref_src=twsrc%5Etfw\">#ConLosRefugiados<\/a>\u00a0<a href=\"https:\/\/t.co\/LS9PEf0GFP\">pic.twitter.com\/LS9PEf0GFP<\/a><\/pee><!-- [et_pb_line_break_holder] -->\u2014 MINTRAB (@MINTRABAJOGuate)\u00a0<a href=\"https:\/\/twitter.com\/MINTRABAJOGuate\/status\/1498463747748372480?ref_src=twsrc%5Etfw\">March 1, 2022<\/a><\/p><\/blockquote>\n<p><!-- [et_pb_line_break_holder] --><pee><script async src=\"https:\/\/platform.twitter.com\/widgets.js\" charset=\"utf-8\"><\/script><\/pee>[\/et_pb_code][\/et_pb_column][et_pb_column type=&#8221;1_4&#8243; _builder_version=&#8221;4.21.0&#8243; _module_preset=&#8221;default&#8221; global_colors_info=&#8221;{}&#8221;][et_pb_code _builder_version=&#8221;4.21.0&#8243; _module_preset=&#8221;default&#8221; global_colors_info=&#8221;{}&#8221;]<\/p>\n<blockquote class=\"twitter-tweet\"><p><!-- [et_pb_line_break_holder] --><pee dir=\"ltr\" lang=\"es\">H\u00e9ctor, refugiado venezolano, se encuentra emprendiendo en Guatemala. Esto le ayuda a conseguir lo m\u00e1s importante para \u00e9l: el bienestar de su familia.<a href=\"https:\/\/twitter.com\/hashtag\/RenaciendoEnGuate?src=hash&#038;ref_src=twsrc%5Etfw\">#RenaciendoEnGuate<\/a>\u00a0<a href=\"https:\/\/twitter.com\/hashtag\/ConLosRefugiados?src=hash&#038;ref_src=twsrc%5Etfw\">#ConLosRefugiados<\/a>\u00a0<a href=\"https:\/\/t.co\/yvWRS8hpwI\">pic.twitter.com\/yvWRS8hpwI<\/a><\/pee><!-- [et_pb_line_break_holder] -->\u2014 MINTRAB (@MINTRABAJOGuate)\u00a0<a href=\"https:\/\/twitter.com\/MINTRABAJOGuate\/status\/1495947225511432196?ref_src=twsrc%5Etfw\">February 22, 2022<\/a><\/p><\/blockquote>\n<p><!-- [et_pb_line_break_holder] --><pee><script async src=\"https:\/\/platform.twitter.com\/widgets.js\" charset=\"utf-8\"><\/script><\/pee>[\/et_pb_code][\/et_pb_column][\/et_pb_row][\/et_pb_section]<\/p>\n","protected":false},"excerpt":{"rendered":"<p>&#8220;Renaciendo en Guate&#8221; CampaignThrough the &#8220;Reborn in Guate&#8221; campaign promoted by MINTRAB, the aim is to raise awareness among the business sector, public officials and the general population about the reasons that force refugees to leave their countries and the importance of providing opportunities for their integration.Guatemala2022 and 2025Re-launching of Renacer en Guate Campaign through [&hellip;]<\/p>\n","protected":false},"author":6,"featured_media":0,"parent":59542,"menu_order":0,"comment_status":"closed","ping_status":"closed","template":"","meta":{"_acf_changed":false,"_et_pb_use_builder":"on","_et_pb_old_content":"","_et_gb_content_width":"","footnotes":""},"class_list":["post-60324","page","type-page","status-publish","hentry"],"acf":[],"yoast_head":"<!-- This site is optimized with the Yoast SEO plugin v27.5 - https:\/\/yoast.com\/product\/yoast-seo-wordpress\/ -->\n<title>&quot;Renaciendo en Guate&quot; Campaign - MIRPS<\/title>\n<meta name=\"description\" content=\"The &quot;Renaciendo en Guate&quot; campaign raises awareness of providing opportunities for refugees to integrate into the country.\" \/>\n<meta name=\"robots\" content=\"index, follow, max-snippet:-1, max-image-preview:large, max-video-preview:-1\" \/>\n<link rel=\"canonical\" href=\"https:\/\/mirps-platform.org\/recursos\/buenas-practicas\/campana-renaciendo-en-guate\/\" \/>\n<meta property=\"og:locale\" content=\"en_US\" \/>\n<meta property=\"og:type\" content=\"article\" \/>\n<meta property=\"og:title\" content=\"&quot;Renaciendo en Guate&quot; Campaign - MIRPS\" \/>\n<meta property=\"og:description\" content=\"The &quot;Renaciendo en Guate&quot; campaign raises awareness of providing opportunities for refugees to integrate into the country.\" \/>\n<meta property=\"og:url\" content=\"https:\/\/mirps-platform.org\/recursos\/buenas-practicas\/campana-renaciendo-en-guate\/\" \/>\n<meta property=\"og:site_name\" content=\"MIRPS\" \/>\n<meta property=\"article:modified_time\" content=\"2025-06-17T22:02:15+00:00\" \/>\n<meta name=\"twitter:card\" content=\"summary_large_image\" \/>\n<meta name=\"twitter:label1\" content=\"Est. reading time\" \/>\n\t<meta name=\"twitter:data1\" content=\"2 minutes\" \/>\n<script type=\"application\/ld+json\" class=\"yoast-schema-graph\">{\"@context\":\"https:\\\/\\\/schema.org\",\"@graph\":[{\"@type\":\"WebPage\",\"@id\":\"https:\\\/\\\/mirps-platform.org\\\/recursos\\\/buenas-practicas\\\/campana-renaciendo-en-guate\\\/\",\"url\":\"https:\\\/\\\/mirps-platform.org\\\/recursos\\\/buenas-practicas\\\/campana-renaciendo-en-guate\\\/\",\"name\":\"\\\"Renaciendo en Guate\\\" Campaign - MIRPS\",\"isPartOf\":{\"@id\":\"https:\\\/\\\/mirps-platform.org\\\/#website\"},\"datePublished\":\"2023-07-11T15:56:35+00:00\",\"dateModified\":\"2025-06-17T22:02:15+00:00\",\"description\":\"The \\\"Renaciendo en Guate\\\" campaign raises awareness of providing opportunities for refugees to integrate into the country.\",\"breadcrumb\":{\"@id\":\"https:\\\/\\\/mirps-platform.org\\\/recursos\\\/buenas-practicas\\\/campana-renaciendo-en-guate\\\/#breadcrumb\"},\"inLanguage\":\"en-US\",\"potentialAction\":[{\"@type\":\"ReadAction\",\"target\":[\"https:\\\/\\\/mirps-platform.org\\\/recursos\\\/buenas-practicas\\\/campana-renaciendo-en-guate\\\/\"]}]},{\"@type\":\"BreadcrumbList\",\"@id\":\"https:\\\/\\\/mirps-platform.org\\\/recursos\\\/buenas-practicas\\\/campana-renaciendo-en-guate\\\/#breadcrumb\",\"itemListElement\":[{\"@type\":\"ListItem\",\"position\":1,\"name\":\"Home\",\"item\":\"https:\\\/\\\/mirps-platform.org\\\/en\\\/\"},{\"@type\":\"ListItem\",\"position\":2,\"name\":\"Resources\",\"item\":\"https:\\\/\\\/mirps-platform.org\\\/en\\\/resources\\\/\"},{\"@type\":\"ListItem\",\"position\":3,\"name\":\"Good Practices\",\"item\":\"https:\\\/\\\/mirps-platform.org\\\/recursos\\\/buenas-practicas\\\/\"},{\"@type\":\"ListItem\",\"position\":4,\"name\":\"&#8220;Renaciendo en Guate&#8221; Campaign\"}]},{\"@type\":\"WebSite\",\"@id\":\"https:\\\/\\\/mirps-platform.org\\\/#website\",\"url\":\"https:\\\/\\\/mirps-platform.org\\\/\",\"name\":\"MIRPS\",\"description\":\"Comprehensive Regional Protection and Solutions Framework\",\"potentialAction\":[{\"@type\":\"SearchAction\",\"target\":{\"@type\":\"EntryPoint\",\"urlTemplate\":\"https:\\\/\\\/mirps-platform.org\\\/?s={search_term_string}\"},\"query-input\":{\"@type\":\"PropertyValueSpecification\",\"valueRequired\":true,\"valueName\":\"search_term_string\"}}],\"inLanguage\":\"en-US\"}]}<\/script>\n<!-- \/ Yoast SEO plugin. -->","yoast_head_json":{"title":"\"Renaciendo en Guate\" Campaign - MIRPS","description":"The \"Renaciendo en Guate\" campaign raises awareness of providing opportunities for refugees to integrate into the country.","robots":{"index":"index","follow":"follow","max-snippet":"max-snippet:-1","max-image-preview":"max-image-preview:large","max-video-preview":"max-video-preview:-1"},"canonical":"https:\/\/mirps-platform.org\/recursos\/buenas-practicas\/campana-renaciendo-en-guate\/","og_locale":"en_US","og_type":"article","og_title":"\"Renaciendo en Guate\" Campaign - MIRPS","og_description":"The \"Renaciendo en Guate\" campaign raises awareness of providing opportunities for refugees to integrate into the country.","og_url":"https:\/\/mirps-platform.org\/recursos\/buenas-practicas\/campana-renaciendo-en-guate\/","og_site_name":"MIRPS","article_modified_time":"2025-06-17T22:02:15+00:00","twitter_card":"summary_large_image","twitter_misc":{"Est. reading time":"2 minutes"},"schema":{"@context":"https:\/\/schema.org","@graph":[{"@type":"WebPage","@id":"https:\/\/mirps-platform.org\/recursos\/buenas-practicas\/campana-renaciendo-en-guate\/","url":"https:\/\/mirps-platform.org\/recursos\/buenas-practicas\/campana-renaciendo-en-guate\/","name":"\"Renaciendo en Guate\" Campaign - MIRPS","isPartOf":{"@id":"https:\/\/mirps-platform.org\/#website"},"datePublished":"2023-07-11T15:56:35+00:00","dateModified":"2025-06-17T22:02:15+00:00","description":"The \"Renaciendo en Guate\" campaign raises awareness of providing opportunities for refugees to integrate into the country.","breadcrumb":{"@id":"https:\/\/mirps-platform.org\/recursos\/buenas-practicas\/campana-renaciendo-en-guate\/#breadcrumb"},"inLanguage":"en-US","potentialAction":[{"@type":"ReadAction","target":["https:\/\/mirps-platform.org\/recursos\/buenas-practicas\/campana-renaciendo-en-guate\/"]}]},{"@type":"BreadcrumbList","@id":"https:\/\/mirps-platform.org\/recursos\/buenas-practicas\/campana-renaciendo-en-guate\/#breadcrumb","itemListElement":[{"@type":"ListItem","position":1,"name":"Home","item":"https:\/\/mirps-platform.org\/en\/"},{"@type":"ListItem","position":2,"name":"Resources","item":"https:\/\/mirps-platform.org\/en\/resources\/"},{"@type":"ListItem","position":3,"name":"Good Practices","item":"https:\/\/mirps-platform.org\/recursos\/buenas-practicas\/"},{"@type":"ListItem","position":4,"name":"&#8220;Renaciendo en Guate&#8221; Campaign"}]},{"@type":"WebSite","@id":"https:\/\/mirps-platform.org\/#website","url":"https:\/\/mirps-platform.org\/","name":"MIRPS","description":"Comprehensive Regional Protection and Solutions Framework","potentialAction":[{"@type":"SearchAction","target":{"@type":"EntryPoint","urlTemplate":"https:\/\/mirps-platform.org\/?s={search_term_string}"},"query-input":{"@type":"PropertyValueSpecification","valueRequired":true,"valueName":"search_term_string"}}],"inLanguage":"en-US"}]}},"_links":{"self":[{"href":"https:\/\/mirps-platform.org\/en\/wp-json\/wp\/v2\/pages\/60324","targetHints":{"allow":["GET"]}}],"collection":[{"href":"https:\/\/mirps-platform.org\/en\/wp-json\/wp\/v2\/pages"}],"about":[{"href":"https:\/\/mirps-platform.org\/en\/wp-json\/wp\/v2\/types\/page"}],"author":[{"embeddable":true,"href":"https:\/\/mirps-platform.org\/en\/wp-json\/wp\/v2\/users\/6"}],"replies":[{"embeddable":true,"href":"https:\/\/mirps-platform.org\/en\/wp-json\/wp\/v2\/comments?post=60324"}],"version-history":[{"count":9,"href":"https:\/\/mirps-platform.org\/en\/wp-json\/wp\/v2\/pages\/60324\/revisions"}],"predecessor-version":[{"id":62587,"href":"https:\/\/mirps-platform.org\/en\/wp-json\/wp\/v2\/pages\/60324\/revisions\/62587"}],"up":[{"embeddable":true,"href":"https:\/\/mirps-platform.org\/en\/wp-json\/wp\/v2\/pages\/59542"}],"wp:attachment":[{"href":"https:\/\/mirps-platform.org\/en\/wp-json\/wp\/v2\/media?parent=60324"}],"curies":[{"name":"wp","href":"https:\/\/api.w.org\/{rel}","templated":true}]}}