{"id":60044,"date":"2023-06-19T20:53:05","date_gmt":"2023-06-19T20:53:05","guid":{"rendered":"https:\/\/mirps-platform.org\/?page_id=60044"},"modified":"2023-07-17T16:02:44","modified_gmt":"2023-07-17T16:02:44","slug":"regional-forum-world-refugee-day","status":"publish","type":"page","link":"https:\/\/mirps-platform.org\/en\/resources\/events\/regional-forum-world-refugee-day\/","title":{"rendered":"Regional Forum &#8211; World Refugee Day"},"content":{"rendered":"<p>[et_pb_section fb_built=&#8221;1&#8243; _builder_version=&#8221;4.16&#8243; _module_preset=&#8221;default&#8221; global_colors_info=&#8221;{}&#8221;][et_pb_row _builder_version=&#8221;4.16&#8243; _module_preset=&#8221;default&#8221; global_colors_info=&#8221;{}&#8221;][et_pb_column type=&#8221;4_4&#8243; _builder_version=&#8221;4.16&#8243; _module_preset=&#8221;default&#8221; global_colors_info=&#8221;{}&#8221;][et_pb_text _builder_version=&#8221;4.21.0&#8243; _module_preset=&#8221;default&#8221; text_text_color=&#8221;#000000&#8243; text_font_size=&#8221;45px&#8221; text_line_height=&#8221;1.2em&#8221; custom_padding=&#8221;|202px||202px||true&#8221; global_colors_info=&#8221;{}&#8221;]<\/p>\n<p style=\"text-align: center;\"><strong>\u00a0Regional Forum &#8211; World Refugee Day: Opportunities for integration of refugees<\/strong><\/p>\n<p>[\/et_pb_text][\/et_pb_column][\/et_pb_row][et_pb_row _builder_version=&#8221;4.16&#8243; _module_preset=&#8221;default&#8221; custom_margin=&#8221;-31px||-32px||false|false&#8221; global_colors_info=&#8221;{}&#8221;][et_pb_column type=&#8221;4_4&#8243; _builder_version=&#8221;4.16&#8243; _module_preset=&#8221;default&#8221; global_colors_info=&#8221;{}&#8221;][et_pb_text _builder_version=&#8221;4.21.0&#8243; _module_preset=&#8221;default&#8221; text_text_color=&#8221;#000000&#8243; global_colors_info=&#8221;{}&#8221;]<\/p>\n<p><em>June 20, 2023<\/em><\/p>\n<p>[\/et_pb_text][\/et_pb_column][\/et_pb_row][et_pb_row column_structure=&#8221;1_2,1_2&#8243; _builder_version=&#8221;4.16&#8243; _module_preset=&#8221;default&#8221; global_colors_info=&#8221;{}&#8221;][et_pb_column type=&#8221;1_2&#8243; _builder_version=&#8221;4.16&#8243; _module_preset=&#8221;default&#8221; global_colors_info=&#8221;{}&#8221;][et_pb_image src=&#8221;https:\/\/mirps-platform.org\/wp-content\/uploads\/2023\/06\/Panama-WRD-2023_Mesa-de-trabajo-1-copy-2.png&#8221; title_text=&#8221;Panama WRD 2023_Mesa de trabajo 1 copy 2&#8243; _builder_version=&#8221;4.21.0&#8243; _module_preset=&#8221;default&#8221; global_colors_info=&#8221;{}&#8221;][\/et_pb_image][\/et_pb_column][et_pb_column type=&#8221;1_2&#8243; _builder_version=&#8221;4.16&#8243; _module_preset=&#8221;default&#8221; global_colors_info=&#8221;{}&#8221;][et_pb_text _builder_version=&#8221;4.16&#8243; _module_preset=&#8221;default&#8221; text_text_color=&#8221;#000000&#8243; text_font_size=&#8221;19px&#8221; text_line_height=&#8221;1.9em&#8221; global_colors_info=&#8221;{}&#8221;]<\/p>\n<p>The <a href=\"https:\/\/www.mingob.gob.pa\/\">Ministry of Government of Panama<\/a>, in its capacity as Pro-tempore Presidency of the <a href=\"https:\/\/mirps-platform.org\/en\/what-is-the-mirps\/\">MIRPS<\/a>, in coordination with the leading countries of the MIRPS Regional Working Groups, is organizing the Regional Forum in commemoration of World Refugee Day 2023: Opportunities for the Integration of Refugees.<\/p>\n<p>This event will be a regional dialogue to recognize and confirm that when refugees are provided with opportunities, they can support themselves and their families and contribute positively to their host communities.<\/p>\n<p>[\/et_pb_text][\/et_pb_column][\/et_pb_row][et_pb_row _builder_version=&#8221;4.21.0&#8243; _module_preset=&#8221;default&#8221; global_colors_info=&#8221;{}&#8221;][et_pb_column type=&#8221;4_4&#8243; _builder_version=&#8221;4.16&#8243; _module_preset=&#8221;default&#8221; global_colors_info=&#8221;{}&#8221;][et_pb_image src=&#8221;https:\/\/mirpsplatform.org\/wp-content\/uploads\/2022\/01\/noun-agenda-4519820-AF2C27.png&#8221; title_text=&#8221;noun-agenda-4519820-AF2C27&#8243; url_new_window=&#8221;on&#8221; align=&#8221;center&#8221; _builder_version=&#8221;4.21.0&#8243; _module_preset=&#8221;default&#8221; module_alignment=&#8221;center&#8221; height=&#8221;100px&#8221; hover_enabled=&#8221;0&#8243; global_colors_info=&#8221;{}&#8221; url=&#8221;https:\/\/mirps-platform.org\/wp-content\/uploads\/2023\/06\/NC-Foro-regional-Dia-del-Refugiado-2023-vf.pdf&#8221; sticky_enabled=&#8221;0&#8243;][\/et_pb_image][et_pb_text _builder_version=&#8221;4.21.0&#8243; _module_preset=&#8221;default&#8221; link_option_url_new_window=&#8221;on&#8221; hover_enabled=&#8221;0&#8243; global_colors_info=&#8221;{}&#8221; link_option_url=&#8221;https:\/\/mirps-platform.org\/wp-content\/uploads\/2023\/06\/NC-Foro-regional-Dia-del-Refugiado-2023-vf.pdf&#8221; sticky_enabled=&#8221;0&#8243;]<\/p>\n<h4 style=\"text-align: center;\">Concept note<\/h4>\n<p>[\/et_pb_text][\/et_pb_column][\/et_pb_row][et_pb_row _builder_version=&#8221;4.16&#8243; _module_preset=&#8221;default&#8221; custom_padding=&#8221;28px||0px|||&#8221; global_colors_info=&#8221;{}&#8221;][et_pb_column type=&#8221;4_4&#8243; _builder_version=&#8221;4.16&#8243; _module_preset=&#8221;default&#8221; global_colors_info=&#8221;{}&#8221;][et_pb_divider _builder_version=&#8221;4.16&#8243; _module_preset=&#8221;default&#8221; global_colors_info=&#8221;{}&#8221;][\/et_pb_divider][\/et_pb_column][\/et_pb_row][et_pb_row _builder_version=&#8221;4.21.0&#8243; _module_preset=&#8221;default&#8221; global_colors_info=&#8221;{}&#8221;][et_pb_column type=&#8221;4_4&#8243; _builder_version=&#8221;4.21.0&#8243; _module_preset=&#8221;default&#8221; global_colors_info=&#8221;{}&#8221;][et_pb_gallery gallery_ids=&#8221;60082,60084,60086,60088,60090,60092,60094,60096&#8243; _builder_version=&#8221;4.21.0&#8243; _module_preset=&#8221;default&#8221; global_colors_info=&#8221;{}&#8221;][\/et_pb_gallery][\/et_pb_column][\/et_pb_row][et_pb_row _builder_version=&#8221;4.16&#8243; _module_preset=&#8221;default&#8221; min_height=&#8221;90px&#8221; custom_margin=&#8221;-2px|auto|-8px|auto||&#8221; custom_padding=&#8221;||1px|||&#8221; global_colors_info=&#8221;{}&#8221;][et_pb_column type=&#8221;4_4&#8243; _builder_version=&#8221;4.16&#8243; _module_preset=&#8221;default&#8221; global_colors_info=&#8221;{}&#8221;][et_pb_text _builder_version=&#8221;4.16&#8243; _module_preset=&#8221;default&#8221; global_colors_info=&#8221;{}&#8221;]<\/p>\n<h3 style=\"text-align: center;\">Objectives of the event<\/h3>\n<p>[\/et_pb_text][\/et_pb_column][\/et_pb_row][et_pb_row _builder_version=&#8221;4.16&#8243; _module_preset=&#8221;default&#8221; global_colors_info=&#8221;{}&#8221;][et_pb_column type=&#8221;4_4&#8243; _builder_version=&#8221;4.16&#8243; _module_preset=&#8221;default&#8221; global_colors_info=&#8221;{}&#8221;][et_pb_image src=&#8221;https:\/\/mirps-platform.org\/wp-content\/uploads\/2023\/06\/Panama-WRD-2023-08.png&#8221; title_text=&#8221;Panama WRD 2023-08&#8243; align=&#8221;center&#8221; _builder_version=&#8221;4.21.0&#8243; _module_preset=&#8221;default&#8221; max_height=&#8221;379px&#8221; global_colors_info=&#8221;{}&#8221;][\/et_pb_image][\/et_pb_column][\/et_pb_row][et_pb_row _builder_version=&#8221;4.16&#8243; _module_preset=&#8221;default&#8221; global_colors_info=&#8221;{}&#8221;][et_pb_column type=&#8221;4_4&#8243; _builder_version=&#8221;4.16&#8243; _module_preset=&#8221;default&#8221; global_colors_info=&#8221;{}&#8221;][et_pb_text _builder_version=&#8221;4.16&#8243; _module_preset=&#8221;default&#8221; global_colors_info=&#8221;{}&#8221;]<\/p>\n<h3 style=\"text-align: center;\">The Event on Social Media: Featured Content<\/h3>\n<p>[\/et_pb_text][\/et_pb_column][\/et_pb_row][et_pb_row column_structure=&#8221;1_5,1_5,1_5,1_5,1_5&#8243; _builder_version=&#8221;4.21.0&#8243; _module_preset=&#8221;default&#8221; global_colors_info=&#8221;{}&#8221;][et_pb_column type=&#8221;1_5&#8243; _builder_version=&#8221;4.16&#8243; _module_preset=&#8221;default&#8221; global_colors_info=&#8221;{}&#8221;][et_pb_code _builder_version=&#8221;4.21.0&#8243; _module_preset=&#8221;default&#8221; global_colors_info=&#8221;{}&#8221;]<\/p>\n<blockquote class=\"twitter-tweet\"><pee lang=\"es\" dir=\"ltr\">En el marco del D\u00eda Mundial del Refugiado, desarrollamos el foro regional: &#8220;Oportunidades para la Integraci\u00f3n de las Personas Refugiadas&#8221; liderado por la Vm <a href=\"https:\/\/twitter.com\/JuanaLopezC?ref_src=twsrc%5Etfw\">@JuanaLopezC<\/a> en su calidad de presidenta Pro-Tempore del Marco Integral Regional para la Protecci\u00f3n y Soluciones, MIRPS. <a href=\"https:\/\/t.co\/sl7etgNY0z\">pic.twitter.com\/sl7etgNY0z<\/a><\/pee>\u2014 Ministerio de Gobierno de Panam\u00e1 (@MinGobPma) <a href=\"https:\/\/twitter.com\/MinGobPma\/status\/1671201594044559377?ref_src=twsrc%5Etfw\">June 20, 2023<\/a><\/p><\/blockquote>\n<p> <script async src=\"https:\/\/platform.twitter.com\/widgets.js\" charset=\"utf-8\"><\/script>[\/et_pb_code][\/et_pb_column][et_pb_column type=&#8221;1_5&#8243; _builder_version=&#8221;4.16&#8243; _module_preset=&#8221;default&#8221; global_colors_info=&#8221;{}&#8221;][et_pb_code _builder_version=&#8221;4.21.0&#8243; _module_preset=&#8221;default&#8221; global_colors_info=&#8221;{}&#8221;]<\/p>\n<blockquote class=\"twitter-tweet\"><pee lang=\"es\" dir=\"ltr\">En \ud83c\uddf5\ud83c\udde6 arrancamos el <a href=\"https:\/\/twitter.com\/hashtag\/DiadelRefugiado?src=hash&#038;ref_src=twsrc%5Etfw\">#DiadelRefugiado<\/a> con el foro regional &#39;Oportunidades para la integraci\u00f3n de las personas refugiadas&#39; junto al <a href=\"https:\/\/twitter.com\/MinGobPma?ref_src=twsrc%5Etfw\">@MinGobPma<\/a><!\u2013- [et_pb_br_holder] -\u2013><!\u2013- [et_pb_br_holder] -\u2013>La integraci\u00f3n a trav\u00e9s del trabajo digno es fundamental para que las personas <a href=\"https:\/\/twitter.com\/hashtag\/ForzadasAHuir?src=hash&#038;ref_src=twsrc%5Etfw\">#ForzadasAHuir<\/a> puedan reconstruir sus vidas lejos de casa. <a href=\"https:\/\/t.co\/NniYjyx6LW\">pic.twitter.com\/NniYjyx6LW<\/a><\/pee>\u2014 ACNUR Panam\u00e1 (@acnurpanama) <a href=\"https:\/\/twitter.com\/acnurpanama\/status\/1671208528483168264?ref_src=twsrc%5Etfw\">June 20, 2023<\/a><\/p><\/blockquote>\n<p> <script async src=\"https:\/\/platform.twitter.com\/widgets.js\" charset=\"utf-8\"><\/script>[\/et_pb_code][\/et_pb_column][et_pb_column type=&#8221;1_5&#8243; _builder_version=&#8221;4.16&#8243; _module_preset=&#8221;default&#8221; global_colors_info=&#8221;{}&#8221;][et_pb_code _builder_version=&#8221;4.21.0&#8243; _module_preset=&#8221;default&#8221; global_colors_info=&#8221;{}&#8221;]<\/p>\n<blockquote class=\"twitter-tweet\"><pee lang=\"es\" dir=\"ltr\">En el D\u00eda del Refugiado quiero destacar el valioso trabajo y acompa\u00f1amiento t\u00e9cnico en tema de refugiados que siempre nos brinda <a href=\"https:\/\/twitter.com\/Refugees?ref_src=twsrc%5Etfw\">@Refugees<\/a>, tambi\u00e9n les agradezco por invitarme a este importante foro para compartir estrategias y trabajar en equipo. <a href=\"https:\/\/twitter.com\/hashtag\/UnidosLoHacemos?src=hash&#038;ref_src=twsrc%5Etfw\">#UnidosLoHacemos<\/a>\ud83c\uddf5\ud83c\udde6 <a href=\"https:\/\/t.co\/4Tq0XX1V82\">pic.twitter.com\/4Tq0XX1V82<\/a><\/pee>\u2014 Roger Alberto Tejada (@rogertejadab) <a href=\"https:\/\/twitter.com\/rogertejadab\/status\/1671290080323940360?ref_src=twsrc%5Etfw\">June 20, 2023<\/a><\/p><\/blockquote>\n<p> <script async src=\"https:\/\/platform.twitter.com\/widgets.js\" charset=\"utf-8\"><\/script>[\/et_pb_code][\/et_pb_column][et_pb_column type=&#8221;1_5&#8243; _builder_version=&#8221;4.16&#8243; _module_preset=&#8221;default&#8221; global_colors_info=&#8221;{}&#8221;][et_pb_code _builder_version=&#8221;4.21.0&#8243; _module_preset=&#8221;default&#8221; global_colors_info=&#8221;{}&#8221;]<\/p>\n<blockquote class=\"twitter-tweet\"><pee lang=\"es\" dir=\"ltr\">En el <a href=\"https:\/\/twitter.com\/hashtag\/D%C3%ADaDelRefugiado?src=hash&#038;ref_src=twsrc%5Etfw\">#D\u00edaDelRefugiado<\/a>, pa\u00edses del <a href=\"https:\/\/twitter.com\/hashtag\/MIRPS?src=hash&#038;ref_src=twsrc%5Etfw\">#MIRPS<\/a> comparten nuevas iniciativas para la protecci\u00f3n de personas desplazadas y refugiadas. Igualmente reafirman el compromiso de promover su integraci\u00f3n en comunidades de acogida.<!\u2013- [et_pb_br_holder] -\u2013><!\u2013- [et_pb_br_holder] -\u2013>Gracias a Panam\u00e1 \ud83c\uddf5\ud83c\udde6 por promover este espacio de solidaridad. <a href=\"https:\/\/t.co\/0GVdtwGA83\">pic.twitter.com\/0GVdtwGA83<\/a><\/pee>\u2014 JoseXavierSamaniego (@JoseXavierSama1) <a href=\"https:\/\/twitter.com\/JoseXavierSama1\/status\/1671202586924396557?ref_src=twsrc%5Etfw\">June 20, 2023<\/a><\/p><\/blockquote>\n<p> <script async src=\"https:\/\/platform.twitter.com\/widgets.js\" charset=\"utf-8\"><\/script>[\/et_pb_code][\/et_pb_column][et_pb_column type=&#8221;1_5&#8243; _builder_version=&#8221;4.16&#8243; _module_preset=&#8221;default&#8221; global_colors_info=&#8221;{}&#8221;][et_pb_code _builder_version=&#8221;4.21.0&#8243; _module_preset=&#8221;default&#8221; global_colors_info=&#8221;{}&#8221;]<\/p>\n<blockquote class=\"twitter-tweet\"><pee lang=\"es\" dir=\"ltr\"><a href=\"https:\/\/twitter.com\/rubenfarjeoea?ref_src=twsrc%5Etfw\">@rubenfarjeoea<\/a>, Representante de la <a href=\"https:\/\/twitter.com\/hashtag\/OEA?src=hash&#038;ref_src=twsrc%5Etfw\">#OEA<\/a> ante Panam\u00e1\ud83c\uddf5\ud83c\udde6, particip\u00f3 en el foro regional &#8220;Oportunidades para la integraci\u00f3n de las personas refugiadas&#8221;<!\u2013- [et_pb_br_holder] -\u2013><!\u2013- [et_pb_br_holder] -\u2013>En su intervenci\u00f3n recalc\u00f3 que esta es una oportunidad para visibilizar la realidad de +1 mill\u00f3n de personas en Centroam\u00e9rica y \ud83c\uddf2\ud83c\uddfd <a href=\"https:\/\/t.co\/htNgPi4edi\">https:\/\/t.co\/htNgPi4edi<\/a> <a href=\"https:\/\/t.co\/kmL1h9Nezg\">pic.twitter.com\/kmL1h9Nezg<\/a><\/pee>\u2014 OEA \u2013 Inclusi\u00f3n (@OEA_Inclusion) <a href=\"https:\/\/twitter.com\/OEA_Inclusion\/status\/1671321834476765187?ref_src=twsrc%5Etfw\">June 21, 2023<\/a><\/p><\/blockquote>\n<p> <script async src=\"https:\/\/platform.twitter.com\/widgets.js\" charset=\"utf-8\"><\/script>[\/et_pb_code][\/et_pb_column][\/et_pb_row][\/et_pb_section]<\/p>\n","protected":false},"excerpt":{"rendered":"<p>\u00a0Regional Forum &#8211; World Refugee Day: Opportunities for integration of refugeesJune 20, 2023The Ministry of Government of Panama, in its capacity as Pro-tempore Presidency of the MIRPS, in coordination with the leading countries of the MIRPS Regional Working Groups, is organizing the Regional Forum in commemoration of World Refugee Day 2023: Opportunities for the Integration [&hellip;]<\/p>\n","protected":false},"author":6,"featured_media":0,"parent":56997,"menu_order":0,"comment_status":"closed","ping_status":"closed","template":"","meta":{"_acf_changed":false,"_et_pb_use_builder":"on","_et_pb_old_content":"","_et_gb_content_width":"","footnotes":""},"class_list":["post-60044","page","type-page","status-publish","hentry"],"acf":[],"yoast_head":"<!-- This site is optimized with the Yoast SEO plugin v27.3 - https:\/\/yoast.com\/product\/yoast-seo-wordpress\/ -->\n<title>Regional Forum - World Refugee Day - MIRPS<\/title>\n<meta name=\"description\" content=\"The Regional Forum - World Refugee Day 2023 promotes a dialogue on opportunities for the integration of refugees.\" \/>\n<meta name=\"robots\" content=\"index, follow, max-snippet:-1, max-image-preview:large, max-video-preview:-1\" \/>\n<link rel=\"canonical\" href=\"https:\/\/mirps-platform.org\/en\/resources\/events\/regional-forum-world-refugee-day\/\" \/>\n<meta property=\"og:locale\" content=\"en_US\" \/>\n<meta property=\"og:type\" content=\"article\" \/>\n<meta property=\"og:title\" content=\"Regional Forum - World Refugee Day - MIRPS\" \/>\n<meta property=\"og:description\" content=\"The Regional Forum - World Refugee Day 2023 promotes a dialogue on opportunities for the integration of refugees.\" \/>\n<meta property=\"og:url\" content=\"https:\/\/mirps-platform.org\/en\/resources\/events\/regional-forum-world-refugee-day\/\" \/>\n<meta property=\"og:site_name\" content=\"MIRPS\" \/>\n<meta property=\"article:modified_time\" content=\"2023-07-17T16:02:44+00:00\" \/>\n<meta name=\"twitter:card\" content=\"summary_large_image\" \/>\n<meta name=\"twitter:label1\" content=\"Est. reading time\" \/>\n\t<meta name=\"twitter:data1\" content=\"2 minutes\" \/>\n<script type=\"application\/ld+json\" class=\"yoast-schema-graph\">{\"@context\":\"https:\\\/\\\/schema.org\",\"@graph\":[{\"@type\":\"WebPage\",\"@id\":\"https:\\\/\\\/mirps-platform.org\\\/en\\\/resources\\\/events\\\/regional-forum-world-refugee-day\\\/\",\"url\":\"https:\\\/\\\/mirps-platform.org\\\/en\\\/resources\\\/events\\\/regional-forum-world-refugee-day\\\/\",\"name\":\"Regional Forum - World Refugee Day - MIRPS\",\"isPartOf\":{\"@id\":\"https:\\\/\\\/mirps-platform.org\\\/#website\"},\"datePublished\":\"2023-06-19T20:53:05+00:00\",\"dateModified\":\"2023-07-17T16:02:44+00:00\",\"description\":\"The Regional Forum - World Refugee Day 2023 promotes a dialogue on opportunities for the integration of refugees.\",\"breadcrumb\":{\"@id\":\"https:\\\/\\\/mirps-platform.org\\\/en\\\/resources\\\/events\\\/regional-forum-world-refugee-day\\\/#breadcrumb\"},\"inLanguage\":\"en-US\",\"potentialAction\":[{\"@type\":\"ReadAction\",\"target\":[\"https:\\\/\\\/mirps-platform.org\\\/en\\\/resources\\\/events\\\/regional-forum-world-refugee-day\\\/\"]}]},{\"@type\":\"BreadcrumbList\",\"@id\":\"https:\\\/\\\/mirps-platform.org\\\/en\\\/resources\\\/events\\\/regional-forum-world-refugee-day\\\/#breadcrumb\",\"itemListElement\":[{\"@type\":\"ListItem\",\"position\":1,\"name\":\"Home\",\"item\":\"https:\\\/\\\/mirps-platform.org\\\/en\\\/\"},{\"@type\":\"ListItem\",\"position\":2,\"name\":\"Resources\",\"item\":\"https:\\\/\\\/mirps-platform.org\\\/en\\\/resources\\\/\"},{\"@type\":\"ListItem\",\"position\":3,\"name\":\"Events\",\"item\":\"https:\\\/\\\/mirps-platform.org\\\/recursos\\\/eventos\\\/\"},{\"@type\":\"ListItem\",\"position\":4,\"name\":\"Regional Forum &#8211; World Refugee Day\"}]},{\"@type\":\"WebSite\",\"@id\":\"https:\\\/\\\/mirps-platform.org\\\/#website\",\"url\":\"https:\\\/\\\/mirps-platform.org\\\/\",\"name\":\"MIRPS\",\"description\":\"Comprehensive Regional Protection and Solutions Framework\",\"potentialAction\":[{\"@type\":\"SearchAction\",\"target\":{\"@type\":\"EntryPoint\",\"urlTemplate\":\"https:\\\/\\\/mirps-platform.org\\\/?s={search_term_string}\"},\"query-input\":{\"@type\":\"PropertyValueSpecification\",\"valueRequired\":true,\"valueName\":\"search_term_string\"}}],\"inLanguage\":\"en-US\"}]}<\/script>\n<!-- \/ Yoast SEO plugin. -->","yoast_head_json":{"title":"Regional Forum - World Refugee Day - MIRPS","description":"The Regional Forum - World Refugee Day 2023 promotes a dialogue on opportunities for the integration of refugees.","robots":{"index":"index","follow":"follow","max-snippet":"max-snippet:-1","max-image-preview":"max-image-preview:large","max-video-preview":"max-video-preview:-1"},"canonical":"https:\/\/mirps-platform.org\/en\/resources\/events\/regional-forum-world-refugee-day\/","og_locale":"en_US","og_type":"article","og_title":"Regional Forum - World Refugee Day - MIRPS","og_description":"The Regional Forum - World Refugee Day 2023 promotes a dialogue on opportunities for the integration of refugees.","og_url":"https:\/\/mirps-platform.org\/en\/resources\/events\/regional-forum-world-refugee-day\/","og_site_name":"MIRPS","article_modified_time":"2023-07-17T16:02:44+00:00","twitter_card":"summary_large_image","twitter_misc":{"Est. reading time":"2 minutes"},"schema":{"@context":"https:\/\/schema.org","@graph":[{"@type":"WebPage","@id":"https:\/\/mirps-platform.org\/en\/resources\/events\/regional-forum-world-refugee-day\/","url":"https:\/\/mirps-platform.org\/en\/resources\/events\/regional-forum-world-refugee-day\/","name":"Regional Forum - World Refugee Day - MIRPS","isPartOf":{"@id":"https:\/\/mirps-platform.org\/#website"},"datePublished":"2023-06-19T20:53:05+00:00","dateModified":"2023-07-17T16:02:44+00:00","description":"The Regional Forum - World Refugee Day 2023 promotes a dialogue on opportunities for the integration of refugees.","breadcrumb":{"@id":"https:\/\/mirps-platform.org\/en\/resources\/events\/regional-forum-world-refugee-day\/#breadcrumb"},"inLanguage":"en-US","potentialAction":[{"@type":"ReadAction","target":["https:\/\/mirps-platform.org\/en\/resources\/events\/regional-forum-world-refugee-day\/"]}]},{"@type":"BreadcrumbList","@id":"https:\/\/mirps-platform.org\/en\/resources\/events\/regional-forum-world-refugee-day\/#breadcrumb","itemListElement":[{"@type":"ListItem","position":1,"name":"Home","item":"https:\/\/mirps-platform.org\/en\/"},{"@type":"ListItem","position":2,"name":"Resources","item":"https:\/\/mirps-platform.org\/en\/resources\/"},{"@type":"ListItem","position":3,"name":"Events","item":"https:\/\/mirps-platform.org\/recursos\/eventos\/"},{"@type":"ListItem","position":4,"name":"Regional Forum &#8211; World Refugee Day"}]},{"@type":"WebSite","@id":"https:\/\/mirps-platform.org\/#website","url":"https:\/\/mirps-platform.org\/","name":"MIRPS","description":"Comprehensive Regional Protection and Solutions Framework","potentialAction":[{"@type":"SearchAction","target":{"@type":"EntryPoint","urlTemplate":"https:\/\/mirps-platform.org\/?s={search_term_string}"},"query-input":{"@type":"PropertyValueSpecification","valueRequired":true,"valueName":"search_term_string"}}],"inLanguage":"en-US"}]}},"_links":{"self":[{"href":"https:\/\/mirps-platform.org\/en\/wp-json\/wp\/v2\/pages\/60044","targetHints":{"allow":["GET"]}}],"collection":[{"href":"https:\/\/mirps-platform.org\/en\/wp-json\/wp\/v2\/pages"}],"about":[{"href":"https:\/\/mirps-platform.org\/en\/wp-json\/wp\/v2\/types\/page"}],"author":[{"embeddable":true,"href":"https:\/\/mirps-platform.org\/en\/wp-json\/wp\/v2\/users\/6"}],"replies":[{"embeddable":true,"href":"https:\/\/mirps-platform.org\/en\/wp-json\/wp\/v2\/comments?post=60044"}],"version-history":[{"count":8,"href":"https:\/\/mirps-platform.org\/en\/wp-json\/wp\/v2\/pages\/60044\/revisions"}],"predecessor-version":[{"id":60484,"href":"https:\/\/mirps-platform.org\/en\/wp-json\/wp\/v2\/pages\/60044\/revisions\/60484"}],"up":[{"embeddable":true,"href":"https:\/\/mirps-platform.org\/en\/wp-json\/wp\/v2\/pages\/56997"}],"wp:attachment":[{"href":"https:\/\/mirps-platform.org\/en\/wp-json\/wp\/v2\/media?parent=60044"}],"curies":[{"name":"wp","href":"https:\/\/api.w.org\/{rel}","templated":true}]}}