{"id":58271,"date":"2023-01-17T20:06:49","date_gmt":"2023-01-17T20:06:49","guid":{"rendered":"https:\/\/mirps-platform.org\/?page_id=58271"},"modified":"2023-01-17T20:06:51","modified_gmt":"2023-01-17T20:06:51","slug":"signature-event","status":"publish","type":"page","link":"https:\/\/mirps-platform.org\/en\/resources\/events\/signature-event\/","title":{"rendered":"Signature Event"},"content":{"rendered":"<p>[et_pb_section fb_built=&#8221;1&#8243; _builder_version=&#8221;4.12.1&#8243; _module_preset=&#8221;default&#8221; global_colors_info=&#8221;{}&#8221;][et_pb_row _builder_version=&#8221;4.12.1&#8243; _module_preset=&#8221;default&#8221; global_colors_info=&#8221;{}&#8221;][et_pb_column type=&#8221;4_4&#8243; _builder_version=&#8221;4.12.1&#8243; _module_preset=&#8221;default&#8221; global_colors_info=&#8221;{}&#8221;][et_pb_text _builder_version=&#8221;4.12.1&#8243; _module_preset=&#8221;default&#8221; text_text_color=&#8221;#000000&#8243; text_font_size=&#8221;45px&#8221; text_line_height=&#8221;1.2em&#8221; global_colors_info=&#8221;{}&#8221;]<\/p>\n<p style=\"text-align: center;\"><strong>\u00a0MIRPS Support Platform Signature Event<\/strong><\/p>\n<p>[\/et_pb_text][\/et_pb_column][\/et_pb_row][et_pb_row _builder_version=&#8221;4.12.1&#8243; _module_preset=&#8221;default&#8221; custom_margin=&#8221;-31px||-32px||false|false&#8221; global_colors_info=&#8221;{}&#8221;][et_pb_column type=&#8221;4_4&#8243; _builder_version=&#8221;4.12.1&#8243; _module_preset=&#8221;default&#8221; global_colors_info=&#8221;{}&#8221;][et_pb_text _builder_version=&#8221;4.14.7&#8243; _module_preset=&#8221;default&#8221; text_text_color=&#8221;#000000&#8243; global_colors_info=&#8221;{}&#8221;]<\/p>\n<p><em>May 24th, 25th and 26th, 2022<\/em><\/p>\n<p>[\/et_pb_text][\/et_pb_column][\/et_pb_row][et_pb_row column_structure=&#8221;1_2,1_2&#8243; _builder_version=&#8221;4.12.1&#8243; _module_preset=&#8221;default&#8221; global_colors_info=&#8221;{}&#8221;][et_pb_column type=&#8221;1_2&#8243; _builder_version=&#8221;4.12.1&#8243; _module_preset=&#8221;default&#8221; global_colors_info=&#8221;{}&#8221;][et_pb_image src=&#8221;https:\/\/mirps-platform.org\/wp-content\/uploads\/2022\/05\/Invitation-SE-ENG-scaled.jpg&#8221; title_text=&#8221;Invitation SE-ENG&#8221; _builder_version=&#8221;4.14.7&#8243; _module_preset=&#8221;default&#8221; global_colors_info=&#8221;{}&#8221;][\/et_pb_image][\/et_pb_column][et_pb_column type=&#8221;1_2&#8243; _builder_version=&#8221;4.12.1&#8243; _module_preset=&#8221;default&#8221; global_colors_info=&#8221;{}&#8221;][et_pb_text _builder_version=&#8221;4.12.1&#8243; _module_preset=&#8221;default&#8221; text_text_color=&#8221;#000000&#8243; text_font_size=&#8221;19px&#8221; text_line_height=&#8221;1.9em&#8221; global_colors_info=&#8221;{}&#8221;]<\/p>\n<p>As the current Chair of the <a href=\"https:\/\/mirps-platform.org\/en\/support-platform\/\">MIRPS Support Platform<\/a>, the Government of Canada, convened a three-day event to share good practices and lessons learned with regards to <a href=\"https:\/\/www.unhcr.org\/resettlement.html\">resettlement<\/a> policy and processing, complementary pathways of admission, as well as settlement and integration policies and practices.<\/p>\n<p>The objective was to promote the expansion of mobility and admissions channels for people in search of international protection from Central American Countries and Mexico among the international community. The signature event took place on May 24-26, 2022, in Ottawa, Canada.<\/p>\n<p>[\/et_pb_text][\/et_pb_column][\/et_pb_row][et_pb_row column_structure=&#8221;1_3,1_3,1_3&#8243; _builder_version=&#8221;4.14.7&#8243; _module_preset=&#8221;default&#8221; global_colors_info=&#8221;{}&#8221;][et_pb_column type=&#8221;1_3&#8243; _builder_version=&#8221;4.12.1&#8243; _module_preset=&#8221;default&#8221; global_colors_info=&#8221;{}&#8221;][et_pb_image src=&#8221;https:\/\/mirpsplatform.org\/wp-content\/uploads\/2022\/01\/noun-note-3205751-AF2C27.png&#8221; title_text=&#8221;Note&#8221; url=&#8221;https:\/\/mirps-platform.org\/wp-content\/uploads\/2022\/05\/Final-Concept-Note_Signature-Event-1.pdf&#8221; url_new_window=&#8221;on&#8221; align=&#8221;center&#8221; _builder_version=&#8221;4.14.7&#8243; _module_preset=&#8221;default&#8221; module_alignment=&#8221;center&#8221; height=&#8221;100px&#8221; global_colors_info=&#8221;{}&#8221;][\/et_pb_image][et_pb_text _builder_version=&#8221;4.14.7&#8243; _module_preset=&#8221;default&#8221; link_option_url=&#8221;https:\/\/mirps-platform.org\/wp-content\/uploads\/2022\/05\/Final-Concept-Note_Signature-Event-1.pdf&#8221; link_option_url_new_window=&#8221;on&#8221; global_colors_info=&#8221;{}&#8221;]<\/p>\n<h4 style=\"text-align: center;\">Concept note<\/h4>\n<p>[\/et_pb_text][\/et_pb_column][et_pb_column type=&#8221;1_3&#8243; _builder_version=&#8221;4.12.1&#8243; _module_preset=&#8221;default&#8221; global_colors_info=&#8221;{}&#8221;][et_pb_image src=&#8221;https:\/\/mirps-platform.org\/wp-content\/uploads\/2022\/01\/noun-document-1912420-AF2C27.png&#8221; title_text=&#8221;noun-document-1912420-AF2C27&#8243; url=&#8221;https:\/\/www.unhcr.ca\/news\/high-level-event-explores-solutions-for-people-forced-to-flee-in-central-america-and-mexico\/&#8221; url_new_window=&#8221;on&#8221; align=&#8221;center&#8221; _builder_version=&#8221;4.14.7&#8243; _module_preset=&#8221;default&#8221; module_alignment=&#8221;center&#8221; height=&#8221;119px&#8221; custom_margin=&#8221;-18px||||false|false&#8221; global_colors_info=&#8221;{}&#8221;][\/et_pb_image][et_pb_text _builder_version=&#8221;4.14.7&#8243; _module_preset=&#8221;default&#8221; link_option_url=&#8221;https:\/\/www.unhcr.ca\/news\/high-level-event-explores-solutions-for-people-forced-to-flee-in-central-america-and-mexico\/&#8221; global_colors_info=&#8221;{}&#8221;]<\/p>\n<h4 style=\"text-align: center;\">Press release<\/h4>\n<p>[\/et_pb_text][\/et_pb_column][et_pb_column type=&#8221;1_3&#8243; _builder_version=&#8221;4.12.1&#8243; _module_preset=&#8221;default&#8221; global_colors_info=&#8221;{}&#8221;][et_pb_image src=&#8221;https:\/\/mirpsplatform.org\/wp-content\/uploads\/2022\/01\/noun-agenda-4519820-AF2C27.png&#8221; title_text=&#8221;noun-agenda-4519820-AF2C27&#8243; url=&#8221;https:\/\/mirps-platform.org\/wp-content\/uploads\/2022\/06\/Agenda-SE-ENG-FINALV.pdf&#8221; url_new_window=&#8221;on&#8221; align=&#8221;center&#8221; _builder_version=&#8221;4.14.7&#8243; _module_preset=&#8221;default&#8221; module_alignment=&#8221;center&#8221; height=&#8221;100px&#8221; global_colors_info=&#8221;{}&#8221;][\/et_pb_image][et_pb_text _builder_version=&#8221;4.14.7&#8243; _module_preset=&#8221;default&#8221; min_height=&#8221;42px&#8221; link_option_url=&#8221;https:\/\/mirps-platform.org\/wp-content\/uploads\/2022\/06\/Agenda-SE-ENG-FINALV.pdf&#8221; link_option_url_new_window=&#8221;on&#8221; global_colors_info=&#8221;{}&#8221;]<\/p>\n<h4 style=\"text-align: center;\">Agenda<\/h4>\n<p>[\/et_pb_text][\/et_pb_column][\/et_pb_row][et_pb_row _builder_version=&#8221;4.12.1&#8243; _module_preset=&#8221;default&#8221; global_colors_info=&#8221;{}&#8221;][et_pb_column type=&#8221;4_4&#8243; _builder_version=&#8221;4.12.1&#8243; _module_preset=&#8221;default&#8221; global_colors_info=&#8221;{}&#8221;][et_pb_divider _builder_version=&#8221;4.12.1&#8243; _module_preset=&#8221;default&#8221; global_colors_info=&#8221;{}&#8221;][\/et_pb_divider][\/et_pb_column][\/et_pb_row][et_pb_row _builder_version=&#8221;4.14.7&#8243; _module_preset=&#8221;default&#8221; global_colors_info=&#8221;{}&#8221;][et_pb_column type=&#8221;4_4&#8243; _builder_version=&#8221;4.14.7&#8243; _module_preset=&#8221;default&#8221; global_colors_info=&#8221;{}&#8221;][et_pb_gallery gallery_ids=&#8221;57890,57888,57897,57892,57895,57900,57902,57904&#8243; show_title_and_caption=&#8221;off&#8221; _builder_version=&#8221;4.14.7&#8243; _module_preset=&#8221;default&#8221; global_colors_info=&#8221;{}&#8221;][\/et_pb_gallery][\/et_pb_column][\/et_pb_row][et_pb_row _builder_version=&#8221;4.12.1&#8243; _module_preset=&#8221;default&#8221; global_colors_info=&#8221;{}&#8221;][et_pb_column type=&#8221;4_4&#8243; _builder_version=&#8221;4.12.1&#8243; _module_preset=&#8221;default&#8221; global_colors_info=&#8221;{}&#8221;][et_pb_text _builder_version=&#8221;4.12.1&#8243; _module_preset=&#8221;default&#8221; global_colors_info=&#8221;{}&#8221;]<\/p>\n<h3 style=\"text-align: center;\">The Event on Social Media: Featured Content<\/h3>\n<p>[\/et_pb_text][\/et_pb_column][\/et_pb_row][et_pb_row column_structure=&#8221;1_4,1_4,1_4,1_4&#8243; use_custom_gutter=&#8221;on&#8221; _builder_version=&#8221;4.14.7&#8243; _module_preset=&#8221;default&#8221; max_width=&#8221;1500px&#8221; global_colors_info=&#8221;{}&#8221;][et_pb_column type=&#8221;1_4&#8243; _builder_version=&#8221;4.12.1&#8243; _module_preset=&#8221;default&#8221; global_colors_info=&#8221;{}&#8221;][et_pb_code _builder_version=&#8221;4.14.7&#8243; _module_preset=&#8221;default&#8221; global_colors_info=&#8221;{}&#8221;]<\/p>\n<blockquote class=\"twitter-tweet\"><pee lang=\"en\" dir=\"ltr\">As current Chair of the <a href=\"https:\/\/twitter.com\/hashtag\/MIRPS?src=hash&#038;ref_src=twsrc%5Etfw\">#MIRPS<\/a> Support Platform, an initiative of the Global Compact on Refugees, Canada is proud to open the MIRPS Support Platform Signature Event in Ottawa today, welcoming delegates from around the world. (thread \u2b07\ufe0f) <a href=\"https:\/\/t.co\/rjcFm07jhv\">pic.twitter.com\/rjcFm07jhv<\/a><\/pee>\u2014 IRCC (@CitImmCanada) <a href=\"https:\/\/twitter.com\/CitImmCanada\/status\/1529105111661912065?ref_src=twsrc%5Etfw\">May 24, 2022<\/a><\/p><\/blockquote>\n<p> <script async src=\"https:\/\/platform.twitter.com\/widgets.js\" charset=\"utf-8\"><\/script>[\/et_pb_code][\/et_pb_column][et_pb_column type=&#8221;1_4&#8243; _builder_version=&#8221;4.12.1&#8243; _module_preset=&#8221;default&#8221; global_colors_info=&#8221;{}&#8221;][et_pb_code _builder_version=&#8221;4.14.7&#8243; _module_preset=&#8221;default&#8221; global_colors_info=&#8221;{}&#8221;]<\/p>\n<blockquote class=\"twitter-tweet\"><pee lang=\"es\" dir=\"ltr\">El reasentamiento salva vidas.<!\u2013- [et_pb_br_holder] -\u2013><!\u2013- [et_pb_br_holder] -\u2013>Durante 3 d\u00edas en Canad\u00e1, ACNUR, pa\u00edses del <a href=\"https:\/\/twitter.com\/hashtag\/MIRPS?src=hash&#038;ref_src=twsrc%5Etfw\">#MIRPS<\/a> y miembros de la Plataforma de Apoyo, discutir\u00e1n buenas pr\u00e1cticas de admisi\u00f3n de personas en necesidad de protecci\u00f3n internacional en Centroam\u00e9rica y M\u00e9xico.<!\u2013- [et_pb_br_holder] -\u2013><!\u2013- [et_pb_br_holder] -\u2013>\ud83d\udd17<a href=\"https:\/\/t.co\/k3mQD0Y0Sr\">https:\/\/t.co\/k3mQD0Y0Sr<\/a> <a href=\"https:\/\/t.co\/qAA2HEmwti\">pic.twitter.com\/qAA2HEmwti<\/a><\/pee>\u2014 Acnur\/Unhcr Am\u00e9ricas (@ACNURamericas) <a href=\"https:\/\/twitter.com\/ACNURamericas\/status\/1529159997103349780?ref_src=twsrc%5Etfw\">May 24, 2022<\/a><\/p><\/blockquote>\n<p> <script async src=\"https:\/\/platform.twitter.com\/widgets.js\" charset=\"utf-8\"><\/script>[\/et_pb_code][\/et_pb_column][et_pb_column type=&#8221;1_4&#8243; _builder_version=&#8221;4.12.1&#8243; _module_preset=&#8221;default&#8221; global_colors_info=&#8221;{}&#8221;][et_pb_code _builder_version=&#8221;4.14.7&#8243; _module_preset=&#8221;default&#8221; global_colors_info=&#8221;{}&#8221;]<\/p>\n<blockquote class=\"twitter-tweet\"><pee lang=\"en\" dir=\"ltr\">More than 1M people have been forcibly displaced in Central America and Mexico.<!\u2013- [et_pb_br_holder] -\u2013><!\u2013- [et_pb_br_holder] -\u2013>Thank you Canada \ud83c\udde8\ud83c\udde6 for hosting the <a href=\"https:\/\/twitter.com\/hashtag\/MIRPS?src=hash&#038;ref_src=twsrc%5Etfw\">#MIRPS<\/a> high-level event and your commitment to strengthening <a href=\"https:\/\/twitter.com\/hashtag\/asylum?src=hash&#038;ref_src=twsrc%5Etfw\">#asylum<\/a> systems in the region. \ud83d\udc4f\ud83d\udc4f<!\u2013- [et_pb_br_holder] -\u2013><!\u2013- [et_pb_br_holder] -\u2013>\u27a1\ufe0f Learn more: <a href=\"https:\/\/t.co\/pR6OInOTqA\">https:\/\/t.co\/pR6OInOTqA<\/a> <a href=\"https:\/\/t.co\/o2ilcNx8ao\">pic.twitter.com\/o2ilcNx8ao<\/a><\/pee>\u2014 UNHCR Canada \ud83c\udde8\ud83c\udde6 (@UNHCRCanada) <a href=\"https:\/\/twitter.com\/UNHCRCanada\/status\/1529142040491134976?ref_src=twsrc%5Etfw\">May 24, 2022<\/a><\/p><\/blockquote>\n<p> <script async src=\"https:\/\/platform.twitter.com\/widgets.js\" charset=\"utf-8\"><\/script>[\/et_pb_code][\/et_pb_column][et_pb_column type=&#8221;1_4&#8243; _builder_version=&#8221;4.12.1&#8243; _module_preset=&#8221;default&#8221; global_colors_info=&#8221;{}&#8221;][et_pb_code _builder_version=&#8221;4.14.7&#8243; _module_preset=&#8221;default&#8221; global_colors_info=&#8221;{}&#8221;]<\/p>\n<blockquote class=\"twitter-tweet\"><pee lang=\"en\" dir=\"ltr\">This week Deputy Assistant Secretary Sarah Cross and team joined partners in Ottawa \ud83c\udde8\ud83c\udde6 for the <a href=\"https:\/\/twitter.com\/hashtag\/MIRPS?src=hash&#038;ref_src=twsrc%5Etfw\">#MIRPS<\/a> Support Platform Signature Event. Together we are seeking durable solutions to forced displacement in Mexico and Central America. <a href=\"https:\/\/t.co\/ydtJdfeOhR\">pic.twitter.com\/ydtJdfeOhR<\/a><\/pee>\u2014 Population, Refugees, and Migration Bureau (@StatePRM) <a href=\"https:\/\/twitter.com\/StatePRM\/status\/1530169307715575808?ref_src=twsrc%5Etfw\">May 27, 2022<\/a><\/p><\/blockquote>\n<p> <script async src=\"https:\/\/platform.twitter.com\/widgets.js\" charset=\"utf-8\"><\/script>[\/et_pb_code][\/et_pb_column][\/et_pb_row][et_pb_row column_structure=&#8221;1_4,1_4,1_4,1_4&#8243; use_custom_gutter=&#8221;on&#8221; _builder_version=&#8221;4.14.7&#8243; _module_preset=&#8221;default&#8221; max_width=&#8221;1500px&#8221; global_colors_info=&#8221;{}&#8221;][et_pb_column type=&#8221;1_4&#8243; _builder_version=&#8221;4.12.1&#8243; _module_preset=&#8221;default&#8221; global_colors_info=&#8221;{}&#8221;][et_pb_code _builder_version=&#8221;4.14.7&#8243; _module_preset=&#8221;default&#8221; global_colors_info=&#8221;{}&#8221;]<\/p>\n<blockquote class=\"twitter-tweet\"><pee lang=\"en\" dir=\"ltr\">Canada will continue to help the world&#39;s most vulnerable, including those who are displaced. <!\u2013- [et_pb_br_holder] -\u2013><!\u2013- [et_pb_br_holder] -\u2013>Today, we hosted hosted our regional partners to develop long-term solutions for those who are fleeing violence and seeking safety in another country. <!\u2013- [et_pb_br_holder] -\u2013><!\u2013- [et_pb_br_holder] -\u2013>\u2139\ufe0f <a href=\"https:\/\/t.co\/dx758MpXvS\">https:\/\/t.co\/dx758MpXvS<\/a> <a href=\"https:\/\/t.co\/5GZpRaTI7R\">pic.twitter.com\/5GZpRaTI7R<\/a><\/pee>\u2014 Sean Fraser (@SeanFraserMP) <a href=\"https:\/\/twitter.com\/SeanFraserMP\/status\/1529188427140419584?ref_src=twsrc%5Etfw\">May 24, 2022<\/a><\/p><\/blockquote>\n<p> <script async src=\"https:\/\/platform.twitter.com\/widgets.js\" charset=\"utf-8\"><\/script>[\/et_pb_code][\/et_pb_column][et_pb_column type=&#8221;1_4&#8243; _builder_version=&#8221;4.12.1&#8243; _module_preset=&#8221;default&#8221; global_colors_info=&#8221;{}&#8221;][et_pb_code _builder_version=&#8221;4.14.7&#8243; _module_preset=&#8221;default&#8221; global_colors_info=&#8221;{}&#8221;]<\/p>\n<blockquote class=\"twitter-tweet\"><pee lang=\"en\" dir=\"ltr\">We&#39;ve had fruitful discussions in Canada on expanding resettlement and other regular pathways for refugees in Central America and Mexico. <!\u2013- [et_pb_br_holder] -\u2013><!\u2013- [et_pb_br_holder] -\u2013>These solutions are critical in helping protect those displaced and at-risk, and easing pressures on refugee host countries.<a href=\"https:\/\/twitter.com\/hashtag\/MIRPS?src=hash&#038;ref_src=twsrc%5Etfw\">#MIRPS<\/a> <a href=\"https:\/\/t.co\/HVK5bUxQSh\">https:\/\/t.co\/HVK5bUxQSh<\/a><\/pee>\u2014 Gillian Triggs (@GillianTriggs) <a href=\"https:\/\/twitter.com\/GillianTriggs\/status\/1529430297024024576?ref_src=twsrc%5Etfw\">May 25, 2022<\/a><\/p><\/blockquote>\n<p> <script async src=\"https:\/\/platform.twitter.com\/widgets.js\" charset=\"utf-8\"><\/script>[\/et_pb_code][\/et_pb_column][et_pb_column type=&#8221;1_4&#8243; _builder_version=&#8221;4.12.1&#8243; _module_preset=&#8221;default&#8221; global_colors_info=&#8221;{}&#8221;][et_pb_code _builder_version=&#8221;4.14.7&#8243; _module_preset=&#8221;default&#8221; global_colors_info=&#8221;{}&#8221;]<\/p>\n<blockquote class=\"twitter-tweet\"><pee lang=\"en\" dir=\"ltr\">Thanks \ud83c\udde8\ud83c\udde6 for hosting the <a href=\"https:\/\/twitter.com\/hashtag\/MIRPS?src=hash&#038;ref_src=twsrc%5Etfw\">#MIRPS<\/a> signature event on resettlement, complementary pathways and integration. <!\u2013- [et_pb_br_holder] -\u2013><!\u2013- [et_pb_br_holder] -\u2013>An excellent opportunity to bring together all relevant actors and mobilize international support to address displacement challenges in Central America an Mexico. <a href=\"https:\/\/t.co\/Tx5S18rbkj\">https:\/\/t.co\/Tx5S18rbkj<\/a> <a href=\"https:\/\/t.co\/5vbR1wAPDt\">pic.twitter.com\/5vbR1wAPDt<\/a><\/pee>\u2014 JoseXavierSamaniego (@JoseXavierSama1) <a href=\"https:\/\/twitter.com\/JoseXavierSama1\/status\/1529214569356328960?ref_src=twsrc%5Etfw\">May 24, 2022<\/a><\/p><\/blockquote>\n<p> <script async src=\"https:\/\/platform.twitter.com\/widgets.js\" charset=\"utf-8\"><\/script>[\/et_pb_code][\/et_pb_column][et_pb_column type=&#8221;1_4&#8243; _builder_version=&#8221;4.12.1&#8243; _module_preset=&#8221;default&#8221; global_colors_info=&#8221;{}&#8221;][et_pb_code _builder_version=&#8221;4.14.7&#8243; _module_preset=&#8221;default&#8221; global_colors_info=&#8221;{}&#8221;]<\/p>\n<blockquote class=\"twitter-tweet\"><pee lang=\"en\" dir=\"ltr\">As day 1 of the <a href=\"https:\/\/twitter.com\/hashtag\/MIRPS?src=hash&#038;ref_src=twsrc%5Etfw\">#MIRPS<\/a> Support Platform Signature Event comes to a close \u2014 I am excited by the amount of knowledge sharing and lessons learned on resettlement policy and processing, and complementary pathways.<!\u2013- [et_pb_br_holder] -\u2013><!\u2013- [et_pb_br_holder] -\u2013>Looking forward to seeing what the rest of the event brings! <a href=\"https:\/\/t.co\/fSTd1Rxhia\">pic.twitter.com\/fSTd1Rxhia<\/a><\/pee>\u2014 Rema Jamous Imseis (@JamousRema) <a href=\"https:\/\/twitter.com\/JamousRema\/status\/1529210291065593856?ref_src=twsrc%5Etfw\">May 24, 2022<\/a><\/p><\/blockquote>\n<p> <script async src=\"https:\/\/platform.twitter.com\/widgets.js\" charset=\"utf-8\"><\/script>[\/et_pb_code][\/et_pb_column][\/et_pb_row][\/et_pb_section]<\/p>\n","protected":false},"excerpt":{"rendered":"<p>\u00a0MIRPS Support Platform Signature EventMay 24th, 25th and 26th, 2022As the current Chair of the MIRPS Support Platform, the Government of Canada, convened a three-day event to share good practices and lessons learned with regards to resettlement policy and processing, complementary pathways of admission, as well as settlement and integration policies and practices. The objective [&hellip;]<\/p>\n","protected":false},"author":6,"featured_media":0,"parent":56997,"menu_order":0,"comment_status":"closed","ping_status":"closed","template":"","meta":{"_acf_changed":false,"_et_pb_use_builder":"on","_et_pb_old_content":"","_et_gb_content_width":"","footnotes":""},"class_list":["post-58271","page","type-page","status-publish","hentry"],"acf":[],"yoast_head":"<!-- This site is optimized with the Yoast SEO plugin v27.3 - https:\/\/yoast.com\/product\/yoast-seo-wordpress\/ -->\n<title>Signature Event - MIRPS<\/title>\n<meta name=\"description\" content=\"The Government of Canada convened a 3-day signature event on resettlement, complementary pathways and integration.\" \/>\n<meta name=\"robots\" content=\"index, follow, max-snippet:-1, max-image-preview:large, max-video-preview:-1\" \/>\n<link rel=\"canonical\" href=\"https:\/\/mirps-platform.org\/en\/resources\/events\/signature-event\/\" \/>\n<meta property=\"og:locale\" content=\"en_US\" \/>\n<meta property=\"og:type\" content=\"article\" \/>\n<meta property=\"og:title\" content=\"Signature Event - MIRPS\" \/>\n<meta property=\"og:description\" content=\"The Government of Canada convened a 3-day signature event on resettlement, complementary pathways and integration.\" \/>\n<meta property=\"og:url\" content=\"https:\/\/mirps-platform.org\/en\/resources\/events\/signature-event\/\" \/>\n<meta property=\"og:site_name\" content=\"MIRPS\" \/>\n<meta property=\"article:modified_time\" content=\"2023-01-17T20:06:51+00:00\" \/>\n<meta name=\"twitter:card\" content=\"summary_large_image\" \/>\n<meta name=\"twitter:label1\" content=\"Est. reading time\" \/>\n\t<meta name=\"twitter:data1\" content=\"4 minutes\" \/>\n<script type=\"application\/ld+json\" class=\"yoast-schema-graph\">{\"@context\":\"https:\\\/\\\/schema.org\",\"@graph\":[{\"@type\":\"WebPage\",\"@id\":\"https:\\\/\\\/mirps-platform.org\\\/en\\\/resources\\\/events\\\/signature-event\\\/\",\"url\":\"https:\\\/\\\/mirps-platform.org\\\/en\\\/resources\\\/events\\\/signature-event\\\/\",\"name\":\"Signature Event - MIRPS\",\"isPartOf\":{\"@id\":\"https:\\\/\\\/mirps-platform.org\\\/#website\"},\"datePublished\":\"2023-01-17T20:06:49+00:00\",\"dateModified\":\"2023-01-17T20:06:51+00:00\",\"description\":\"The Government of Canada convened a 3-day signature event on resettlement, complementary pathways and integration.\",\"breadcrumb\":{\"@id\":\"https:\\\/\\\/mirps-platform.org\\\/en\\\/resources\\\/events\\\/signature-event\\\/#breadcrumb\"},\"inLanguage\":\"en-US\",\"potentialAction\":[{\"@type\":\"ReadAction\",\"target\":[\"https:\\\/\\\/mirps-platform.org\\\/en\\\/resources\\\/events\\\/signature-event\\\/\"]}]},{\"@type\":\"BreadcrumbList\",\"@id\":\"https:\\\/\\\/mirps-platform.org\\\/en\\\/resources\\\/events\\\/signature-event\\\/#breadcrumb\",\"itemListElement\":[{\"@type\":\"ListItem\",\"position\":1,\"name\":\"Home\",\"item\":\"https:\\\/\\\/mirps-platform.org\\\/en\\\/\"},{\"@type\":\"ListItem\",\"position\":2,\"name\":\"Resources\",\"item\":\"https:\\\/\\\/mirps-platform.org\\\/en\\\/resources\\\/\"},{\"@type\":\"ListItem\",\"position\":3,\"name\":\"Events\",\"item\":\"https:\\\/\\\/mirps-platform.org\\\/recursos\\\/eventos\\\/\"},{\"@type\":\"ListItem\",\"position\":4,\"name\":\"Signature Event\"}]},{\"@type\":\"WebSite\",\"@id\":\"https:\\\/\\\/mirps-platform.org\\\/#website\",\"url\":\"https:\\\/\\\/mirps-platform.org\\\/\",\"name\":\"MIRPS\",\"description\":\"Comprehensive Regional Protection and Solutions Framework\",\"potentialAction\":[{\"@type\":\"SearchAction\",\"target\":{\"@type\":\"EntryPoint\",\"urlTemplate\":\"https:\\\/\\\/mirps-platform.org\\\/?s={search_term_string}\"},\"query-input\":{\"@type\":\"PropertyValueSpecification\",\"valueRequired\":true,\"valueName\":\"search_term_string\"}}],\"inLanguage\":\"en-US\"}]}<\/script>\n<!-- \/ Yoast SEO plugin. -->","yoast_head_json":{"title":"Signature Event - MIRPS","description":"The Government of Canada convened a 3-day signature event on resettlement, complementary pathways and integration.","robots":{"index":"index","follow":"follow","max-snippet":"max-snippet:-1","max-image-preview":"max-image-preview:large","max-video-preview":"max-video-preview:-1"},"canonical":"https:\/\/mirps-platform.org\/en\/resources\/events\/signature-event\/","og_locale":"en_US","og_type":"article","og_title":"Signature Event - MIRPS","og_description":"The Government of Canada convened a 3-day signature event on resettlement, complementary pathways and integration.","og_url":"https:\/\/mirps-platform.org\/en\/resources\/events\/signature-event\/","og_site_name":"MIRPS","article_modified_time":"2023-01-17T20:06:51+00:00","twitter_card":"summary_large_image","twitter_misc":{"Est. reading time":"4 minutes"},"schema":{"@context":"https:\/\/schema.org","@graph":[{"@type":"WebPage","@id":"https:\/\/mirps-platform.org\/en\/resources\/events\/signature-event\/","url":"https:\/\/mirps-platform.org\/en\/resources\/events\/signature-event\/","name":"Signature Event - MIRPS","isPartOf":{"@id":"https:\/\/mirps-platform.org\/#website"},"datePublished":"2023-01-17T20:06:49+00:00","dateModified":"2023-01-17T20:06:51+00:00","description":"The Government of Canada convened a 3-day signature event on resettlement, complementary pathways and integration.","breadcrumb":{"@id":"https:\/\/mirps-platform.org\/en\/resources\/events\/signature-event\/#breadcrumb"},"inLanguage":"en-US","potentialAction":[{"@type":"ReadAction","target":["https:\/\/mirps-platform.org\/en\/resources\/events\/signature-event\/"]}]},{"@type":"BreadcrumbList","@id":"https:\/\/mirps-platform.org\/en\/resources\/events\/signature-event\/#breadcrumb","itemListElement":[{"@type":"ListItem","position":1,"name":"Home","item":"https:\/\/mirps-platform.org\/en\/"},{"@type":"ListItem","position":2,"name":"Resources","item":"https:\/\/mirps-platform.org\/en\/resources\/"},{"@type":"ListItem","position":3,"name":"Events","item":"https:\/\/mirps-platform.org\/recursos\/eventos\/"},{"@type":"ListItem","position":4,"name":"Signature Event"}]},{"@type":"WebSite","@id":"https:\/\/mirps-platform.org\/#website","url":"https:\/\/mirps-platform.org\/","name":"MIRPS","description":"Comprehensive Regional Protection and Solutions Framework","potentialAction":[{"@type":"SearchAction","target":{"@type":"EntryPoint","urlTemplate":"https:\/\/mirps-platform.org\/?s={search_term_string}"},"query-input":{"@type":"PropertyValueSpecification","valueRequired":true,"valueName":"search_term_string"}}],"inLanguage":"en-US"}]}},"_links":{"self":[{"href":"https:\/\/mirps-platform.org\/en\/wp-json\/wp\/v2\/pages\/58271","targetHints":{"allow":["GET"]}}],"collection":[{"href":"https:\/\/mirps-platform.org\/en\/wp-json\/wp\/v2\/pages"}],"about":[{"href":"https:\/\/mirps-platform.org\/en\/wp-json\/wp\/v2\/types\/page"}],"author":[{"embeddable":true,"href":"https:\/\/mirps-platform.org\/en\/wp-json\/wp\/v2\/users\/6"}],"replies":[{"embeddable":true,"href":"https:\/\/mirps-platform.org\/en\/wp-json\/wp\/v2\/comments?post=58271"}],"version-history":[{"count":5,"href":"https:\/\/mirps-platform.org\/en\/wp-json\/wp\/v2\/pages\/58271\/revisions"}],"predecessor-version":[{"id":59491,"href":"https:\/\/mirps-platform.org\/en\/wp-json\/wp\/v2\/pages\/58271\/revisions\/59491"}],"up":[{"embeddable":true,"href":"https:\/\/mirps-platform.org\/en\/wp-json\/wp\/v2\/pages\/56997"}],"wp:attachment":[{"href":"https:\/\/mirps-platform.org\/en\/wp-json\/wp\/v2\/media?parent=58271"}],"curies":[{"name":"wp","href":"https:\/\/api.w.org\/{rel}","templated":true}]}}