{"id":57784,"date":"2022-05-05T21:12:09","date_gmt":"2022-05-05T21:12:09","guid":{"rendered":"https:\/\/mirps-platform.org\/?page_id=57784"},"modified":"2022-06-22T21:58:38","modified_gmt":"2022-06-22T21:58:38","slug":"regional-twinning-meeting","status":"publish","type":"page","link":"https:\/\/mirps-platform.org\/en\/resources\/events\/regional-twinning-meeting\/","title":{"rendered":"Regional Twinning Meeting"},"content":{"rendered":"<p>[et_pb_section fb_built=&#8221;1&#8243; _builder_version=&#8221;4.12.1&#8243; _module_preset=&#8221;default&#8221; global_colors_info=&#8221;{}&#8221;][et_pb_row _builder_version=&#8221;4.12.1&#8243; _module_preset=&#8221;default&#8221; global_colors_info=&#8221;{}&#8221;][et_pb_column type=&#8221;4_4&#8243; _builder_version=&#8221;4.12.1&#8243; _module_preset=&#8221;default&#8221; global_colors_info=&#8221;{}&#8221;][et_pb_text _builder_version=&#8221;4.12.1&#8243; _module_preset=&#8221;default&#8221; text_text_color=&#8221;#000000&#8243; text_font_size=&#8221;45px&#8221; text_line_height=&#8221;1.2em&#8221; global_colors_info=&#8221;{}&#8221;]<\/p>\n<p style=\"text-align: center;\"><strong>\u00a0Regional Twinning Meeting<\/strong><\/p>\n<p>[\/et_pb_text][\/et_pb_column][\/et_pb_row][et_pb_row _builder_version=&#8221;4.12.1&#8243; _module_preset=&#8221;default&#8221; custom_margin=&#8221;-31px||-32px||false|false&#8221; global_colors_info=&#8221;{}&#8221;][et_pb_column type=&#8221;4_4&#8243; _builder_version=&#8221;4.12.1&#8243; _module_preset=&#8221;default&#8221; global_colors_info=&#8221;{}&#8221;][et_pb_text _builder_version=&#8221;4.14.7&#8243; _module_preset=&#8221;default&#8221; text_text_color=&#8221;#000000&#8243; global_colors_info=&#8221;{}&#8221;]<\/p>\n<p><em>May 4th and 5th, 2022<\/em><\/p>\n<p>[\/et_pb_text][\/et_pb_column][\/et_pb_row][et_pb_row column_structure=&#8221;1_2,1_2&#8243; _builder_version=&#8221;4.12.1&#8243; _module_preset=&#8221;default&#8221; global_colors_info=&#8221;{}&#8221;][et_pb_column type=&#8221;1_2&#8243; _builder_version=&#8221;4.12.1&#8243; _module_preset=&#8221;default&#8221; global_colors_info=&#8221;{}&#8221;][et_pb_image src=&#8221;https:\/\/mirps-platform.org\/wp-content\/uploads\/2022\/05\/Background-Twinning-meeting-scaled.jpg&#8221; title_text=&#8221;Background Twinning meeting&#8221; _builder_version=&#8221;4.14.7&#8243; _module_preset=&#8221;default&#8221; global_colors_info=&#8221;{}&#8221;][\/et_pb_image][\/et_pb_column][et_pb_column type=&#8221;1_2&#8243; _builder_version=&#8221;4.12.1&#8243; _module_preset=&#8221;default&#8221; global_colors_info=&#8221;{}&#8221;][et_pb_text _builder_version=&#8221;4.12.1&#8243; _module_preset=&#8221;default&#8221; text_text_color=&#8221;#000000&#8243; text_font_size=&#8221;19px&#8221; text_line_height=&#8221;1.9em&#8221; global_colors_info=&#8221;{}&#8221;]<\/p>\n<p>The Regional Twinning Meeting brought together asylum authorities from MIRPS countries and <a href=\"https:\/\/mirps-platform.org\/en\/support-platform\/\">MIRPS Support Platform<\/a> members who expressed interest in twinning arrangements to strengthen asylum systems in Central America and Mexico.<\/p>\n<p>This meeting will result in concrete twinning projects and agreements that respond to countries&#8217; immediate and long-term asylum needs. The progress and results stemming from these projects will be presented at the MIRPS Support Platform Solidarity Event in June 2022, to highlight the progress and commitment to strengthening asylum systems in the region.<\/p>\n<p>[\/et_pb_text][\/et_pb_column][\/et_pb_row][et_pb_row column_structure=&#8221;1_2,1_2&#8243; _builder_version=&#8221;4.14.7&#8243; _module_preset=&#8221;default&#8221; hover_enabled=&#8221;0&#8243; global_colors_info=&#8221;{}&#8221; sticky_enabled=&#8221;0&#8243;][et_pb_column type=&#8221;1_2&#8243; _builder_version=&#8221;4.12.1&#8243; _module_preset=&#8221;default&#8221; global_colors_info=&#8221;{}&#8221;][et_pb_image src=&#8221;https:\/\/mirpsplatform.org\/wp-content\/uploads\/2022\/01\/noun-note-3205751-AF2C27.png&#8221; title_text=&#8221;Note&#8221; url_new_window=&#8221;on&#8221; align=&#8221;center&#8221; _builder_version=&#8221;4.14.7&#8243; _module_preset=&#8221;default&#8221; module_alignment=&#8221;center&#8221; height=&#8221;100px&#8221; hover_enabled=&#8221;0&#8243; global_colors_info=&#8221;{}&#8221; url=&#8221;https:\/\/mirps-platform.org\/wp-content\/uploads\/2022\/06\/Informe-final-Reunion-Regional-de-Hermanamiento-ESP_FINAL.pdf&#8221; sticky_enabled=&#8221;0&#8243;][\/et_pb_image][et_pb_text _builder_version=&#8221;4.14.7&#8243; _module_preset=&#8221;default&#8221; hover_enabled=&#8221;0&#8243; global_colors_info=&#8221;{}&#8221; link_option_url=&#8221;https:\/\/mirps-platform.org\/wp-content\/uploads\/2022\/06\/Informe-final-Reunion-Regional-de-Hermanamiento-ESP_FINAL.pdf&#8221; sticky_enabled=&#8221;0&#8243;]<\/p>\n<h4 style=\"text-align: center;\">Final Note<\/h4>\n<p>[\/et_pb_text][\/et_pb_column][et_pb_column type=&#8221;1_2&#8243; _builder_version=&#8221;4.12.1&#8243; _module_preset=&#8221;default&#8221; global_colors_info=&#8221;{}&#8221;][et_pb_image src=&#8221;https:\/\/mirpsplatform.org\/wp-content\/uploads\/2022\/01\/noun-agenda-4519820-AF2C27.png&#8221; title_text=&#8221;noun-agenda-4519820-AF2C27&#8243; url=&#8221;https:\/\/mirps-platform.org\/wp-content\/uploads\/2022\/05\/Agenda-reunion-regional-hermanamiento_EXT-FINAL_EN.pdf&#8221; url_new_window=&#8221;on&#8221; align=&#8221;center&#8221; _builder_version=&#8221;4.14.7&#8243; _module_preset=&#8221;default&#8221; module_alignment=&#8221;center&#8221; height=&#8221;100px&#8221; global_colors_info=&#8221;{}&#8221;][\/et_pb_image][et_pb_text _builder_version=&#8221;4.14.7&#8243; _module_preset=&#8221;default&#8221; min_height=&#8221;42px&#8221; link_option_url=&#8221;https:\/\/mirps-platform.org\/wp-content\/uploads\/2022\/05\/Agenda-reunion-regional-hermanamiento_EXT-FINAL_EN.pdf&#8221; link_option_url_new_window=&#8221;on&#8221; global_colors_info=&#8221;{}&#8221;]<\/p>\n<h4 style=\"text-align: center;\">Agenda<\/h4>\n<p>[\/et_pb_text][\/et_pb_column][\/et_pb_row][et_pb_row _builder_version=&#8221;4.12.1&#8243; _module_preset=&#8221;default&#8221; global_colors_info=&#8221;{}&#8221;][et_pb_column type=&#8221;4_4&#8243; _builder_version=&#8221;4.12.1&#8243; _module_preset=&#8221;default&#8221; global_colors_info=&#8221;{}&#8221;][et_pb_divider _builder_version=&#8221;4.12.1&#8243; _module_preset=&#8221;default&#8221; global_colors_info=&#8221;{}&#8221;][\/et_pb_divider][\/et_pb_column][\/et_pb_row][et_pb_row _builder_version=&#8221;4.14.7&#8243; _module_preset=&#8221;default&#8221;][et_pb_column _builder_version=&#8221;4.14.7&#8243; _module_preset=&#8221;default&#8221; type=&#8221;4_4&#8243;][et_pb_gallery _builder_version=&#8221;4.14.7&#8243; _module_preset=&#8221;default&#8221; gallery_ids=&#8221;58200,58202,58204,58206,58208,58210,58212,58214&#8243; hover_enabled=&#8221;0&#8243; sticky_enabled=&#8221;0&#8243;][\/et_pb_gallery][\/et_pb_column][\/et_pb_row][et_pb_row _builder_version=&#8221;4.12.1&#8243; _module_preset=&#8221;default&#8221; global_colors_info=&#8221;{}&#8221;][et_pb_column type=&#8221;4_4&#8243; _builder_version=&#8221;4.12.1&#8243; _module_preset=&#8221;default&#8221; global_colors_info=&#8221;{}&#8221;][et_pb_text _builder_version=&#8221;4.12.1&#8243; _module_preset=&#8221;default&#8221; global_colors_info=&#8221;{}&#8221;]<\/p>\n<h3 style=\"text-align: center;\">The Event on Social Media: Featured Content<\/h3>\n<p>[\/et_pb_text][\/et_pb_column][\/et_pb_row][et_pb_row column_structure=&#8221;1_4,1_4,1_4,1_4&#8243; use_custom_gutter=&#8221;on&#8221; _builder_version=&#8221;4.14.7&#8243; _module_preset=&#8221;default&#8221; max_width=&#8221;1500px&#8221; global_colors_info=&#8221;{}&#8221;][et_pb_column type=&#8221;1_4&#8243; _builder_version=&#8221;4.12.1&#8243; _module_preset=&#8221;default&#8221; global_colors_info=&#8221;{}&#8221;][et_pb_code _builder_version=&#8221;4.14.7&#8243; _module_preset=&#8221;default&#8221; global_colors_info=&#8221;{}&#8221;]<\/p>\n<blockquote class=\"twitter-tweet\"><pee lang=\"es\" dir=\"ltr\">Autoridades de asilo de los pa\u00edses <a href=\"https:\/\/twitter.com\/hashtag\/MIRPS?src=hash&#038;ref_src=twsrc%5Etfw\">#MIRPS<\/a>, la Plataforma de Apoyo \ud83c\udde7\ud83c\uddf7\ud83c\udde8\ud83c\udde6\ud83c\uddfa\ud83c\uddf8, y ACNUR, est\u00e1n reunidos para compartir capacidades y establecer acuerdos para una respuesta coordinada a las necesidades de protecci\u00f3n de personas desplazadas por la fuerza en Centroam\u00e9rica y M\u00e9xico. <a href=\"https:\/\/t.co\/K9xFBUOQlu\">pic.twitter.com\/K9xFBUOQlu<\/a><\/pee>\u2014 Acnur\/Unhcr Am\u00e9ricas (@ACNURamericas) <a href=\"https:\/\/twitter.com\/ACNURamericas\/status\/1521927799128600576?ref_src=twsrc%5Etfw\">May 4, 2022<\/a><\/p><\/blockquote>\n<p> <script async src=\"https:\/\/platform.twitter.com\/widgets.js\" charset=\"utf-8\"><\/script>[\/et_pb_code][\/et_pb_column][et_pb_column type=&#8221;1_4&#8243; _builder_version=&#8221;4.12.1&#8243; _module_preset=&#8221;default&#8221; global_colors_info=&#8221;{}&#8221;][et_pb_code _builder_version=&#8221;4.14.7&#8243; _module_preset=&#8221;default&#8221; global_colors_info=&#8221;{}&#8221;]<\/p>\n<blockquote class=\"twitter-tweet\"><pee lang=\"es\" dir=\"ltr\">El <a href=\"https:\/\/twitter.com\/hashtag\/MIRPS?src=hash&#038;ref_src=twsrc%5Etfw\">#MIRPS<\/a> se consolida como espacio de colaboraci\u00f3n para la protecci\u00f3n de personas desplazadas en Am\u00e9rica Central y M\u00e9xico.<!\u2013- [et_pb_br_holder] -\u2013>Gracias Canad\u00e1 \ud83c\udde8\ud83c\udde6 por el liderazgo de la Plataforma de Apoyo que coordina a la cooperaci\u00f3n internacional para fortalecer los sistemas de asilo en la regi\u00f3n. <a href=\"https:\/\/t.co\/SWdpTk3o9W\">https:\/\/t.co\/SWdpTk3o9W<\/a><\/pee>\u2014 JoseXavierSamaniego (@JoseXavierSama1) <a href=\"https:\/\/twitter.com\/JoseXavierSama1\/status\/1521944150530211853?ref_src=twsrc%5Etfw\">May 4, 2022<\/a><\/p><\/blockquote>\n<p> <script async src=\"https:\/\/platform.twitter.com\/widgets.js\" charset=\"utf-8\"><\/script>[\/et_pb_code][\/et_pb_column][et_pb_column type=&#8221;1_4&#8243; _builder_version=&#8221;4.12.1&#8243; _module_preset=&#8221;default&#8221; global_colors_info=&#8221;{}&#8221;][et_pb_code _builder_version=&#8221;4.14.7&#8243; _module_preset=&#8221;default&#8221; global_colors_info=&#8221;{}&#8221;]<\/p>\n<blockquote class=\"twitter-tweet\"><pee lang=\"en\" dir=\"ltr\">A key meeting for advancing regional <a href=\"https:\/\/twitter.com\/hashtag\/asylum?src=hash&#038;ref_src=twsrc%5Etfw\">#asylum<\/a> capacity building. \ud83d\udc4f\ud83d\udc4f<!\u2013- [et_pb_br_holder] -\u2013><!\u2013- [et_pb_br_holder] -\u2013>Thank you Canada \ud83c\udde8\ud83c\udde6 for your leadership in seeking solutions for those forcibly displaced in Central America and Mexico and supporting international cooperation. <a href=\"https:\/\/twitter.com\/CitImmCanada?ref_src=twsrc%5Etfw\">@CitImmCanada<\/a> <a href=\"https:\/\/t.co\/ZmEgBTBuAD\">https:\/\/t.co\/ZmEgBTBuAD<\/a><\/pee>\u2014 UNHCR Canada \ud83c\udde8\ud83c\udde6 (@UNHCRCanada) <a href=\"https:\/\/twitter.com\/UNHCRCanada\/status\/1522009930693287937?ref_src=twsrc%5Etfw\">May 5, 2022<\/a><\/p><\/blockquote>\n<p> <script async src=\"https:\/\/platform.twitter.com\/widgets.js\" charset=\"utf-8\"><\/script>[\/et_pb_code][\/et_pb_column][et_pb_column type=&#8221;1_4&#8243; _builder_version=&#8221;4.12.1&#8243; _module_preset=&#8221;default&#8221; global_colors_info=&#8221;{}&#8221;][et_pb_code _builder_version=&#8221;4.14.7&#8243; _module_preset=&#8221;default&#8221; global_colors_info=&#8221;{}&#8221;]<\/p>\n<blockquote class=\"twitter-tweet\"><pee lang=\"es\" dir=\"ltr\">El Director de Atenci\u00f3n y Vinculaci\u00f3n de <a href=\"https:\/\/twitter.com\/comar_sg?ref_src=twsrc%5Etfw\">@comar_sg<\/a> comparte la experiencia nacional\ud83c\uddf2\ud83c\uddfdde la instauraci\u00f3n de mesas tem\u00e1ticas de vinculacion interinstitucional, las cuales generan medidas que favorecen la integraci\u00f3n local de personas refugiadas.<a href=\"https:\/\/twitter.com\/ACNURamericas?ref_src=twsrc%5Etfw\">@ACNURamericas<\/a> <a href=\"https:\/\/twitter.com\/AcnurMexico?ref_src=twsrc%5Etfw\">@AcnurMexico<\/a> <a href=\"https:\/\/twitter.com\/hashtag\/MIRPS?src=hash&#038;ref_src=twsrc%5Etfw\">#MIRPS<\/a> <a href=\"https:\/\/t.co\/S2Rjt65NqJ\">pic.twitter.com\/S2Rjt65NqJ<\/a><\/pee>\u2014 Comisi\u00f3n Mexicana de Ayuda a Refugiados (@comar_sg) <a href=\"https:\/\/twitter.com\/comar_sg\/status\/1522695665457012738?ref_src=twsrc%5Etfw\">May 6, 2022<\/a><\/p><\/blockquote>\n<p> <script async src=\"https:\/\/platform.twitter.com\/widgets.js\" charset=\"utf-8\"><\/script>[\/et_pb_code][\/et_pb_column][\/et_pb_row][\/et_pb_section]<\/p>\n","protected":false},"excerpt":{"rendered":"<p>\u00a0Regional Twinning MeetingMay 4th and 5th, 2022The Regional Twinning Meeting brought together asylum authorities from MIRPS countries and MIRPS Support Platform members who expressed interest in twinning arrangements to strengthen asylum systems in Central America and Mexico. This meeting will result in concrete twinning projects and agreements that respond to countries&#8217; immediate and long-term asylum [&hellip;]<\/p>\n","protected":false},"author":6,"featured_media":0,"parent":56997,"menu_order":0,"comment_status":"closed","ping_status":"closed","template":"","meta":{"_acf_changed":false,"_et_pb_use_builder":"on","_et_pb_old_content":"","_et_gb_content_width":"","footnotes":""},"class_list":["post-57784","page","type-page","status-publish","hentry"],"acf":[],"yoast_head":"<!-- This site is optimized with the Yoast SEO plugin v27.3 - https:\/\/yoast.com\/product\/yoast-seo-wordpress\/ -->\n<title>Regional Twinning Meeting - MIRPS<\/title>\n<meta name=\"description\" content=\"During the Regional Twinning Meeting, agreements were reached to strengthen the asylum systems in Central America and Mexico.\" \/>\n<meta name=\"robots\" content=\"index, follow, max-snippet:-1, max-image-preview:large, max-video-preview:-1\" \/>\n<link rel=\"canonical\" href=\"https:\/\/mirps-platform.org\/en\/resources\/events\/regional-twinning-meeting\/\" \/>\n<meta property=\"og:locale\" content=\"en_US\" \/>\n<meta property=\"og:type\" content=\"article\" \/>\n<meta property=\"og:title\" content=\"Regional Twinning Meeting - MIRPS\" \/>\n<meta property=\"og:description\" content=\"During the Regional Twinning Meeting, agreements were reached to strengthen the asylum systems in Central America and Mexico.\" \/>\n<meta property=\"og:url\" content=\"https:\/\/mirps-platform.org\/en\/resources\/events\/regional-twinning-meeting\/\" \/>\n<meta property=\"og:site_name\" content=\"MIRPS\" \/>\n<meta property=\"article:modified_time\" content=\"2022-06-22T21:58:38+00:00\" \/>\n<meta name=\"twitter:card\" content=\"summary_large_image\" \/>\n<meta name=\"twitter:label1\" content=\"Est. reading time\" \/>\n\t<meta name=\"twitter:data1\" content=\"3 minutes\" \/>\n<script type=\"application\/ld+json\" class=\"yoast-schema-graph\">{\"@context\":\"https:\\\/\\\/schema.org\",\"@graph\":[{\"@type\":\"WebPage\",\"@id\":\"https:\\\/\\\/mirps-platform.org\\\/en\\\/resources\\\/events\\\/regional-twinning-meeting\\\/\",\"url\":\"https:\\\/\\\/mirps-platform.org\\\/en\\\/resources\\\/events\\\/regional-twinning-meeting\\\/\",\"name\":\"Regional Twinning Meeting - MIRPS\",\"isPartOf\":{\"@id\":\"https:\\\/\\\/mirps-platform.org\\\/#website\"},\"datePublished\":\"2022-05-05T21:12:09+00:00\",\"dateModified\":\"2022-06-22T21:58:38+00:00\",\"description\":\"During the Regional Twinning Meeting, agreements were reached to strengthen the asylum systems in Central America and Mexico.\",\"breadcrumb\":{\"@id\":\"https:\\\/\\\/mirps-platform.org\\\/en\\\/resources\\\/events\\\/regional-twinning-meeting\\\/#breadcrumb\"},\"inLanguage\":\"en-US\",\"potentialAction\":[{\"@type\":\"ReadAction\",\"target\":[\"https:\\\/\\\/mirps-platform.org\\\/en\\\/resources\\\/events\\\/regional-twinning-meeting\\\/\"]}]},{\"@type\":\"BreadcrumbList\",\"@id\":\"https:\\\/\\\/mirps-platform.org\\\/en\\\/resources\\\/events\\\/regional-twinning-meeting\\\/#breadcrumb\",\"itemListElement\":[{\"@type\":\"ListItem\",\"position\":1,\"name\":\"Home\",\"item\":\"https:\\\/\\\/mirps-platform.org\\\/en\\\/\"},{\"@type\":\"ListItem\",\"position\":2,\"name\":\"Resources\",\"item\":\"https:\\\/\\\/mirps-platform.org\\\/en\\\/resources\\\/\"},{\"@type\":\"ListItem\",\"position\":3,\"name\":\"Events\",\"item\":\"https:\\\/\\\/mirps-platform.org\\\/recursos\\\/eventos\\\/\"},{\"@type\":\"ListItem\",\"position\":4,\"name\":\"Regional Twinning Meeting\"}]},{\"@type\":\"WebSite\",\"@id\":\"https:\\\/\\\/mirps-platform.org\\\/#website\",\"url\":\"https:\\\/\\\/mirps-platform.org\\\/\",\"name\":\"MIRPS\",\"description\":\"Comprehensive Regional Protection and Solutions Framework\",\"potentialAction\":[{\"@type\":\"SearchAction\",\"target\":{\"@type\":\"EntryPoint\",\"urlTemplate\":\"https:\\\/\\\/mirps-platform.org\\\/?s={search_term_string}\"},\"query-input\":{\"@type\":\"PropertyValueSpecification\",\"valueRequired\":true,\"valueName\":\"search_term_string\"}}],\"inLanguage\":\"en-US\"}]}<\/script>\n<!-- \/ Yoast SEO plugin. -->","yoast_head_json":{"title":"Regional Twinning Meeting - MIRPS","description":"During the Regional Twinning Meeting, agreements were reached to strengthen the asylum systems in Central America and Mexico.","robots":{"index":"index","follow":"follow","max-snippet":"max-snippet:-1","max-image-preview":"max-image-preview:large","max-video-preview":"max-video-preview:-1"},"canonical":"https:\/\/mirps-platform.org\/en\/resources\/events\/regional-twinning-meeting\/","og_locale":"en_US","og_type":"article","og_title":"Regional Twinning Meeting - MIRPS","og_description":"During the Regional Twinning Meeting, agreements were reached to strengthen the asylum systems in Central America and Mexico.","og_url":"https:\/\/mirps-platform.org\/en\/resources\/events\/regional-twinning-meeting\/","og_site_name":"MIRPS","article_modified_time":"2022-06-22T21:58:38+00:00","twitter_card":"summary_large_image","twitter_misc":{"Est. reading time":"3 minutes"},"schema":{"@context":"https:\/\/schema.org","@graph":[{"@type":"WebPage","@id":"https:\/\/mirps-platform.org\/en\/resources\/events\/regional-twinning-meeting\/","url":"https:\/\/mirps-platform.org\/en\/resources\/events\/regional-twinning-meeting\/","name":"Regional Twinning Meeting - MIRPS","isPartOf":{"@id":"https:\/\/mirps-platform.org\/#website"},"datePublished":"2022-05-05T21:12:09+00:00","dateModified":"2022-06-22T21:58:38+00:00","description":"During the Regional Twinning Meeting, agreements were reached to strengthen the asylum systems in Central America and Mexico.","breadcrumb":{"@id":"https:\/\/mirps-platform.org\/en\/resources\/events\/regional-twinning-meeting\/#breadcrumb"},"inLanguage":"en-US","potentialAction":[{"@type":"ReadAction","target":["https:\/\/mirps-platform.org\/en\/resources\/events\/regional-twinning-meeting\/"]}]},{"@type":"BreadcrumbList","@id":"https:\/\/mirps-platform.org\/en\/resources\/events\/regional-twinning-meeting\/#breadcrumb","itemListElement":[{"@type":"ListItem","position":1,"name":"Home","item":"https:\/\/mirps-platform.org\/en\/"},{"@type":"ListItem","position":2,"name":"Resources","item":"https:\/\/mirps-platform.org\/en\/resources\/"},{"@type":"ListItem","position":3,"name":"Events","item":"https:\/\/mirps-platform.org\/recursos\/eventos\/"},{"@type":"ListItem","position":4,"name":"Regional Twinning Meeting"}]},{"@type":"WebSite","@id":"https:\/\/mirps-platform.org\/#website","url":"https:\/\/mirps-platform.org\/","name":"MIRPS","description":"Comprehensive Regional Protection and Solutions Framework","potentialAction":[{"@type":"SearchAction","target":{"@type":"EntryPoint","urlTemplate":"https:\/\/mirps-platform.org\/?s={search_term_string}"},"query-input":{"@type":"PropertyValueSpecification","valueRequired":true,"valueName":"search_term_string"}}],"inLanguage":"en-US"}]}},"_links":{"self":[{"href":"https:\/\/mirps-platform.org\/en\/wp-json\/wp\/v2\/pages\/57784","targetHints":{"allow":["GET"]}}],"collection":[{"href":"https:\/\/mirps-platform.org\/en\/wp-json\/wp\/v2\/pages"}],"about":[{"href":"https:\/\/mirps-platform.org\/en\/wp-json\/wp\/v2\/types\/page"}],"author":[{"embeddable":true,"href":"https:\/\/mirps-platform.org\/en\/wp-json\/wp\/v2\/users\/6"}],"replies":[{"embeddable":true,"href":"https:\/\/mirps-platform.org\/en\/wp-json\/wp\/v2\/comments?post=57784"}],"version-history":[{"count":8,"href":"https:\/\/mirps-platform.org\/en\/wp-json\/wp\/v2\/pages\/57784\/revisions"}],"predecessor-version":[{"id":58219,"href":"https:\/\/mirps-platform.org\/en\/wp-json\/wp\/v2\/pages\/57784\/revisions\/58219"}],"up":[{"embeddable":true,"href":"https:\/\/mirps-platform.org\/en\/wp-json\/wp\/v2\/pages\/56997"}],"wp:attachment":[{"href":"https:\/\/mirps-platform.org\/en\/wp-json\/wp\/v2\/media?parent=57784"}],"curies":[{"name":"wp","href":"https:\/\/api.w.org\/{rel}","templated":true}]}}