{"id":57516,"date":"2022-02-21T20:10:44","date_gmt":"2022-02-21T20:10:44","guid":{"rendered":"https:\/\/mirpsplatform.org\/?page_id=57516"},"modified":"2023-01-17T20:30:03","modified_gmt":"2023-01-17T20:30:03","slug":"technical-support-workshop-on-reception-and-admission-strengthening-asylum-systems","status":"publish","type":"page","link":"https:\/\/mirps-platform.org\/en\/resources\/events\/technical-support-workshop-on-reception-and-admission-strengthening-asylum-systems\/","title":{"rendered":"Technical Support Workshop on Reception and Admission &#8211; Strengthening Asylum Systems"},"content":{"rendered":"<p>[et_pb_section fb_built=&#8221;1&#8243; _builder_version=&#8221;4.12.1&#8243; _module_preset=&#8221;default&#8221; global_colors_info=&#8221;{}&#8221;][et_pb_row _builder_version=&#8221;4.12.1&#8243; _module_preset=&#8221;default&#8221; global_colors_info=&#8221;{}&#8221;][et_pb_column type=&#8221;4_4&#8243; _builder_version=&#8221;4.12.1&#8243; _module_preset=&#8221;default&#8221; global_colors_info=&#8221;{}&#8221;][et_pb_text _builder_version=&#8221;4.12.1&#8243; _module_preset=&#8221;default&#8221; text_text_color=&#8221;#000000&#8243; text_font_size=&#8221;45px&#8221; text_line_height=&#8221;1.2em&#8221; global_colors_info=&#8221;{}&#8221;]<\/p>\n<p style=\"text-align: center;\"><strong>\u00a0Technical Support Workshop Strengthening Asylum Systems<\/strong><\/p>\n<p>[\/et_pb_text][\/et_pb_column][\/et_pb_row][et_pb_row _builder_version=&#8221;4.12.1&#8243; _module_preset=&#8221;default&#8221; custom_margin=&#8221;-31px||-32px||false|false&#8221; global_colors_info=&#8221;{}&#8221;][et_pb_column type=&#8221;4_4&#8243; _builder_version=&#8221;4.12.1&#8243; _module_preset=&#8221;default&#8221; global_colors_info=&#8221;{}&#8221;][et_pb_text _builder_version=&#8221;4.14.7&#8243; _module_preset=&#8221;default&#8221; text_text_color=&#8221;#000000&#8243; global_colors_info=&#8221;{}&#8221;]<\/p>\n<p><em>10 March 2022<\/em><\/p>\n<p>[\/et_pb_text][\/et_pb_column][\/et_pb_row][et_pb_row column_structure=&#8221;1_2,1_2&#8243; _builder_version=&#8221;4.12.1&#8243; _module_preset=&#8221;default&#8221; global_colors_info=&#8221;{}&#8221;][et_pb_column type=&#8221;1_2&#8243; _builder_version=&#8221;4.12.1&#8243; _module_preset=&#8221;default&#8221; global_colors_info=&#8221;{}&#8221;][et_pb_image src=&#8221;https:\/\/mirpsplatform.org\/wp-content\/uploads\/2022\/02\/Save-the-Date-WG-ENGLISH-05.png&#8221; title_text=&#8221;Save the Date WG ENGLISH-05&#8243; _builder_version=&#8221;4.14.7&#8243; _module_preset=&#8221;default&#8221; global_colors_info=&#8221;{}&#8221;][\/et_pb_image][\/et_pb_column][et_pb_column type=&#8221;1_2&#8243; _builder_version=&#8221;4.12.1&#8243; _module_preset=&#8221;default&#8221; global_colors_info=&#8221;{}&#8221;][et_pb_text _builder_version=&#8221;4.12.1&#8243; _module_preset=&#8221;default&#8221; text_text_color=&#8221;#000000&#8243; text_font_size=&#8221;19px&#8221; text_line_height=&#8221;1.9em&#8221; global_colors_info=&#8221;{}&#8221;]<\/p>\n<p style=\"text-align: justify;\">The MIRPS Working Group Technical Support Workshops provide an opportunity for dialogue and exchange between representatives of MIRPS Countries, representatives of members of the <a href=\"https:\/\/mirps-platform.org\/en\/support-platform\/\">MIRPS Support Platform<\/a>, and other key stakeholders to share experiences and knowledge and jointly identify solutions, and develop practical recommendations to strengthen protection responses.<\/p>\n<p style=\"text-align: justify;\">This session will provide a focused opportunity for Support Platform members to identify concrete ways they can provide technical, material, or financial support to <a href=\"https:\/\/globalcompactrefugees.org\/gcr-action\/countries\/mirps-marco-integral-regional-para-la-proteccion-y-soluciones\">MIRPS<\/a> countries to strengthen their asylum systems in the coming year.<\/p>\n<p>[\/et_pb_text][\/et_pb_column][\/et_pb_row][et_pb_row column_structure=&#8221;1_3,1_3,1_3&#8243; _builder_version=&#8221;4.14.7&#8243; _module_preset=&#8221;default&#8221; global_colors_info=&#8221;{}&#8221;][et_pb_column type=&#8221;1_3&#8243; _builder_version=&#8221;4.12.1&#8243; _module_preset=&#8221;default&#8221; global_colors_info=&#8221;{}&#8221;][et_pb_image src=&#8221;https:\/\/mirpsplatform.org\/wp-content\/uploads\/2022\/01\/noun-note-3205751-AF2C27.png&#8221; title_text=&#8221;Note&#8221; url_new_window=&#8221;on&#8221; align=&#8221;center&#8221; _builder_version=&#8221;4.14.7&#8243; _module_preset=&#8221;default&#8221; module_alignment=&#8221;center&#8221; height=&#8221;100px&#8221; global_colors_info=&#8221;{}&#8221;][\/et_pb_image][et_pb_text _builder_version=&#8221;4.14.7&#8243; _module_preset=&#8221;default&#8221; global_colors_info=&#8221;{}&#8221;]<\/p>\n<h4 style=\"text-align: center;\">Final Note<\/h4>\n<p>[\/et_pb_text][\/et_pb_column][et_pb_column type=&#8221;1_3&#8243; _builder_version=&#8221;4.12.1&#8243; _module_preset=&#8221;default&#8221; global_colors_info=&#8221;{}&#8221;][et_pb_image src=&#8221;https:\/\/mirpsplatform.org\/wp-content\/uploads\/2022\/01\/noun-video-4541472-AF2C27.png&#8221; title_text=&#8221;video&#8221; url_new_window=&#8221;on&#8221; align=&#8221;center&#8221; _builder_version=&#8221;4.14.7&#8243; _module_preset=&#8221;default&#8221; module_alignment=&#8221;center&#8221; height=&#8221;119px&#8221; custom_margin=&#8221;-18px||||false|false&#8221; global_colors_info=&#8221;{}&#8221;][\/et_pb_image][et_pb_text _builder_version=&#8221;4.14.7&#8243; _module_preset=&#8221;default&#8221; global_colors_info=&#8221;{}&#8221;]<\/p>\n<h4 style=\"text-align: center;\">Event recording<\/h4>\n<p>[\/et_pb_text][\/et_pb_column][et_pb_column type=&#8221;1_3&#8243; _builder_version=&#8221;4.14.7&#8243; _module_preset=&#8221;default&#8221; global_colors_info=&#8221;{}&#8221;][et_pb_image src=&#8221;https:\/\/mirpsplatform.org\/wp-content\/uploads\/2022\/01\/noun-agenda-4519820-AF2C27.png&#8221; title_text=&#8221;noun-agenda-4519820-AF2C27&#8243; url=&#8221;https:\/\/mirpsplatform.org\/wp-content\/uploads\/2022\/03\/Agenda_Fortalecimiento-Sistemas-de-Asilo-ENG.pdf&#8221; url_new_window=&#8221;on&#8221; align=&#8221;center&#8221; _builder_version=&#8221;4.14.7&#8243; _module_preset=&#8221;default&#8221; module_alignment=&#8221;center&#8221; height=&#8221;100px&#8221; global_colors_info=&#8221;{}&#8221;][\/et_pb_image][et_pb_text _builder_version=&#8221;4.14.7&#8243; _module_preset=&#8221;default&#8221; min_height=&#8221;42px&#8221; link_option_url=&#8221;https:\/\/mirpsplatform.org\/wp-content\/uploads\/2022\/03\/Agenda_Fortalecimiento-Sistemas-de-Asilo-ENG.pdf&#8221; global_colors_info=&#8221;{}&#8221;]<\/p>\n<h4 style=\"text-align: center;\">Agenda<\/h4>\n<p>[\/et_pb_text][\/et_pb_column][\/et_pb_row][et_pb_row _builder_version=&#8221;4.12.1&#8243; _module_preset=&#8221;default&#8221; global_colors_info=&#8221;{}&#8221;][et_pb_column type=&#8221;4_4&#8243; _builder_version=&#8221;4.12.1&#8243; _module_preset=&#8221;default&#8221; global_colors_info=&#8221;{}&#8221;][et_pb_divider _builder_version=&#8221;4.12.1&#8243; _module_preset=&#8221;default&#8221; global_colors_info=&#8221;{}&#8221;][\/et_pb_divider][\/et_pb_column][\/et_pb_row][et_pb_row _builder_version=&#8221;4.12.1&#8243; _module_preset=&#8221;default&#8221; global_colors_info=&#8221;{}&#8221;][et_pb_column type=&#8221;4_4&#8243; _builder_version=&#8221;4.12.1&#8243; _module_preset=&#8221;default&#8221; global_colors_info=&#8221;{}&#8221;][et_pb_text _builder_version=&#8221;4.14.7&#8243; _module_preset=&#8221;default&#8221; global_colors_info=&#8221;{}&#8221;]<\/p>\n<h3 style=\"text-align: center;\">The Workshop Strengthening Asylum Systems on Social Media: Featured Content<\/h3>\n<p>[\/et_pb_text][\/et_pb_column][\/et_pb_row][et_pb_row column_structure=&#8221;1_3,1_3,1_3&#8243; use_custom_gutter=&#8221;on&#8221; _builder_version=&#8221;4.14.7&#8243; _module_preset=&#8221;default&#8221; max_width=&#8221;1500px&#8221; global_colors_info=&#8221;{}&#8221;][et_pb_column type=&#8221;1_3&#8243; _builder_version=&#8221;4.12.1&#8243; _module_preset=&#8221;default&#8221; global_colors_info=&#8221;{}&#8221;][et_pb_code _builder_version=&#8221;4.14.7&#8243; _module_preset=&#8221;default&#8221; global_colors_info=&#8221;{}&#8221;]<\/p>\n<blockquote class=\"twitter-tweet\"><pee lang=\"es\" dir=\"ltr\"><a href=\"https:\/\/twitter.com\/hashtag\/AHORA?src=hash&#038;ref_src=twsrc%5Etfw\">#AHORA<\/a> Taller de Apoyo T\u00e9cnico sobre Recepci\u00f3n y Admisi\u00f3n &#8211; Fortalecimiento de los Sistemas de Asilo, organizado por <a href=\"https:\/\/twitter.com\/hashtag\/Canad%C3%A1?src=hash&#038;ref_src=twsrc%5Etfw\">#Canad\u00e1<\/a>, Presidencia de la Plataforma de Apoyo del Marco Integral Regional para la Protecci\u00f3n y Soluciones <a href=\"https:\/\/twitter.com\/hashtag\/MIRPS?src=hash&#038;ref_src=twsrc%5Etfw\">#MIRPS<\/a>, con apoyo de <a href=\"https:\/\/twitter.com\/ACNURamericas?ref_src=twsrc%5Etfw\">@ACNURamericas<\/a> y <a href=\"https:\/\/twitter.com\/OEA_Inclusion?ref_src=twsrc%5Etfw\">@OEA_Inclusion<\/a> <a href=\"https:\/\/t.co\/llXxoLOc3j\">pic.twitter.com\/llXxoLOc3j<\/a><\/pee>\u2014 OEA \u2013 Inclusi\u00f3n (@OEA_Inclusion) <a href=\"https:\/\/twitter.com\/OEA_Inclusion\/status\/1501965866006683654?ref_src=twsrc%5Etfw\">March 10, 2022<\/a><\/p><\/blockquote>\n<p> <script async src=\"https:\/\/platform.twitter.com\/widgets.js\" charset=\"utf-8\"><\/script>[\/et_pb_code][\/et_pb_column][et_pb_column type=&#8221;1_3&#8243; _builder_version=&#8221;4.12.1&#8243; _module_preset=&#8221;default&#8221; global_colors_info=&#8221;{}&#8221;][\/et_pb_column][et_pb_column type=&#8221;1_3&#8243; _builder_version=&#8221;4.12.1&#8243; _module_preset=&#8221;default&#8221; global_colors_info=&#8221;{}&#8221;][\/et_pb_column][\/et_pb_row][\/et_pb_section]<\/p>\n","protected":false},"excerpt":{"rendered":"<p>\u00a0Technical Support Workshop Strengthening Asylum Systems10 March 2022The MIRPS Working Group Technical Support Workshops provide an opportunity for dialogue and exchange between representatives of MIRPS Countries, representatives of members of the MIRPS Support Platform, and other key stakeholders to share experiences and knowledge and jointly identify solutions, and develop practical recommendations to strengthen protection responses. [&hellip;]<\/p>\n","protected":false},"author":6,"featured_media":0,"parent":56997,"menu_order":0,"comment_status":"closed","ping_status":"closed","template":"","meta":{"_acf_changed":false,"_et_pb_use_builder":"on","_et_pb_old_content":"","_et_gb_content_width":"","footnotes":""},"class_list":["post-57516","page","type-page","status-publish","hentry"],"acf":[],"yoast_head":"<!-- This site is optimized with the Yoast SEO plugin v27.5 - https:\/\/yoast.com\/product\/yoast-seo-wordpress\/ -->\n<title>Workshop Strengthening Asylum Systems - MIRPS<\/title>\n<meta name=\"description\" content=\"The technical support workshop Strengthening Asylum Systems provided an opportunity to share experiences and define solutions.\" \/>\n<meta name=\"robots\" content=\"index, follow, max-snippet:-1, max-image-preview:large, max-video-preview:-1\" \/>\n<link rel=\"canonical\" href=\"https:\/\/mirps-platform.org\/en\/resources\/events\/technical-support-workshop-on-reception-and-admission-strengthening-asylum-systems\/\" \/>\n<meta property=\"og:locale\" content=\"en_US\" \/>\n<meta property=\"og:type\" content=\"article\" \/>\n<meta property=\"og:title\" content=\"Workshop Strengthening Asylum Systems - MIRPS\" \/>\n<meta property=\"og:description\" content=\"The technical support workshop Strengthening Asylum Systems provided an opportunity to share experiences and define solutions.\" \/>\n<meta property=\"og:url\" content=\"https:\/\/mirps-platform.org\/en\/resources\/events\/technical-support-workshop-on-reception-and-admission-strengthening-asylum-systems\/\" \/>\n<meta property=\"og:site_name\" content=\"MIRPS\" \/>\n<meta property=\"article:modified_time\" content=\"2023-01-17T20:30:03+00:00\" \/>\n<meta name=\"twitter:card\" content=\"summary_large_image\" \/>\n<meta name=\"twitter:label1\" content=\"Est. reading time\" \/>\n\t<meta name=\"twitter:data1\" content=\"2 minutes\" \/>\n<script type=\"application\/ld+json\" class=\"yoast-schema-graph\">{\"@context\":\"https:\\\/\\\/schema.org\",\"@graph\":[{\"@type\":\"WebPage\",\"@id\":\"https:\\\/\\\/mirps-platform.org\\\/en\\\/resources\\\/events\\\/technical-support-workshop-on-reception-and-admission-strengthening-asylum-systems\\\/\",\"url\":\"https:\\\/\\\/mirps-platform.org\\\/en\\\/resources\\\/events\\\/technical-support-workshop-on-reception-and-admission-strengthening-asylum-systems\\\/\",\"name\":\"Workshop Strengthening Asylum Systems - MIRPS\",\"isPartOf\":{\"@id\":\"https:\\\/\\\/mirps-platform.org\\\/#website\"},\"datePublished\":\"2022-02-21T20:10:44+00:00\",\"dateModified\":\"2023-01-17T20:30:03+00:00\",\"description\":\"The technical support workshop Strengthening Asylum Systems provided an opportunity to share experiences and define solutions.\",\"breadcrumb\":{\"@id\":\"https:\\\/\\\/mirps-platform.org\\\/en\\\/resources\\\/events\\\/technical-support-workshop-on-reception-and-admission-strengthening-asylum-systems\\\/#breadcrumb\"},\"inLanguage\":\"en-US\",\"potentialAction\":[{\"@type\":\"ReadAction\",\"target\":[\"https:\\\/\\\/mirps-platform.org\\\/en\\\/resources\\\/events\\\/technical-support-workshop-on-reception-and-admission-strengthening-asylum-systems\\\/\"]}]},{\"@type\":\"BreadcrumbList\",\"@id\":\"https:\\\/\\\/mirps-platform.org\\\/en\\\/resources\\\/events\\\/technical-support-workshop-on-reception-and-admission-strengthening-asylum-systems\\\/#breadcrumb\",\"itemListElement\":[{\"@type\":\"ListItem\",\"position\":1,\"name\":\"Home\",\"item\":\"https:\\\/\\\/mirps-platform.org\\\/en\\\/\"},{\"@type\":\"ListItem\",\"position\":2,\"name\":\"Resources\",\"item\":\"https:\\\/\\\/mirps-platform.org\\\/en\\\/resources\\\/\"},{\"@type\":\"ListItem\",\"position\":3,\"name\":\"Events\",\"item\":\"https:\\\/\\\/mirps-platform.org\\\/recursos\\\/eventos\\\/\"},{\"@type\":\"ListItem\",\"position\":4,\"name\":\"Technical Support Workshop on Reception and Admission &#8211; Strengthening Asylum Systems\"}]},{\"@type\":\"WebSite\",\"@id\":\"https:\\\/\\\/mirps-platform.org\\\/#website\",\"url\":\"https:\\\/\\\/mirps-platform.org\\\/\",\"name\":\"MIRPS\",\"description\":\"Comprehensive Regional Protection and Solutions Framework\",\"potentialAction\":[{\"@type\":\"SearchAction\",\"target\":{\"@type\":\"EntryPoint\",\"urlTemplate\":\"https:\\\/\\\/mirps-platform.org\\\/?s={search_term_string}\"},\"query-input\":{\"@type\":\"PropertyValueSpecification\",\"valueRequired\":true,\"valueName\":\"search_term_string\"}}],\"inLanguage\":\"en-US\"}]}<\/script>\n<!-- \/ Yoast SEO plugin. -->","yoast_head_json":{"title":"Workshop Strengthening Asylum Systems - MIRPS","description":"The technical support workshop Strengthening Asylum Systems provided an opportunity to share experiences and define solutions.","robots":{"index":"index","follow":"follow","max-snippet":"max-snippet:-1","max-image-preview":"max-image-preview:large","max-video-preview":"max-video-preview:-1"},"canonical":"https:\/\/mirps-platform.org\/en\/resources\/events\/technical-support-workshop-on-reception-and-admission-strengthening-asylum-systems\/","og_locale":"en_US","og_type":"article","og_title":"Workshop Strengthening Asylum Systems - MIRPS","og_description":"The technical support workshop Strengthening Asylum Systems provided an opportunity to share experiences and define solutions.","og_url":"https:\/\/mirps-platform.org\/en\/resources\/events\/technical-support-workshop-on-reception-and-admission-strengthening-asylum-systems\/","og_site_name":"MIRPS","article_modified_time":"2023-01-17T20:30:03+00:00","twitter_card":"summary_large_image","twitter_misc":{"Est. reading time":"2 minutes"},"schema":{"@context":"https:\/\/schema.org","@graph":[{"@type":"WebPage","@id":"https:\/\/mirps-platform.org\/en\/resources\/events\/technical-support-workshop-on-reception-and-admission-strengthening-asylum-systems\/","url":"https:\/\/mirps-platform.org\/en\/resources\/events\/technical-support-workshop-on-reception-and-admission-strengthening-asylum-systems\/","name":"Workshop Strengthening Asylum Systems - MIRPS","isPartOf":{"@id":"https:\/\/mirps-platform.org\/#website"},"datePublished":"2022-02-21T20:10:44+00:00","dateModified":"2023-01-17T20:30:03+00:00","description":"The technical support workshop Strengthening Asylum Systems provided an opportunity to share experiences and define solutions.","breadcrumb":{"@id":"https:\/\/mirps-platform.org\/en\/resources\/events\/technical-support-workshop-on-reception-and-admission-strengthening-asylum-systems\/#breadcrumb"},"inLanguage":"en-US","potentialAction":[{"@type":"ReadAction","target":["https:\/\/mirps-platform.org\/en\/resources\/events\/technical-support-workshop-on-reception-and-admission-strengthening-asylum-systems\/"]}]},{"@type":"BreadcrumbList","@id":"https:\/\/mirps-platform.org\/en\/resources\/events\/technical-support-workshop-on-reception-and-admission-strengthening-asylum-systems\/#breadcrumb","itemListElement":[{"@type":"ListItem","position":1,"name":"Home","item":"https:\/\/mirps-platform.org\/en\/"},{"@type":"ListItem","position":2,"name":"Resources","item":"https:\/\/mirps-platform.org\/en\/resources\/"},{"@type":"ListItem","position":3,"name":"Events","item":"https:\/\/mirps-platform.org\/recursos\/eventos\/"},{"@type":"ListItem","position":4,"name":"Technical Support Workshop on Reception and Admission &#8211; Strengthening Asylum Systems"}]},{"@type":"WebSite","@id":"https:\/\/mirps-platform.org\/#website","url":"https:\/\/mirps-platform.org\/","name":"MIRPS","description":"Comprehensive Regional Protection and Solutions Framework","potentialAction":[{"@type":"SearchAction","target":{"@type":"EntryPoint","urlTemplate":"https:\/\/mirps-platform.org\/?s={search_term_string}"},"query-input":{"@type":"PropertyValueSpecification","valueRequired":true,"valueName":"search_term_string"}}],"inLanguage":"en-US"}]}},"_links":{"self":[{"href":"https:\/\/mirps-platform.org\/en\/wp-json\/wp\/v2\/pages\/57516","targetHints":{"allow":["GET"]}}],"collection":[{"href":"https:\/\/mirps-platform.org\/en\/wp-json\/wp\/v2\/pages"}],"about":[{"href":"https:\/\/mirps-platform.org\/en\/wp-json\/wp\/v2\/types\/page"}],"author":[{"embeddable":true,"href":"https:\/\/mirps-platform.org\/en\/wp-json\/wp\/v2\/users\/6"}],"replies":[{"embeddable":true,"href":"https:\/\/mirps-platform.org\/en\/wp-json\/wp\/v2\/comments?post=57516"}],"version-history":[{"count":14,"href":"https:\/\/mirps-platform.org\/en\/wp-json\/wp\/v2\/pages\/57516\/revisions"}],"predecessor-version":[{"id":59511,"href":"https:\/\/mirps-platform.org\/en\/wp-json\/wp\/v2\/pages\/57516\/revisions\/59511"}],"up":[{"embeddable":true,"href":"https:\/\/mirps-platform.org\/en\/wp-json\/wp\/v2\/pages\/56997"}],"wp:attachment":[{"href":"https:\/\/mirps-platform.org\/en\/wp-json\/wp\/v2\/media?parent=57516"}],"curies":[{"name":"wp","href":"https:\/\/api.w.org\/{rel}","templated":true}]}}