{"id":57151,"date":"2022-01-27T17:41:52","date_gmt":"2022-01-27T17:41:52","guid":{"rendered":"https:\/\/mirpsplatform.org\/?page_id=57151"},"modified":"2023-01-17T19:33:26","modified_gmt":"2023-01-17T19:33:26","slug":"iv-mirps-annual-meeting","status":"publish","type":"page","link":"https:\/\/mirps-platform.org\/en\/resources\/events\/iv-mirps-annual-meeting\/","title":{"rendered":"IV MIRPS Annual Meeting"},"content":{"rendered":"<p>[et_pb_section fb_built=&#8221;1&#8243; _builder_version=&#8221;4.12.1&#8243; _module_preset=&#8221;default&#8221; global_colors_info=&#8221;{}&#8221;][et_pb_row _builder_version=&#8221;4.12.1&#8243; _module_preset=&#8221;default&#8221; global_colors_info=&#8221;{}&#8221;][et_pb_column type=&#8221;4_4&#8243; _builder_version=&#8221;4.12.1&#8243; _module_preset=&#8221;default&#8221; global_colors_info=&#8221;{}&#8221;][et_pb_text _builder_version=&#8221;4.12.1&#8243; _module_preset=&#8221;default&#8221; header_2_font_size=&#8221;45px&#8221; header_2_line_height=&#8221;1.9em&#8221; global_colors_info=&#8221;{}&#8221;]<\/p>\n<h2 style=\"text-align: center;\">IV MIRPS Annual Meeting<\/h2>\n<p>[\/et_pb_text][et_pb_text _builder_version=&#8221;4.12.1&#8243; _module_preset=&#8221;default&#8221; text_text_color=&#8221;#000000&#8243; global_colors_info=&#8221;{}&#8221;]<\/p>\n<p><em>November 30, 2021<\/em><\/p>\n<p>[\/et_pb_text][\/et_pb_column][\/et_pb_row][et_pb_row column_structure=&#8221;1_2,1_2&#8243; _builder_version=&#8221;4.12.1&#8243; _module_preset=&#8221;default&#8221; global_colors_info=&#8221;{}&#8221;][et_pb_column type=&#8221;1_2&#8243; _builder_version=&#8221;4.12.1&#8243; _module_preset=&#8221;default&#8221; global_colors_info=&#8221;{}&#8221;][et_pb_image src=&#8221;https:\/\/mirpsplatform.org\/wp-content\/uploads\/2022\/01\/evento-mirps.png&#8221; title_text=&#8221;evento mirps&#8221; _builder_version=&#8221;4.12.1&#8243; _module_preset=&#8221;default&#8221; global_colors_info=&#8221;{}&#8221;][\/et_pb_image][\/et_pb_column][et_pb_column type=&#8221;1_2&#8243; _builder_version=&#8221;4.12.1&#8243; _module_preset=&#8221;default&#8221; global_colors_info=&#8221;{}&#8221;][et_pb_text _builder_version=&#8221;4.12.1&#8243; _module_preset=&#8221;default&#8221; text_text_color=&#8221;#000000&#8243; text_font_size=&#8221;19px&#8221; text_line_height=&#8221;1.9em&#8221; global_colors_info=&#8221;{}&#8221;]<\/p>\n<p>The meeting provided a forum for dialogue between the Member States and their partners. They addressed progress, achievements, and challenges in the implementation of MIRPS commitments to address displacement in Central America and Mexico.<\/p>\n<p>The Members of the <a href=\"https:\/\/mirps-platform.org\/en\/support-platform\/\">Support Platform<\/a> had the opportunity to express their support during the <a href=\"https:\/\/www.unhcr.org\/news\/press\/2021\/6\/60c275104\/joint-press-release-international-community-mobilizes-find-solutions-forced.html\">event<\/a>.<\/p>\n<p>[\/et_pb_text][\/et_pb_column][\/et_pb_row][et_pb_row column_structure=&#8221;1_3,1_3,1_3&#8243; make_equal=&#8221;on&#8221; _builder_version=&#8221;4.12.1&#8243; _module_preset=&#8221;default&#8221; global_colors_info=&#8221;{}&#8221;][et_pb_column type=&#8221;1_3&#8243; _builder_version=&#8221;4.12.1&#8243; _module_preset=&#8221;default&#8221; global_colors_info=&#8221;{}&#8221;][et_pb_image src=&#8221;https:\/\/mirpsplatform.org\/wp-content\/uploads\/2022\/01\/noun-note-3205751-AF2C27.png&#8221; title_text=&#8221;noun-note-3205751-AF2C27&#8243; url=&#8221;https:\/\/mirpsplatform.org\/wp-content\/uploads\/2022\/01\/MIRPS-End-Year-Report-2021-1.pdf&#8221; url_new_window=&#8221;on&#8221; align=&#8221;center&#8221; _builder_version=&#8221;4.12.1&#8243; _module_preset=&#8221;default&#8221; max_height=&#8221;100px&#8221; global_colors_info=&#8221;{}&#8221;][\/et_pb_image][et_pb_text _builder_version=&#8221;4.12.1&#8243; _module_preset=&#8221;default&#8221; text_text_color=&#8221;#000000&#8243; link_option_url=&#8221;https:\/\/mirpsplatform.org\/wp-content\/uploads\/2022\/01\/MIRPS-End-Year-Report-2021-1.pdf&#8221; link_option_url_new_window=&#8221;on&#8221; global_colors_info=&#8221;{}&#8221;]<\/p>\n<h4 style=\"text-align: center;\"><strong>IV Annual Report<\/strong><\/h4>\n<p>[\/et_pb_text][\/et_pb_column][et_pb_column type=&#8221;1_3&#8243; _builder_version=&#8221;4.12.1&#8243; _module_preset=&#8221;default&#8221; global_colors_info=&#8221;{}&#8221;][et_pb_image src=&#8221;https:\/\/mirpsplatform.org\/wp-content\/uploads\/2022\/01\/noun-document-1912420-AF2C27.png&#8221; title_text=&#8221;noun-document-1912420-AF2C27&#8243; url=&#8221;https:\/\/www.oas.org\/en\/media_center\/press_release.asp?sCodigo=E-107\/21&#8243; url_new_window=&#8221;on&#8221; align=&#8221;center&#8221; _builder_version=&#8221;4.12.1&#8243; _module_preset=&#8221;default&#8221; max_height=&#8221;100px&#8221; global_colors_info=&#8221;{}&#8221;][\/et_pb_image][et_pb_text _builder_version=&#8221;4.12.1&#8243; _module_preset=&#8221;default&#8221; text_text_color=&#8221;#000000&#8243; link_option_url=&#8221;https:\/\/www.oas.org\/en\/media_center\/press_release.asp?sCodigo=E-107\/21&#8243; link_option_url_new_window=&#8221;on&#8221; global_colors_info=&#8221;{}&#8221;]<\/p>\n<h4 style=\"text-align: center;\"><strong>Press Release<\/strong><\/h4>\n<p>[\/et_pb_text][\/et_pb_column][et_pb_column type=&#8221;1_3&#8243; _builder_version=&#8221;4.12.1&#8243; _module_preset=&#8221;default&#8221; global_colors_info=&#8221;{}&#8221;][et_pb_image src=&#8221;https:\/\/mirpsplatform.org\/wp-content\/uploads\/2022\/01\/noun-agenda-4519820-AF2C27.png&#8221; title_text=&#8221;noun-agenda-4519820-AF2C27&#8243; url=&#8221;https:\/\/mirpsplatform.org\/wp-content\/uploads\/2021\/11\/Preliminary-Agenda-IV-MIRPS-Annual-Meeting.pdf&#8221; url_new_window=&#8221;on&#8221; align=&#8221;center&#8221; _builder_version=&#8221;4.12.1&#8243; _module_preset=&#8221;default&#8221; max_height=&#8221;100px&#8221; global_colors_info=&#8221;{}&#8221;][\/et_pb_image][et_pb_text _builder_version=&#8221;4.12.1&#8243; _module_preset=&#8221;default&#8221; text_text_color=&#8221;#000000&#8243; link_option_url=&#8221;https:\/\/mirpsplatform.org\/wp-content\/uploads\/2021\/11\/Preliminary-Agenda-IV-MIRPS-Annual-Meeting.pdf&#8221; link_option_url_new_window=&#8221;on&#8221; global_colors_info=&#8221;{}&#8221;]<\/p>\n<h4 style=\"text-align: center;\"><strong>Agenda<\/strong><\/h4>\n<p>[\/et_pb_text][\/et_pb_column][\/et_pb_row][et_pb_row _builder_version=&#8221;4.12.1&#8243; _module_preset=&#8221;default&#8221; custom_margin=&#8221;|auto|-48px|auto|false|false&#8221; custom_padding=&#8221;||0px||false|false&#8221; global_colors_info=&#8221;{}&#8221;][et_pb_column type=&#8221;4_4&#8243; _builder_version=&#8221;4.12.1&#8243; _module_preset=&#8221;default&#8221; global_colors_info=&#8221;{}&#8221;][et_pb_divider _builder_version=&#8221;4.12.1&#8243; _module_preset=&#8221;default&#8221; global_colors_info=&#8221;{}&#8221;][\/et_pb_divider][\/et_pb_column][\/et_pb_row][et_pb_row _builder_version=&#8221;4.12.1&#8243; _module_preset=&#8221;default&#8221; global_colors_info=&#8221;{}&#8221;][et_pb_column type=&#8221;4_4&#8243; _builder_version=&#8221;4.12.1&#8243; _module_preset=&#8221;default&#8221; global_colors_info=&#8221;{}&#8221;][et_pb_text _builder_version=&#8221;4.12.1&#8243; _module_preset=&#8221;default&#8221; global_colors_info=&#8221;{}&#8221;]<\/p>\n<h2 style=\"text-align: center;\">The Event on Social Media: Featured Content<\/h2>\n<p>[\/et_pb_text][\/et_pb_column][\/et_pb_row][et_pb_row column_structure=&#8221;1_5,1_5,1_5,1_5,1_5&#8243; _builder_version=&#8221;4.12.1&#8243; _module_preset=&#8221;default&#8221; global_colors_info=&#8221;{}&#8221;][et_pb_column type=&#8221;1_5&#8243; _builder_version=&#8221;4.12.1&#8243; _module_preset=&#8221;default&#8221; global_colors_info=&#8221;{}&#8221;][et_pb_code _builder_version=&#8221;4.12.1&#8243; _module_preset=&#8221;default&#8221; custom_margin=&#8221;|-8px|||false|false&#8221; custom_padding=&#8221;|0px|||false|false&#8221; global_colors_info=&#8221;{}&#8221;]<\/p>\n<blockquote class=\"twitter-tweet\"><pee lang=\"es\" dir=\"ltr\"><a href=\"https:\/\/twitter.com\/hashtag\/IVReuni%C3%B3nAnualMIRPS?src=hash&#038;ref_src=twsrc%5Etfw\">#IVReuni\u00f3nAnualMIRPS<\/a> <!\u2013- [et_pb_br_holder] -\u2013><!\u2013- [et_pb_br_holder] -\u2013>Hoy se aprob\u00f3 la Declaraci\u00f3n Pol\u00edtica del <a href=\"https:\/\/twitter.com\/hashtag\/MIRPS?src=hash&#038;ref_src=twsrc%5Etfw\">#MIRPS<\/a> de La Antigua Guatemala. <!\u2013- [et_pb_br_holder] -\u2013><!\u2013- [et_pb_br_holder] -\u2013>Conoce los compromisos asumidos por los Estados miembros del Marco para responder al desplazamiento forzado \ud83c\udf0e\ud83d\udc49 <a href=\"https:\/\/t.co\/396icFEIPe\">https:\/\/t.co\/396icFEIPe<\/a> <a href=\"https:\/\/t.co\/VAzW6tbTHz\">pic.twitter.com\/VAzW6tbTHz<\/a><\/pee>\u2014 OEA (@OEA_oficial) <a href=\"https:\/\/twitter.com\/OEA_oficial\/status\/1465776216280113167?ref_src=twsrc%5Etfw\">November 30, 2021<\/a><\/p><\/blockquote>\n<p> <script async src=\"https:\/\/platform.twitter.com\/widgets.js\" charset=\"utf-8\"><\/script>[\/et_pb_code][\/et_pb_column][et_pb_column type=&#8221;1_5&#8243; _builder_version=&#8221;4.12.1&#8243; _module_preset=&#8221;default&#8221; global_colors_info=&#8221;{}&#8221;][et_pb_code _builder_version=&#8221;4.12.1&#8243; _module_preset=&#8221;default&#8221; custom_margin=&#8221;|-8px|||false|false&#8221; custom_padding=&#8221;|0px|||false|false&#8221; global_colors_info=&#8221;{}&#8221;]<\/p>\n<blockquote class=\"twitter-tweet\"><pee lang=\"es\" dir=\"ltr\">El objetivo de <a href=\"https:\/\/twitter.com\/hashtag\/IVReuni%C3%B3nAnualMIRPS?src=hash&#038;ref_src=twsrc%5Etfw\">#IVReuni\u00f3nAnualMIRPS<\/a> debe ser dar protecci\u00f3n y soluciones a quienes no tienen otra salida m\u00e1s que dejar sus hogares, algunos pasando fronteras y arriesgando sus vidas, en b\u00fasqueda de nuevos horizontes.<!\u2013- [et_pb_br_holder] -\u2013><!\u2013- [et_pb_br_holder] -\u2013>Mis palabras en <a href=\"https:\/\/twitter.com\/hashtag\/MIRPS?src=hash&#038;ref_src=twsrc%5Etfw\">#MIRPS<\/a> en Guatemala <a href=\"https:\/\/t.co\/EOtzrinDLS\">pic.twitter.com\/EOtzrinDLS<\/a><\/pee>\u2014 Luis Almagro (@Almagro_OEA2015) <a href=\"https:\/\/twitter.com\/Almagro_OEA2015\/status\/1465729606909145095?ref_src=twsrc%5Etfw\">November 30, 2021<\/a><\/p><\/blockquote>\n<p> <script async src=\"https:\/\/platform.twitter.com\/widgets.js\" charset=\"utf-8\"><\/script>[\/et_pb_code][\/et_pb_column][et_pb_column type=&#8221;1_5&#8243; _builder_version=&#8221;4.12.1&#8243; _module_preset=&#8221;default&#8221; global_colors_info=&#8221;{}&#8221;][et_pb_code _builder_version=&#8221;4.12.1&#8243; _module_preset=&#8221;default&#8221; custom_margin=&#8221;|-8px|||false|false&#8221; custom_padding=&#8221;|0px|||false|false&#8221; global_colors_info=&#8221;{}&#8221;]<\/p>\n<blockquote class=\"twitter-tweet\"><pee lang=\"es\" dir=\"ltr\">La iniciativa MIRPS tiene 4 a\u00f1os y se ha convertido en una importante plataforma para promover protecci\u00f3n y buscar soluciones para las personas desplazadas en Centroam\u00e9rica y M\u00e9xico.<!\u2013- [et_pb_br_holder] -\u2013><!\u2013- [et_pb_br_holder] -\u2013>Gracias al actual presidente <a href=\"https:\/\/twitter.com\/PedroBroloGT?ref_src=twsrc%5Etfw\">@PedroBroloGT<\/a> por acoger los participantes en la hermosa Antigua. <a href=\"https:\/\/t.co\/GhUppFL0Ct\">pic.twitter.com\/GhUppFL0Ct<\/a><\/pee>\u2014 Filippo Grandi (@FilippoGrandi) <a href=\"https:\/\/twitter.com\/FilippoGrandi\/status\/1465728342825517056?ref_src=twsrc%5Etfw\">November 30, 2021<\/a><\/p><\/blockquote>\n<p> <script async src=\"https:\/\/platform.twitter.com\/widgets.js\" charset=\"utf-8\"><\/script>[\/et_pb_code][\/et_pb_column][et_pb_column type=&#8221;1_5&#8243; _builder_version=&#8221;4.12.1&#8243; _module_preset=&#8221;default&#8221; global_colors_info=&#8221;{}&#8221;][et_pb_code _builder_version=&#8221;4.12.1&#8243; _module_preset=&#8221;default&#8221; custom_margin=&#8221;|-8px|||false|false&#8221; custom_padding=&#8221;|0px|||false|false&#8221; global_colors_info=&#8221;{}&#8221;]<\/p>\n<blockquote class=\"twitter-tweet\"><pee lang=\"en\" dir=\"ltr\">Thank you <a href=\"https:\/\/twitter.com\/DrGiammattei?ref_src=twsrc%5Etfw\">@DrGiammattei<\/a> <a href=\"https:\/\/twitter.com\/PedroBroloGT?ref_src=twsrc%5Etfw\">@PedroBroloGT<\/a> and <a href=\"https:\/\/twitter.com\/MinexGt?ref_src=twsrc%5Etfw\">@MinexGt<\/a> for hosting the Comprehensive Regional Protection and Solutions Framework (<a href=\"https:\/\/twitter.com\/hashtag\/MIRPS?src=hash&#038;ref_src=twsrc%5Etfw\">#MIRPS<\/a>). A regional approach protecting vulnerable persons, asylees and refugees is essential to a more humane system. <a href=\"https:\/\/t.co\/XkkiO0xQqI\">pic.twitter.com\/XkkiO0xQqI<\/a><\/pee>\u2014 Under Secretary Uzra Zeya (@UnderSecStateJ) <a href=\"https:\/\/twitter.com\/UnderSecStateJ\/status\/1465819542052085771?ref_src=twsrc%5Etfw\">November 30, 2021<\/a><\/p><\/blockquote>\n<p> <script async src=\"https:\/\/platform.twitter.com\/widgets.js\" charset=\"utf-8\"><\/script>[\/et_pb_code][\/et_pb_column][et_pb_column type=&#8221;1_5&#8243; _builder_version=&#8221;4.12.1&#8243; _module_preset=&#8221;default&#8221; global_colors_info=&#8221;{}&#8221;][et_pb_code _builder_version=&#8221;4.12.1&#8243; _module_preset=&#8221;default&#8221; custom_margin=&#8221;|-8px|||false|false&#8221; custom_padding=&#8221;|0px|||false|false&#8221; global_colors_info=&#8221;{}&#8221;]<\/p>\n<blockquote class=\"twitter-tweet\"><pee lang=\"es\" dir=\"ltr\">Guatemala entreg\u00f3 la presidencia pro tempore del <a href=\"https:\/\/twitter.com\/hashtag\/MIRPS?src=hash&#038;ref_src=twsrc%5Etfw\">#MIRPS<\/a> a Honduras, confiamos que nuestro pa\u00eds hermano seguir\u00e1 con la labor de unificar a la regi\u00f3n para que, de una manera cohesiva, brindemos m\u00e1s oportunidades a las personas desplazadas. <a href=\"https:\/\/t.co\/iAABrLiPtH\">pic.twitter.com\/iAABrLiPtH<\/a><\/pee>\u2014 Pedro Brolo (@PedroBroloGT) <a href=\"https:\/\/twitter.com\/PedroBroloGT\/status\/1467287827280973828?ref_src=twsrc%5Etfw\">December 5, 2021<\/a><\/p><\/blockquote>\n<p> <script async src=\"https:\/\/platform.twitter.com\/widgets.js\" charset=\"utf-8\"><\/script>[\/et_pb_code][\/et_pb_column][\/et_pb_row][\/et_pb_section]<\/p>\n","protected":false},"excerpt":{"rendered":"<p>IV MIRPS Annual MeetingNovember 30, 2021The meeting provided a forum for dialogue between the Member States and their partners. They addressed progress, achievements, and challenges in the implementation of MIRPS commitments to address displacement in Central America and Mexico. The Members of the Support Platform had the opportunity to express their support during the event.IV [&hellip;]<\/p>\n","protected":false},"author":6,"featured_media":0,"parent":56997,"menu_order":0,"comment_status":"closed","ping_status":"closed","template":"","meta":{"_acf_changed":false,"_et_pb_use_builder":"on","_et_pb_old_content":"","_et_gb_content_width":"","footnotes":""},"class_list":["post-57151","page","type-page","status-publish","hentry"],"acf":[],"yoast_head":"<!-- This site is optimized with the Yoast SEO plugin v27.5 - https:\/\/yoast.com\/product\/yoast-seo-wordpress\/ -->\n<title>IV MIRPS Annual Meeting - MIRPS<\/title>\n<meta name=\"description\" content=\"The IV Annual MIRPS Meeting was a forum for dialogue on progress, achievements and challenges among the Member States and their partners.\" \/>\n<meta name=\"robots\" content=\"index, follow, max-snippet:-1, max-image-preview:large, max-video-preview:-1\" \/>\n<link rel=\"canonical\" href=\"https:\/\/mirps-platform.org\/recursos\/eventos\/iv-reunion-anual-mirps\/\" \/>\n<meta property=\"og:locale\" content=\"en_US\" \/>\n<meta property=\"og:type\" content=\"article\" \/>\n<meta property=\"og:title\" content=\"IV MIRPS Annual Meeting - MIRPS\" \/>\n<meta property=\"og:description\" content=\"The IV Annual MIRPS Meeting was a forum for dialogue on progress, achievements and challenges among the Member States and their partners.\" \/>\n<meta property=\"og:url\" content=\"https:\/\/mirps-platform.org\/recursos\/eventos\/iv-reunion-anual-mirps\/\" \/>\n<meta property=\"og:site_name\" content=\"MIRPS\" \/>\n<meta property=\"article:modified_time\" content=\"2023-01-17T19:33:26+00:00\" \/>\n<meta name=\"twitter:card\" content=\"summary_large_image\" \/>\n<meta name=\"twitter:label1\" content=\"Est. reading time\" \/>\n\t<meta name=\"twitter:data1\" content=\"3 minutes\" \/>\n<script type=\"application\/ld+json\" class=\"yoast-schema-graph\">{\"@context\":\"https:\\\/\\\/schema.org\",\"@graph\":[{\"@type\":\"WebPage\",\"@id\":\"https:\\\/\\\/mirps-platform.org\\\/recursos\\\/eventos\\\/iv-reunion-anual-mirps\\\/\",\"url\":\"https:\\\/\\\/mirps-platform.org\\\/recursos\\\/eventos\\\/iv-reunion-anual-mirps\\\/\",\"name\":\"IV MIRPS Annual Meeting - MIRPS\",\"isPartOf\":{\"@id\":\"https:\\\/\\\/mirps-platform.org\\\/#website\"},\"datePublished\":\"2022-01-27T17:41:52+00:00\",\"dateModified\":\"2023-01-17T19:33:26+00:00\",\"description\":\"The IV Annual MIRPS Meeting was a forum for dialogue on progress, achievements and challenges among the Member States and their partners.\",\"breadcrumb\":{\"@id\":\"https:\\\/\\\/mirps-platform.org\\\/recursos\\\/eventos\\\/iv-reunion-anual-mirps\\\/#breadcrumb\"},\"inLanguage\":\"en-US\",\"potentialAction\":[{\"@type\":\"ReadAction\",\"target\":[\"https:\\\/\\\/mirps-platform.org\\\/recursos\\\/eventos\\\/iv-reunion-anual-mirps\\\/\"]}]},{\"@type\":\"BreadcrumbList\",\"@id\":\"https:\\\/\\\/mirps-platform.org\\\/recursos\\\/eventos\\\/iv-reunion-anual-mirps\\\/#breadcrumb\",\"itemListElement\":[{\"@type\":\"ListItem\",\"position\":1,\"name\":\"Home\",\"item\":\"https:\\\/\\\/mirps-platform.org\\\/en\\\/\"},{\"@type\":\"ListItem\",\"position\":2,\"name\":\"Resources\",\"item\":\"https:\\\/\\\/mirps-platform.org\\\/en\\\/resources\\\/\"},{\"@type\":\"ListItem\",\"position\":3,\"name\":\"Events\",\"item\":\"https:\\\/\\\/mirps-platform.org\\\/recursos\\\/eventos\\\/\"},{\"@type\":\"ListItem\",\"position\":4,\"name\":\"IV MIRPS Annual Meeting\"}]},{\"@type\":\"WebSite\",\"@id\":\"https:\\\/\\\/mirps-platform.org\\\/#website\",\"url\":\"https:\\\/\\\/mirps-platform.org\\\/\",\"name\":\"MIRPS\",\"description\":\"Comprehensive Regional Protection and Solutions Framework\",\"potentialAction\":[{\"@type\":\"SearchAction\",\"target\":{\"@type\":\"EntryPoint\",\"urlTemplate\":\"https:\\\/\\\/mirps-platform.org\\\/?s={search_term_string}\"},\"query-input\":{\"@type\":\"PropertyValueSpecification\",\"valueRequired\":true,\"valueName\":\"search_term_string\"}}],\"inLanguage\":\"en-US\"}]}<\/script>\n<!-- \/ Yoast SEO plugin. -->","yoast_head_json":{"title":"IV MIRPS Annual Meeting - MIRPS","description":"The IV Annual MIRPS Meeting was a forum for dialogue on progress, achievements and challenges among the Member States and their partners.","robots":{"index":"index","follow":"follow","max-snippet":"max-snippet:-1","max-image-preview":"max-image-preview:large","max-video-preview":"max-video-preview:-1"},"canonical":"https:\/\/mirps-platform.org\/recursos\/eventos\/iv-reunion-anual-mirps\/","og_locale":"en_US","og_type":"article","og_title":"IV MIRPS Annual Meeting - MIRPS","og_description":"The IV Annual MIRPS Meeting was a forum for dialogue on progress, achievements and challenges among the Member States and their partners.","og_url":"https:\/\/mirps-platform.org\/recursos\/eventos\/iv-reunion-anual-mirps\/","og_site_name":"MIRPS","article_modified_time":"2023-01-17T19:33:26+00:00","twitter_card":"summary_large_image","twitter_misc":{"Est. reading time":"3 minutes"},"schema":{"@context":"https:\/\/schema.org","@graph":[{"@type":"WebPage","@id":"https:\/\/mirps-platform.org\/recursos\/eventos\/iv-reunion-anual-mirps\/","url":"https:\/\/mirps-platform.org\/recursos\/eventos\/iv-reunion-anual-mirps\/","name":"IV MIRPS Annual Meeting - MIRPS","isPartOf":{"@id":"https:\/\/mirps-platform.org\/#website"},"datePublished":"2022-01-27T17:41:52+00:00","dateModified":"2023-01-17T19:33:26+00:00","description":"The IV Annual MIRPS Meeting was a forum for dialogue on progress, achievements and challenges among the Member States and their partners.","breadcrumb":{"@id":"https:\/\/mirps-platform.org\/recursos\/eventos\/iv-reunion-anual-mirps\/#breadcrumb"},"inLanguage":"en-US","potentialAction":[{"@type":"ReadAction","target":["https:\/\/mirps-platform.org\/recursos\/eventos\/iv-reunion-anual-mirps\/"]}]},{"@type":"BreadcrumbList","@id":"https:\/\/mirps-platform.org\/recursos\/eventos\/iv-reunion-anual-mirps\/#breadcrumb","itemListElement":[{"@type":"ListItem","position":1,"name":"Home","item":"https:\/\/mirps-platform.org\/en\/"},{"@type":"ListItem","position":2,"name":"Resources","item":"https:\/\/mirps-platform.org\/en\/resources\/"},{"@type":"ListItem","position":3,"name":"Events","item":"https:\/\/mirps-platform.org\/recursos\/eventos\/"},{"@type":"ListItem","position":4,"name":"IV MIRPS Annual Meeting"}]},{"@type":"WebSite","@id":"https:\/\/mirps-platform.org\/#website","url":"https:\/\/mirps-platform.org\/","name":"MIRPS","description":"Comprehensive Regional Protection and Solutions Framework","potentialAction":[{"@type":"SearchAction","target":{"@type":"EntryPoint","urlTemplate":"https:\/\/mirps-platform.org\/?s={search_term_string}"},"query-input":{"@type":"PropertyValueSpecification","valueRequired":true,"valueName":"search_term_string"}}],"inLanguage":"en-US"}]}},"_links":{"self":[{"href":"https:\/\/mirps-platform.org\/en\/wp-json\/wp\/v2\/pages\/57151","targetHints":{"allow":["GET"]}}],"collection":[{"href":"https:\/\/mirps-platform.org\/en\/wp-json\/wp\/v2\/pages"}],"about":[{"href":"https:\/\/mirps-platform.org\/en\/wp-json\/wp\/v2\/types\/page"}],"author":[{"embeddable":true,"href":"https:\/\/mirps-platform.org\/en\/wp-json\/wp\/v2\/users\/6"}],"replies":[{"embeddable":true,"href":"https:\/\/mirps-platform.org\/en\/wp-json\/wp\/v2\/comments?post=57151"}],"version-history":[{"count":14,"href":"https:\/\/mirps-platform.org\/en\/wp-json\/wp\/v2\/pages\/57151\/revisions"}],"predecessor-version":[{"id":59469,"href":"https:\/\/mirps-platform.org\/en\/wp-json\/wp\/v2\/pages\/57151\/revisions\/59469"}],"up":[{"embeddable":true,"href":"https:\/\/mirps-platform.org\/en\/wp-json\/wp\/v2\/pages\/56997"}],"wp:attachment":[{"href":"https:\/\/mirps-platform.org\/en\/wp-json\/wp\/v2\/media?parent=57151"}],"curies":[{"name":"wp","href":"https:\/\/api.w.org\/{rel}","templated":true}]}}