{"id":57149,"date":"2022-01-27T20:46:31","date_gmt":"2022-01-27T20:46:31","guid":{"rendered":"https:\/\/mirpsplatform.org\/?page_id=57149"},"modified":"2022-06-16T22:02:41","modified_gmt":"2022-06-16T22:02:41","slug":"event-on-protection-and-empowerment-of-displaced-women-and-girls","status":"publish","type":"page","link":"https:\/\/mirps-platform.org\/en\/resources\/events\/event-on-protection-and-empowerment-of-displaced-women-and-girls\/","title":{"rendered":"Event on Protection and Empowerment of Displaced Women"},"content":{"rendered":"\n[et_pb_section fb_built=&#8221;1&#8243; _builder_version=&#8221;4.12.1&#8243; _module_preset=&#8221;default&#8221; global_colors_info=&#8221;{}&#8221;][et_pb_row _builder_version=&#8221;4.12.1&#8243; _module_preset=&#8221;default&#8221; global_colors_info=&#8221;{}&#8221;][et_pb_column type=&#8221;4_4&#8243; _builder_version=&#8221;4.12.1&#8243; _module_preset=&#8221;default&#8221; global_colors_info=&#8221;{}&#8221;][et_pb_text _builder_version=&#8221;4.12.1&#8243; _module_preset=&#8221;default&#8221; header_2_text_align=&#8221;center&#8221; header_2_font_size=&#8221;45px&#8221; global_colors_info=&#8221;{}&#8221;]<h2>High-Level Event on <yt-formatted-string force-default-style=\"\" class=\"style-scope ytd-video-primary-info-renderer\">Protection and Empowerment of Displaced Women and Girls from Central America and Mexico<\/yt-formatted-string><\/h2>[\/et_pb_text][et_pb_text _builder_version=&#8221;4.12.1&#8243; _module_preset=&#8221;default&#8221; text_text_color=&#8221;#000000&#8243; global_colors_info=&#8221;{}&#8221;]<p><em>December 7, 2021<\/em><\/p>[\/et_pb_text][\/et_pb_column][\/et_pb_row][et_pb_row column_structure=&#8221;1_2,1_2&#8243; _builder_version=&#8221;4.12.1&#8243; _module_preset=&#8221;default&#8221; global_colors_info=&#8221;{}&#8221;][et_pb_column type=&#8221;1_2&#8243; _builder_version=&#8221;4.12.1&#8243; _module_preset=&#8221;default&#8221; global_colors_info=&#8221;{}&#8221;][et_pb_image src=&#8221;https:\/\/mirpsplatform.org\/wp-content\/uploads\/2022\/01\/event-women-girls.png&#8221; title_text=&#8221;event women girls&#8221; _builder_version=&#8221;4.12.1&#8243; _module_preset=&#8221;default&#8221; global_colors_info=&#8221;{}&#8221;][\/et_pb_image][\/et_pb_column][et_pb_column type=&#8221;1_2&#8243; _builder_version=&#8221;4.12.1&#8243; _module_preset=&#8221;default&#8221; global_colors_info=&#8221;{}&#8221;][et_pb_text _builder_version=&#8221;4.12.1&#8243; _module_preset=&#8221;default&#8221; text_text_color=&#8221;#000000&#8243; text_font_size=&#8221;19px&#8221; text_line_height=&#8221;1.9em&#8221; global_colors_info=&#8221;{}&#8221;]<p>The Event on Protection and Empowerment of Forcibly Displaced Women and Girls in Northern Central America and Mexico was developed to defend the human rights of women and girls in vulnerable situations in the region and promote their access to solutions through gender inclusion in communities.<\/p>\n<p>Canada, as Chair of the <a href=\"https:\/\/mirps-platform.org\/en\/support-platform\/\">MIRPS Support Platform<\/a>; and Honduras, as MIRPS Pro-Tempore Chair, hosted the high-level event.<\/p>[\/et_pb_text][\/et_pb_column][\/et_pb_row][et_pb_row column_structure=&#8221;1_4,1_4,1_4,1_4&#8243; _builder_version=&#8221;4.12.1&#8243; _module_preset=&#8221;default&#8221; custom_margin=&#8221;30px||||false|false&#8221; global_colors_info=&#8221;{}&#8221;][et_pb_column type=&#8221;1_4&#8243; _builder_version=&#8221;4.12.1&#8243; _module_preset=&#8221;default&#8221; global_colors_info=&#8221;{}&#8221;][et_pb_image src=&#8221;https:\/\/mirpsplatform.org\/wp-content\/uploads\/2022\/01\/noun-note-3205751-AF2C27.png&#8221; title_text=&#8221;Note&#8221; url=&#8221;https:\/\/mirpsplatform.org\/wp-content\/uploads\/2021\/11\/07-DECConceptNote_MIRPS_Event.pdf&#8221; url_new_window=&#8221;on&#8221; align=&#8221;center&#8221; _builder_version=&#8221;4.12.1&#8243; _module_preset=&#8221;default&#8221; max_height=&#8221;100px&#8221; global_colors_info=&#8221;{}&#8221;][\/et_pb_image][et_pb_text _builder_version=&#8221;4.12.1&#8243; _module_preset=&#8221;default&#8221; link_option_url=&#8221;https:\/\/mirpsplatform.org\/wp-content\/uploads\/2021\/11\/07-DECConceptNote_MIRPS_Event.pdf&#8221; global_colors_info=&#8221;{}&#8221;]<h4 style=\"text-align: center;\">Concept Note<\/h4>[\/et_pb_text][\/et_pb_column][et_pb_column type=&#8221;1_4&#8243; _builder_version=&#8221;4.12.1&#8243; _module_preset=&#8221;default&#8221; global_colors_info=&#8221;{}&#8221;][et_pb_image src=&#8221;https:\/\/mirpsplatform.org\/wp-content\/uploads\/2022\/01\/noun-video-4541472-AF2C27.png&#8221; title_text=&#8221;video&#8221; url=&#8221;https:\/\/www.youtube.com\/watch?v=03CNSoqSAFk&#8221; url_new_window=&#8221;on&#8221; align=&#8221;center&#8221; _builder_version=&#8221;4.12.1&#8243; _module_preset=&#8221;default&#8221; max_height=&#8221;100px&#8221; global_colors_info=&#8221;{}&#8221;][\/et_pb_image][et_pb_text _builder_version=&#8221;4.12.1&#8243; _module_preset=&#8221;default&#8221; link_option_url=&#8221;https:\/\/www.youtube.com\/watch?v=03CNSoqSAFk&#8221; link_option_url_new_window=&#8221;on&#8221; global_colors_info=&#8221;{}&#8221;]<h4 style=\"text-align: center;\">Event Recording<\/h4>[\/et_pb_text][\/et_pb_column][et_pb_column type=&#8221;1_4&#8243; _builder_version=&#8221;4.12.1&#8243; _module_preset=&#8221;default&#8221; global_colors_info=&#8221;{}&#8221;][et_pb_image src=&#8221;https:\/\/mirpsplatform.org\/wp-content\/uploads\/2022\/01\/noun-document-1912420-AF2C27.png&#8221; title_text=&#8221;Press Release&#8221; url=&#8221;https:\/\/www.unhcr.org\/news\/press\/2021\/12\/61ae0e8a4\/unhcr-urges-effective-action-against-gender-based-violence-north-central.html#_ga=2.231161628.2078808917.1643231737-1145593909.1641563420&#8243; url_new_window=&#8221;on&#8221; align=&#8221;center&#8221; _builder_version=&#8221;4.12.1&#8243; _module_preset=&#8221;default&#8221; max_height=&#8221;100px&#8221; global_colors_info=&#8221;{}&#8221;][\/et_pb_image][et_pb_text _builder_version=&#8221;4.12.1&#8243; _module_preset=&#8221;default&#8221; link_option_url=&#8221;https:\/\/www.unhcr.org\/news\/press\/2021\/12\/61ae0e8a4\/unhcr-urges-effective-action-against-gender-based-violence-north-central.html#_ga=2.231161628.2078808917.1643231737-1145593909.1641563420&#8243; global_colors_info=&#8221;{}&#8221;]<h4 style=\"text-align: center;\">Press Release<\/h4>[\/et_pb_text][\/et_pb_column][et_pb_column type=&#8221;1_4&#8243; _builder_version=&#8221;4.12.1&#8243; _module_preset=&#8221;default&#8221; global_colors_info=&#8221;{}&#8221;][et_pb_image src=&#8221;https:\/\/mirpsplatform.org\/wp-content\/uploads\/2022\/01\/noun-sound-125650-AF2C27.png&#8221; title_text=&#8221;noun-sound-125650-AF2C27&#8243; url=&#8221;https:\/\/www.unhcr.ca\/news\/stories-of-courage-and-healing-speaking-out-on-gender-based-violence-in-central-america\/&#8221; url_new_window=&#8221;on&#8221; align=&#8221;center&#8221; _builder_version=&#8221;4.12.1&#8243; _module_preset=&#8221;default&#8221; max_height=&#8221;100px&#8221; global_colors_info=&#8221;{}&#8221;][\/et_pb_image][et_pb_text _builder_version=&#8221;4.12.1&#8243; _module_preset=&#8221;default&#8221; link_option_url=&#8221;https:\/\/www.unhcr.ca\/news\/stories-of-courage-and-healing-speaking-out-on-gender-based-violence-in-central-america\/&#8221; link_option_url_new_window=&#8221;on&#8221; global_colors_info=&#8221;{}&#8221;]<h4 style=\"text-align: center;\">Stories of Courage and Healing<\/h4>[\/et_pb_text][\/et_pb_column][\/et_pb_row][\/et_pb_section][et_pb_section fb_built=&#8221;1&#8243; _builder_version=&#8221;4.12.1&#8243; _module_preset=&#8221;default&#8221; background_color=&#8221;#F4F4F4&#8243; global_colors_info=&#8221;{}&#8221;][et_pb_row _builder_version=&#8221;4.12.1&#8243; _module_preset=&#8221;default&#8221; global_colors_info=&#8221;{}&#8221;][et_pb_column type=&#8221;4_4&#8243; _builder_version=&#8221;4.12.1&#8243; _module_preset=&#8221;default&#8221; global_colors_info=&#8221;{}&#8221;][et_pb_text _builder_version=&#8221;4.12.1&#8243; _module_preset=&#8221;default&#8221; global_colors_info=&#8221;{}&#8221;]<h2 style=\"text-align: center;\">Objectives<\/h2>[\/et_pb_text][\/et_pb_column][\/et_pb_row][et_pb_row column_structure=&#8221;1_3,1_3,1_3&#8243; _builder_version=&#8221;4.12.1&#8243; _module_preset=&#8221;default&#8221; global_colors_info=&#8221;{}&#8221;][et_pb_column type=&#8221;1_3&#8243; _builder_version=&#8221;4.12.1&#8243; _module_preset=&#8221;default&#8221; global_colors_info=&#8221;{}&#8221;][et_pb_blurb image=&#8221;https:\/\/mirpsplatform.org\/wp-content\/uploads\/2021\/11\/iconmonstr-arrow-right-circle-thin-240.png&#8221; icon_placement=&#8221;left&#8221; _builder_version=&#8221;4.13.0&#8243; _module_preset=&#8221;default&#8221; body_font_size=&#8221;19px&#8221; body_line_height=&#8221;1.9em&#8221; animation_style=&#8221;fade&#8221; global_colors_info=&#8221;{}&#8221;]<p><strong>Give visibility to forced displacement<\/strong> in Central America and Mexico, particularly the complex situation of women and girls.<\/p>[\/et_pb_blurb][\/et_pb_column][et_pb_column type=&#8221;1_3&#8243; _builder_version=&#8221;4.12.1&#8243; _module_preset=&#8221;default&#8221; global_colors_info=&#8221;{}&#8221;][et_pb_blurb image=&#8221;https:\/\/mirpsplatform.org\/wp-content\/uploads\/2021\/11\/iconmonstr-arrow-right-circle-thin-240.png&#8221; icon_placement=&#8221;left&#8221; _builder_version=&#8221;4.13.0&#8243; _module_preset=&#8221;default&#8221; body_font_size=&#8221;19px&#8221; body_line_height=&#8221;1.9em&#8221; animation_style=&#8221;fade&#8221; global_colors_info=&#8221;{}&#8221;]<p><strong>Show how MIRPS countries work and are committed to ensuring protection and solutions<\/strong> for women and girls who are displaced or at risk of displacement.<\/p>[\/et_pb_blurb][\/et_pb_column][et_pb_column type=&#8221;1_3&#8243; _builder_version=&#8221;4.12.1&#8243; _module_preset=&#8221;default&#8221; global_colors_info=&#8221;{}&#8221;][et_pb_blurb image=&#8221;https:\/\/mirpsplatform.org\/wp-content\/uploads\/2021\/11\/iconmonstr-arrow-right-circle-thin-240.png&#8221; icon_placement=&#8221;left&#8221; _builder_version=&#8221;4.13.0&#8243; _module_preset=&#8221;default&#8221; body_font_size=&#8221;19px&#8221; body_line_height=&#8221;1.9em&#8221; animation_style=&#8221;fade&#8221; global_colors_info=&#8221;{}&#8221;]<p><strong>Mobilize the international community to broaden the support base<\/strong> for these regional efforts in line with the commitments made by the MIRPS countries.<\/p>[\/et_pb_blurb][\/et_pb_column][\/et_pb_row][\/et_pb_section][et_pb_section fb_built=&#8221;1&#8243; _builder_version=&#8221;4.12.1&#8243; _module_preset=&#8221;default&#8221; global_colors_info=&#8221;{}&#8221;][et_pb_row _builder_version=&#8221;4.12.1&#8243; _module_preset=&#8221;default&#8221; global_colors_info=&#8221;{}&#8221;][et_pb_column type=&#8221;4_4&#8243; _builder_version=&#8221;4.12.1&#8243; _module_preset=&#8221;default&#8221; global_colors_info=&#8221;{}&#8221;][et_pb_text _builder_version=&#8221;4.12.1&#8243; _module_preset=&#8221;default&#8221; global_colors_info=&#8221;{}&#8221;]<h2 style=\"text-align: center;\">The Event on Social Media: Featured Content<\/h2>[\/et_pb_text][\/et_pb_column][\/et_pb_row][et_pb_row column_structure=&#8221;1_5,1_5,1_5,1_5,1_5&#8243; _builder_version=&#8221;4.12.1&#8243; _module_preset=&#8221;default&#8221; global_colors_info=&#8221;{}&#8221;][et_pb_column type=&#8221;1_5&#8243; _builder_version=&#8221;4.12.1&#8243; _module_preset=&#8221;default&#8221; global_colors_info=&#8221;{}&#8221;][et_pb_code _builder_version=&#8221;4.12.1&#8243; _module_preset=&#8221;default&#8221; custom_margin=&#8221;|-8px|||false|false&#8221; custom_padding=&#8221;|0px|||false|false&#8221; global_colors_info=&#8221;{}&#8221;]<blockquote class=\"twitter-tweet\"><pee lang=\"en\" dir=\"ltr\">As Chair of MIRPS, today I announced on behalf of <a href=\"https:\/\/twitter.com\/HarjitSajjan?ref_src=twsrc%5Etfw\">@HarjitSajjan<\/a>, a new project where \ud83c\udde8\ud83c\udde6 will work with the IOM and the <a href=\"https:\/\/twitter.com\/UNHCRCanada?ref_src=twsrc%5Etfw\">@UNHCRCanada<\/a> to assist women and girls affected by irregular migration and forced displacement in Honduras, Guatemala and El Salvador: <a href=\"https:\/\/t.co\/OurUQFf3Od\">https:\/\/t.co\/OurUQFf3Od<\/a> <a href=\"https:\/\/t.co\/Y8EJ8MWZOH\">pic.twitter.com\/Y8EJ8MWZOH<\/a><\/pee>\u2014 Sean Fraser (@SeanFraserMP) <a href=\"https:\/\/twitter.com\/SeanFraserMP\/status\/1468308590511509507?ref_src=twsrc%5Etfw\">December 7, 2021<\/a><\/blockquote> <script async src=\"https:\/\/platform.twitter.com\/widgets.js\" charset=\"utf-8\"><\/script>[\/et_pb_code][\/et_pb_column][et_pb_column type=&#8221;1_5&#8243; _builder_version=&#8221;4.12.1&#8243; _module_preset=&#8221;default&#8221; global_colors_info=&#8221;{}&#8221;][et_pb_code _builder_version=&#8221;4.12.1&#8243; _module_preset=&#8221;default&#8221; custom_margin=&#8221;|-8px|||false|false&#8221; custom_padding=&#8221;|0px|||false|false&#8221; global_colors_info=&#8221;{}&#8221;]<blockquote class=\"twitter-tweet\"><pee lang=\"es\" dir=\"ltr\">Esta semana Canad\u00e1 \ud83c\udde8\ud83c\udde6, presidencia <a href=\"https:\/\/twitter.com\/hashtag\/MIRPS?src=hash&#038;ref_src=twsrc%5Etfw\">#MIRPS<\/a>, organiz\u00f3 un evento sobre protecci\u00f3n y empoderamiento de mujeres y ni\u00f1as en M\u00e9xico y Centroam\u00e9rica<!\u2013- [et_pb_br_holder] -\u2013><!\u2013- [et_pb_br_holder] -\u2013>Escucha las historias de estas mujeres <!\u2013- [et_pb_br_holder] -\u2013>\ud83d\udc49 <a href=\"https:\/\/t.co\/FZf1SXG8tZ\">https:\/\/t.co\/FZf1SXG8tZ<\/a><a href=\"https:\/\/twitter.com\/EmbEspCanada?ref_src=twsrc%5Etfw\">@EmbEspCanada<\/a> <a href=\"https:\/\/twitter.com\/UNHCRCanada?ref_src=twsrc%5Etfw\">@UNHCRCanada<\/a> <a href=\"https:\/\/twitter.com\/AcnurMexico?ref_src=twsrc%5Etfw\">@AcnurMexico<\/a> <a href=\"https:\/\/twitter.com\/ACNURamericas?ref_src=twsrc%5Etfw\">@ACNURamericas<\/a> <a href=\"https:\/\/twitter.com\/GillianTriggs?ref_src=twsrc%5Etfw\">@GillianTriggs<\/a><\/pee>\u2014 ACNUR Espa\u00f1a (@ACNURspain) <a href=\"https:\/\/twitter.com\/ACNURspain\/status\/1469637758423605259?ref_src=twsrc%5Etfw\">December 11, 2021<\/a><\/blockquote> <script async src=\"https:\/\/platform.twitter.com\/widgets.js\" charset=\"utf-8\"><\/script>[\/et_pb_code][\/et_pb_column][et_pb_column type=&#8221;1_5&#8243; _builder_version=&#8221;4.12.1&#8243; _module_preset=&#8221;default&#8221; global_colors_info=&#8221;{}&#8221;][et_pb_code _builder_version=&#8221;4.12.1&#8243; _module_preset=&#8221;default&#8221; custom_margin=&#8221;|-8px|||false|false&#8221; custom_padding=&#8221;|0px|||false|false&#8221; global_colors_info=&#8221;{}&#8221;]<blockquote class=\"twitter-tweet\"><pee lang=\"en\" dir=\"ltr\">Today, during the inaugural <a href=\"https:\/\/twitter.com\/hashtag\/MIRPS?src=hash&#038;ref_src=twsrc%5Etfw\">#MIRPS<\/a> high level event, Minister Fraser announced, on behalf of Minister Sajjan, a new $10 million initiative to empower and protect vulnerable women and girls in Central America: <a href=\"https:\/\/t.co\/hhm1w4ga1F\">https:\/\/t.co\/hhm1w4ga1F<\/a> <a href=\"https:\/\/t.co\/Qa5cfijHCn\">pic.twitter.com\/Qa5cfijHCn<\/a><\/pee>\u2014 IRCC (@CitImmCanada) <a href=\"https:\/\/twitter.com\/CitImmCanada\/status\/1468261949414809609?ref_src=twsrc%5Etfw\">December 7, 2021<\/a><\/blockquote> <script async src=\"https:\/\/platform.twitter.com\/widgets.js\" charset=\"utf-8\"><\/script>[\/et_pb_code][\/et_pb_column][et_pb_column type=&#8221;1_5&#8243; _builder_version=&#8221;4.12.1&#8243; _module_preset=&#8221;default&#8221; global_colors_info=&#8221;{}&#8221;][et_pb_code _builder_version=&#8221;4.12.1&#8243; _module_preset=&#8221;default&#8221; custom_margin=&#8221;|-8px|||false|false&#8221; custom_padding=&#8221;|0px|||false|false&#8221; global_colors_info=&#8221;{}&#8221;]<blockquote class=\"twitter-tweet\"><pee lang=\"es\" dir=\"ltr\">&#8220;Desde <a href=\"https:\/\/twitter.com\/OEA_Inclusion?ref_src=twsrc%5Etfw\">@OEA_Inclusion<\/a>, junto con <a href=\"https:\/\/twitter.com\/ACNURamericas?ref_src=twsrc%5Etfw\">@ACNURamericas<\/a>, como Secretar\u00eda T\u00e9cnica del <a href=\"https:\/\/twitter.com\/hashtag\/MIRPS?src=hash&#038;ref_src=twsrc%5Etfw\">#MIRPS<\/a>, apoyamos a los pa\u00edses <a href=\"https:\/\/twitter.com\/hashtag\/MIRPS?src=hash&#038;ref_src=twsrc%5Etfw\">#MIRPS<\/a> en la incorporaci\u00f3n de una perspectiva de <a href=\"https:\/\/twitter.com\/hashtag\/DDHH?src=hash&#038;ref_src=twsrc%5Etfw\">#DDHH<\/a> y de g\u00e9nero con enfoque diferenciado en sus pol\u00edticas para responder al desplazamiento forzado.&#8221; <a href=\"https:\/\/twitter.com\/PlataMcp?ref_src=twsrc%5Etfw\">@PlataMcp<\/a>. <a href=\"https:\/\/t.co\/wMBRSHft1K\">pic.twitter.com\/wMBRSHft1K<\/a><\/pee>\u2014 OEA \u2013 Inclusi\u00f3n (@OEA_Inclusion) <a href=\"https:\/\/twitter.com\/OEA_Inclusion\/status\/1468249744552214546?ref_src=twsrc%5Etfw\">December 7, 2021<\/a><\/blockquote> <script async src=\"https:\/\/platform.twitter.com\/widgets.js\" charset=\"utf-8\"><\/script>[\/et_pb_code][\/et_pb_column][et_pb_column type=&#8221;1_5&#8243; _builder_version=&#8221;4.12.1&#8243; _module_preset=&#8221;default&#8221; global_colors_info=&#8221;{}&#8221;][et_pb_code _builder_version=&#8221;4.12.1&#8243; _module_preset=&#8221;default&#8221; custom_margin=&#8221;|-8px|||false|false&#8221; custom_padding=&#8221;|0px|||false|false&#8221; global_colors_info=&#8221;{}&#8221;]<blockquote class=\"twitter-tweet\"><pee lang=\"en\" dir=\"ltr\">Carolina\u2019s sharing her experience &#038; the great work being done by La Alianza with women &#038; children in \ud83c\uddec\ud83c\uddf9, including victims of human trafficking &#038; sexual exploitation, in today\u2019s high-level meeting organized by \ud83c\udde8\ud83c\udde6 Listen to her story: <a href=\"https:\/\/t.co\/pGYh5yqbvA\">https:\/\/t.co\/pGYh5yqbvA<\/a> <a href=\"https:\/\/twitter.com\/hashtag\/MIRPS?src=hash&#038;ref_src=twsrc%5Etfw\">#MIRPS<\/a> <a href=\"https:\/\/twitter.com\/CanadaDev?ref_src=twsrc%5Etfw\">@CanadaDev<\/a> <a href=\"https:\/\/t.co\/jcT1xe0Rmt\">pic.twitter.com\/jcT1xe0Rmt<\/a><\/pee>\u2014 Rema Jamous Imseis (@JamousRema) <a href=\"https:\/\/twitter.com\/JamousRema\/status\/1468249772398190596?ref_src=twsrc%5Etfw\">December 7, 2021<\/a><\/blockquote> <script async src=\"https:\/\/platform.twitter.com\/widgets.js\" charset=\"utf-8\"><\/script>[\/et_pb_code][\/et_pb_column][\/et_pb_row][\/et_pb_section]\n","protected":false},"excerpt":{"rendered":"<p>High-Level Event on Protection and Empowerment of Displaced Women and Girls from Central America and MexicoDecember 7, 2021The Event on Protection and Empowerment of Forcibly Displaced Women and Girls in Northern Central America and Mexico was developed to defend the human rights of women and girls in vulnerable situations in the region and promote their [&hellip;]<\/p>\n","protected":false},"author":6,"featured_media":0,"parent":56997,"menu_order":0,"comment_status":"closed","ping_status":"closed","template":"","meta":{"_acf_changed":false,"_et_pb_use_builder":"on","_et_pb_old_content":"","_et_gb_content_width":"","footnotes":""},"class_list":["post-57149","page","type-page","status-publish","hentry"],"acf":[],"yoast_head":"<!-- This site is optimized with the Yoast SEO plugin v27.3 - https:\/\/yoast.com\/product\/yoast-seo-wordpress\/ -->\n<title>Event on Protection and Empowerment of Displaced Women - MIRPS<\/title>\n<meta name=\"description\" content=\"The Event on Protection and Empowerment of Displaced Women and Girls promoted access to solutions through gender inclusion.\" \/>\n<meta name=\"robots\" content=\"index, follow, max-snippet:-1, max-image-preview:large, max-video-preview:-1\" \/>\n<link rel=\"canonical\" href=\"https:\/\/mirps-platform.org\/recursos\/eventos\/evento-proteccion-y-empoderamiento-de-mujeres-y-ninas\/\" \/>\n<meta property=\"og:locale\" content=\"en_US\" \/>\n<meta property=\"og:type\" content=\"article\" \/>\n<meta property=\"og:title\" content=\"Event on Protection and Empowerment of Displaced Women - MIRPS\" \/>\n<meta property=\"og:description\" content=\"The Event on Protection and Empowerment of Displaced Women and Girls promoted access to solutions through gender inclusion.\" \/>\n<meta property=\"og:url\" content=\"https:\/\/mirps-platform.org\/recursos\/eventos\/evento-proteccion-y-empoderamiento-de-mujeres-y-ninas\/\" \/>\n<meta property=\"og:site_name\" content=\"MIRPS\" \/>\n<meta property=\"article:modified_time\" content=\"2022-06-16T22:02:41+00:00\" \/>\n<meta name=\"twitter:card\" content=\"summary_large_image\" \/>\n<meta name=\"twitter:label1\" content=\"Est. reading time\" \/>\n\t<meta name=\"twitter:data1\" content=\"3 minutes\" \/>\n<script type=\"application\/ld+json\" class=\"yoast-schema-graph\">{\"@context\":\"https:\\\/\\\/schema.org\",\"@graph\":[{\"@type\":\"WebPage\",\"@id\":\"https:\\\/\\\/mirps-platform.org\\\/recursos\\\/eventos\\\/evento-proteccion-y-empoderamiento-de-mujeres-y-ninas\\\/\",\"url\":\"https:\\\/\\\/mirps-platform.org\\\/recursos\\\/eventos\\\/evento-proteccion-y-empoderamiento-de-mujeres-y-ninas\\\/\",\"name\":\"Event on Protection and Empowerment of Displaced Women - MIRPS\",\"isPartOf\":{\"@id\":\"https:\\\/\\\/mirps-platform.org\\\/#website\"},\"datePublished\":\"2022-01-27T20:46:31+00:00\",\"dateModified\":\"2022-06-16T22:02:41+00:00\",\"description\":\"The Event on Protection and Empowerment of Displaced Women and Girls promoted access to solutions through gender inclusion.\",\"breadcrumb\":{\"@id\":\"https:\\\/\\\/mirps-platform.org\\\/recursos\\\/eventos\\\/evento-proteccion-y-empoderamiento-de-mujeres-y-ninas\\\/#breadcrumb\"},\"inLanguage\":\"en-US\",\"potentialAction\":[{\"@type\":\"ReadAction\",\"target\":[\"https:\\\/\\\/mirps-platform.org\\\/recursos\\\/eventos\\\/evento-proteccion-y-empoderamiento-de-mujeres-y-ninas\\\/\"]}]},{\"@type\":\"BreadcrumbList\",\"@id\":\"https:\\\/\\\/mirps-platform.org\\\/recursos\\\/eventos\\\/evento-proteccion-y-empoderamiento-de-mujeres-y-ninas\\\/#breadcrumb\",\"itemListElement\":[{\"@type\":\"ListItem\",\"position\":1,\"name\":\"Home\",\"item\":\"https:\\\/\\\/mirps-platform.org\\\/en\\\/\"},{\"@type\":\"ListItem\",\"position\":2,\"name\":\"Resources\",\"item\":\"https:\\\/\\\/mirps-platform.org\\\/en\\\/resources\\\/\"},{\"@type\":\"ListItem\",\"position\":3,\"name\":\"Events\",\"item\":\"https:\\\/\\\/mirps-platform.org\\\/recursos\\\/eventos\\\/\"},{\"@type\":\"ListItem\",\"position\":4,\"name\":\"Event on Protection and Empowerment of Displaced Women\"}]},{\"@type\":\"WebSite\",\"@id\":\"https:\\\/\\\/mirps-platform.org\\\/#website\",\"url\":\"https:\\\/\\\/mirps-platform.org\\\/\",\"name\":\"MIRPS\",\"description\":\"Comprehensive Regional Protection and Solutions Framework\",\"potentialAction\":[{\"@type\":\"SearchAction\",\"target\":{\"@type\":\"EntryPoint\",\"urlTemplate\":\"https:\\\/\\\/mirps-platform.org\\\/?s={search_term_string}\"},\"query-input\":{\"@type\":\"PropertyValueSpecification\",\"valueRequired\":true,\"valueName\":\"search_term_string\"}}],\"inLanguage\":\"en-US\"}]}<\/script>\n<!-- \/ Yoast SEO plugin. -->","yoast_head_json":{"title":"Event on Protection and Empowerment of Displaced Women - MIRPS","description":"The Event on Protection and Empowerment of Displaced Women and Girls promoted access to solutions through gender inclusion.","robots":{"index":"index","follow":"follow","max-snippet":"max-snippet:-1","max-image-preview":"max-image-preview:large","max-video-preview":"max-video-preview:-1"},"canonical":"https:\/\/mirps-platform.org\/recursos\/eventos\/evento-proteccion-y-empoderamiento-de-mujeres-y-ninas\/","og_locale":"en_US","og_type":"article","og_title":"Event on Protection and Empowerment of Displaced Women - MIRPS","og_description":"The Event on Protection and Empowerment of Displaced Women and Girls promoted access to solutions through gender inclusion.","og_url":"https:\/\/mirps-platform.org\/recursos\/eventos\/evento-proteccion-y-empoderamiento-de-mujeres-y-ninas\/","og_site_name":"MIRPS","article_modified_time":"2022-06-16T22:02:41+00:00","twitter_card":"summary_large_image","twitter_misc":{"Est. reading time":"3 minutes"},"schema":{"@context":"https:\/\/schema.org","@graph":[{"@type":"WebPage","@id":"https:\/\/mirps-platform.org\/recursos\/eventos\/evento-proteccion-y-empoderamiento-de-mujeres-y-ninas\/","url":"https:\/\/mirps-platform.org\/recursos\/eventos\/evento-proteccion-y-empoderamiento-de-mujeres-y-ninas\/","name":"Event on Protection and Empowerment of Displaced Women - MIRPS","isPartOf":{"@id":"https:\/\/mirps-platform.org\/#website"},"datePublished":"2022-01-27T20:46:31+00:00","dateModified":"2022-06-16T22:02:41+00:00","description":"The Event on Protection and Empowerment of Displaced Women and Girls promoted access to solutions through gender inclusion.","breadcrumb":{"@id":"https:\/\/mirps-platform.org\/recursos\/eventos\/evento-proteccion-y-empoderamiento-de-mujeres-y-ninas\/#breadcrumb"},"inLanguage":"en-US","potentialAction":[{"@type":"ReadAction","target":["https:\/\/mirps-platform.org\/recursos\/eventos\/evento-proteccion-y-empoderamiento-de-mujeres-y-ninas\/"]}]},{"@type":"BreadcrumbList","@id":"https:\/\/mirps-platform.org\/recursos\/eventos\/evento-proteccion-y-empoderamiento-de-mujeres-y-ninas\/#breadcrumb","itemListElement":[{"@type":"ListItem","position":1,"name":"Home","item":"https:\/\/mirps-platform.org\/en\/"},{"@type":"ListItem","position":2,"name":"Resources","item":"https:\/\/mirps-platform.org\/en\/resources\/"},{"@type":"ListItem","position":3,"name":"Events","item":"https:\/\/mirps-platform.org\/recursos\/eventos\/"},{"@type":"ListItem","position":4,"name":"Event on Protection and Empowerment of Displaced Women"}]},{"@type":"WebSite","@id":"https:\/\/mirps-platform.org\/#website","url":"https:\/\/mirps-platform.org\/","name":"MIRPS","description":"Comprehensive Regional Protection and Solutions Framework","potentialAction":[{"@type":"SearchAction","target":{"@type":"EntryPoint","urlTemplate":"https:\/\/mirps-platform.org\/?s={search_term_string}"},"query-input":{"@type":"PropertyValueSpecification","valueRequired":true,"valueName":"search_term_string"}}],"inLanguage":"en-US"}]}},"_links":{"self":[{"href":"https:\/\/mirps-platform.org\/en\/wp-json\/wp\/v2\/pages\/57149","targetHints":{"allow":["GET"]}}],"collection":[{"href":"https:\/\/mirps-platform.org\/en\/wp-json\/wp\/v2\/pages"}],"about":[{"href":"https:\/\/mirps-platform.org\/en\/wp-json\/wp\/v2\/types\/page"}],"author":[{"embeddable":true,"href":"https:\/\/mirps-platform.org\/en\/wp-json\/wp\/v2\/users\/6"}],"replies":[{"embeddable":true,"href":"https:\/\/mirps-platform.org\/en\/wp-json\/wp\/v2\/comments?post=57149"}],"version-history":[{"count":7,"href":"https:\/\/mirps-platform.org\/en\/wp-json\/wp\/v2\/pages\/57149\/revisions"}],"predecessor-version":[{"id":58128,"href":"https:\/\/mirps-platform.org\/en\/wp-json\/wp\/v2\/pages\/57149\/revisions\/58128"}],"up":[{"embeddable":true,"href":"https:\/\/mirps-platform.org\/en\/wp-json\/wp\/v2\/pages\/56997"}],"wp:attachment":[{"href":"https:\/\/mirps-platform.org\/en\/wp-json\/wp\/v2\/media?parent=57149"}],"curies":[{"name":"wp","href":"https:\/\/api.w.org\/{rel}","templated":true}]}}