{"id":57131,"date":"2022-01-27T03:57:59","date_gmt":"2022-01-27T03:57:59","guid":{"rendered":"https:\/\/mirpsplatform.org\/?page_id=57131"},"modified":"2023-01-17T20:14:25","modified_gmt":"2023-01-17T20:14:25","slug":"solidarity-event","status":"publish","type":"page","link":"https:\/\/mirps-platform.org\/en\/resources\/events\/solidarity-event\/","title":{"rendered":"Solidarity Event"},"content":{"rendered":"<p>[et_pb_section fb_built=&#8221;1&#8243; _builder_version=&#8221;4.12.1&#8243; _module_preset=&#8221;default&#8221; global_colors_info=&#8221;{}&#8221;][et_pb_row _builder_version=&#8221;4.12.1&#8243; _module_preset=&#8221;default&#8221; global_colors_info=&#8221;{}&#8221;][et_pb_column type=&#8221;4_4&#8243; _builder_version=&#8221;4.12.1&#8243; _module_preset=&#8221;default&#8221; global_colors_info=&#8221;{}&#8221;][et_pb_text _builder_version=&#8221;4.12.1&#8243; _module_preset=&#8221;default&#8221; text_text_color=&#8221;#000000&#8243; text_font_size=&#8221;45px&#8221; text_line_height=&#8221;1.2em&#8221; global_colors_info=&#8221;{}&#8221;]<\/p>\n<p style=\"text-align: center;\"><strong>\u00a0Solidarity Event for forcibly displaced persons and host communities in Central America and Mexico<\/strong><\/p>\n<p>[\/et_pb_text][\/et_pb_column][\/et_pb_row][et_pb_row _builder_version=&#8221;4.12.1&#8243; _module_preset=&#8221;default&#8221; custom_margin=&#8221;-31px||-32px||false|false&#8221; global_colors_info=&#8221;{}&#8221;][et_pb_column type=&#8221;4_4&#8243; _builder_version=&#8221;4.12.1&#8243; _module_preset=&#8221;default&#8221; global_colors_info=&#8221;{}&#8221;][et_pb_text _builder_version=&#8221;4.12.1&#8243; _module_preset=&#8221;default&#8221; text_text_color=&#8221;#000000&#8243; global_colors_info=&#8221;{}&#8221;]<\/p>\n<p><em>10 June 2021<\/em><\/p>\n<p>[\/et_pb_text][\/et_pb_column][\/et_pb_row][et_pb_row column_structure=&#8221;1_2,1_2&#8243; _builder_version=&#8221;4.12.1&#8243; _module_preset=&#8221;default&#8221; global_colors_info=&#8221;{}&#8221;][et_pb_column type=&#8221;1_2&#8243; _builder_version=&#8221;4.12.1&#8243; _module_preset=&#8221;default&#8221; global_colors_info=&#8221;{}&#8221;][et_pb_image src=&#8221;https:\/\/mirpsplatform.org\/wp-content\/uploads\/2022\/01\/Evento.png&#8221; title_text=&#8221;Evento&#8221; _builder_version=&#8221;4.12.1&#8243; _module_preset=&#8221;default&#8221; global_colors_info=&#8221;{}&#8221;][\/et_pb_image][et_pb_text _builder_version=&#8221;4.12.1&#8243; _module_preset=&#8221;default&#8221; text_text_color=&#8221;#000000&#8243; text_font_size=&#8221;12px&#8221; custom_margin=&#8221;-17px||||false|false&#8221; global_colors_info=&#8221;{}&#8221;]<\/p>\n<p><em>Photo: Spanish Embassy in Guatemala<\/em><\/p>\n<p>[\/et_pb_text][\/et_pb_column][et_pb_column type=&#8221;1_2&#8243; _builder_version=&#8221;4.12.1&#8243; _module_preset=&#8221;default&#8221; global_colors_info=&#8221;{}&#8221;][et_pb_text _builder_version=&#8221;4.12.1&#8243; _module_preset=&#8221;default&#8221; text_text_color=&#8221;#000000&#8243; text_font_size=&#8221;19px&#8221; text_line_height=&#8221;1.9em&#8221; global_colors_info=&#8221;{}&#8221;]<\/p>\n<p style=\"text-align: justify;\">A Solidarity Event for forcibly displaced persons and host communities in Central America and Mexico took place on June 10, in San Jos\u00e9, Costa Rica, on the margins of the 30th Anniversary of the <a href=\"https:\/\/en.wikipedia.org\/wiki\/Central_American_Integration_System\">Central American Integration System (SICA)<\/a>. High-level representatives from twelve States, the European Union, International financial institutions, UN Agencies, regional organizations, the private sector and civil society participated. The event served to increase awareness of the displacement crisis in <a href=\"https:\/\/mirps-platform.org\/en\/what-is-the-mirps\/\">MIRPS countries<\/a>, and generate new financial commitments, totaling more than US$110 million, and included contributions from Ireland, the European Union, Spain, Switzerland, and the United States, as well as from the private sector and foundations.<\/p>\n<p>[\/et_pb_text][\/et_pb_column][\/et_pb_row][et_pb_row column_structure=&#8221;1_6,1_6,1_6,1_6,1_6,1_6&#8243; _builder_version=&#8221;4.12.1&#8243; _module_preset=&#8221;default&#8221; global_colors_info=&#8221;{}&#8221;][et_pb_column type=&#8221;1_6&#8243; _builder_version=&#8221;4.12.1&#8243; _module_preset=&#8221;default&#8221; global_colors_info=&#8221;{}&#8221;][et_pb_image src=&#8221;https:\/\/mirpsplatform.org\/wp-content\/uploads\/2022\/01\/noun-note-3205751-AF2C27.png&#8221; title_text=&#8221;Note&#8221; url=&#8221;https:\/\/globalcompactrefugees.org\/sites\/default\/files\/2021-08\/Final%20Note-%20MIRPS%20Solidarity%20Event%202021.pdf&#8221; url_new_window=&#8221;on&#8221; align=&#8221;center&#8221; _builder_version=&#8221;4.12.1&#8243; _module_preset=&#8221;default&#8221; module_alignment=&#8221;center&#8221; height=&#8221;100px&#8221; global_colors_info=&#8221;{}&#8221;][\/et_pb_image][et_pb_text _builder_version=&#8221;4.12.1&#8243; _module_preset=&#8221;default&#8221; link_option_url=&#8221;https:\/\/globalcompactrefugees.org\/sites\/default\/files\/2021-08\/Final%20Note-%20MIRPS%20Solidarity%20Event%202021.pdf&#8221; global_colors_info=&#8221;{}&#8221;]<\/p>\n<h4 style=\"text-align: center;\">Final Note<\/h4>\n<p>[\/et_pb_text][\/et_pb_column][et_pb_column type=&#8221;1_6&#8243; _builder_version=&#8221;4.12.1&#8243; _module_preset=&#8221;default&#8221; global_colors_info=&#8221;{}&#8221;][et_pb_image src=&#8221;https:\/\/mirpsplatform.org\/wp-content\/uploads\/2022\/01\/noun-solidarity-2681035-AF2C27.png&#8221; title_text=&#8221;Solidarity&#8221; url=&#8221;https:\/\/globalcompactrefugees.org\/sites\/default\/files\/2021-08\/Annex%203%20Expressions%20of%20Solidarity%20Summary%20%282%29.pdf&#8221; url_new_window=&#8221;on&#8221; align=&#8221;center&#8221; _builder_version=&#8221;4.12.1&#8243; _module_preset=&#8221;default&#8221; module_alignment=&#8221;center&#8221; height=&#8221;119px&#8221; custom_margin=&#8221;-12px||||false|false&#8221; global_colors_info=&#8221;{}&#8221;][\/et_pb_image][et_pb_text _builder_version=&#8221;4.12.1&#8243; _module_preset=&#8221;default&#8221; header_4_line_height=&#8221;1.2em&#8221; custom_margin=&#8221;-9px||||false|false&#8221; link_option_url=&#8221;https:\/\/globalcompactrefugees.org\/sites\/default\/files\/2021-08\/Annex%203%20Expressions%20of%20Solidarity%20Summary%20%282%29.pdf&#8221; global_colors_info=&#8221;{}&#8221;]<\/p>\n<h4 style=\"text-align: center;\">Expressions of Solidarity<\/h4>\n<p>[\/et_pb_text][\/et_pb_column][et_pb_column type=&#8221;1_6&#8243; _builder_version=&#8221;4.12.1&#8243; _module_preset=&#8221;default&#8221; global_colors_info=&#8221;{}&#8221;][et_pb_image src=&#8221;https:\/\/mirpsplatform.org\/wp-content\/uploads\/2022\/01\/noun-document-1912420-AF2C27.png&#8221; title_text=&#8221;Press Release&#8221; url=&#8221;https:\/\/www.unhcr.org\/en-us\/news\/press\/2021\/6\/60c275104\/joint-press-release-international-community-mobilizes-find-solutions-forced.html&#8221; url_new_window=&#8221;on&#8221; align=&#8221;center&#8221; _builder_version=&#8221;4.12.1&#8243; _module_preset=&#8221;default&#8221; module_alignment=&#8221;center&#8221; height=&#8221;100px&#8221; global_colors_info=&#8221;{}&#8221;][\/et_pb_image][et_pb_text _builder_version=&#8221;4.12.1&#8243; _module_preset=&#8221;default&#8221; link_option_url=&#8221;https:\/\/www.unhcr.org\/news\/press\/2021\/6\/60c275104\/joint-press-release-international-community-mobilizes-find-solutions-forced.html#_ga=2.202485009.1483628361.1643216900-304621009.1627052211&#8243; global_colors_info=&#8221;{}&#8221;]<\/p>\n<h4 style=\"text-align: center;\">Press Release<\/h4>\n<p>[\/et_pb_text][\/et_pb_column][et_pb_column type=&#8221;1_6&#8243; _builder_version=&#8221;4.12.1&#8243; _module_preset=&#8221;default&#8221; global_colors_info=&#8221;{}&#8221;][et_pb_image src=&#8221;https:\/\/mirpsplatform.org\/wp-content\/uploads\/2022\/01\/noun-video-4541472-AF2C27.png&#8221; title_text=&#8221;video&#8221; url=&#8221;https:\/\/www.facebook.com\/watch\/live\/?ref=watch_permalink&#038;v=937613813699644&#8243; url_new_window=&#8221;on&#8221; align=&#8221;center&#8221; _builder_version=&#8221;4.12.1&#8243; _module_preset=&#8221;default&#8221; module_alignment=&#8221;center&#8221; height=&#8221;119px&#8221; custom_margin=&#8221;-18px||||false|false&#8221; global_colors_info=&#8221;{}&#8221;][\/et_pb_image][et_pb_text _builder_version=&#8221;4.12.1&#8243; _module_preset=&#8221;default&#8221; link_option_url=&#8221;https:\/\/www.facebook.com\/watch\/live\/?ref=watch_permalink&#038;v=937613813699644&#8243; global_colors_info=&#8221;{}&#8221;]<\/p>\n<h4 style=\"text-align: center;\">Event recording<\/h4>\n<p>[\/et_pb_text][\/et_pb_column][et_pb_column type=&#8221;1_6&#8243; _builder_version=&#8221;4.12.1&#8243; _module_preset=&#8221;default&#8221; global_colors_info=&#8221;{}&#8221;][et_pb_image src=&#8221;https:\/\/mirpsplatform.org\/wp-content\/uploads\/2022\/01\/noun-speaker-3762731-AF2C27.png&#8221; title_text=&#8221;noun-speaker-3762731-AF2C27&#8243; url=&#8221;https:\/\/globalcompactrefugees.org\/sites\/default\/files\/2021-08\/Annex1%20Final%20list%20of%20speakers%2010JUN21.pdf&#8221; url_new_window=&#8221;on&#8221; align=&#8221;center&#8221; _builder_version=&#8221;4.12.1&#8243; _module_preset=&#8221;default&#8221; module_alignment=&#8221;center&#8221; height=&#8221;100px&#8221; global_colors_info=&#8221;{}&#8221;][\/et_pb_image][et_pb_text _builder_version=&#8221;4.12.1&#8243; _module_preset=&#8221;default&#8221; min_height=&#8221;42px&#8221; link_option_url=&#8221;https:\/\/globalcompactrefugees.org\/sites\/default\/files\/2021-08\/Annex1%20Final%20list%20of%20speakers%2010JUN21.pdf&#8221; global_colors_info=&#8221;{}&#8221;]<\/p>\n<h4 style=\"text-align: center;\">List of Speakers<\/h4>\n<p>[\/et_pb_text][\/et_pb_column][et_pb_column type=&#8221;1_6&#8243; _builder_version=&#8221;4.12.1&#8243; _module_preset=&#8221;default&#8221; global_colors_info=&#8221;{}&#8221;][et_pb_image src=&#8221;https:\/\/mirpsplatform.org\/wp-content\/uploads\/2022\/01\/noun-agenda-4519820-AF2C27.png&#8221; title_text=&#8221;noun-agenda-4519820-AF2C27&#8243; url=&#8221;https:\/\/globalcompactrefugees.org\/sites\/default\/files\/2021-08\/Annex2_AGENDA%20Solidarity%20Event.%2009%20JUNE%202021.pdf&#8221; url_new_window=&#8221;on&#8221; align=&#8221;center&#8221; _builder_version=&#8221;4.12.1&#8243; _module_preset=&#8221;default&#8221; module_alignment=&#8221;center&#8221; height=&#8221;100px&#8221; global_colors_info=&#8221;{}&#8221;][\/et_pb_image][et_pb_text _builder_version=&#8221;4.12.1&#8243; _module_preset=&#8221;default&#8221; min_height=&#8221;42px&#8221; link_option_url=&#8221;https:\/\/globalcompactrefugees.org\/sites\/default\/files\/2021-08\/Annex2_AGENDA%20Solidarity%20Event.%2009%20JUNE%202021.pdf&#8221; global_colors_info=&#8221;{}&#8221;]<\/p>\n<h4 style=\"text-align: center;\">Agenda<\/h4>\n<p>[\/et_pb_text][\/et_pb_column][\/et_pb_row][et_pb_row _builder_version=&#8221;4.12.1&#8243; _module_preset=&#8221;default&#8221; global_colors_info=&#8221;{}&#8221;][et_pb_column type=&#8221;4_4&#8243; _builder_version=&#8221;4.12.1&#8243; _module_preset=&#8221;default&#8221; global_colors_info=&#8221;{}&#8221;][et_pb_image src=&#8221;https:\/\/mirpsplatform.org\/wp-content\/uploads\/2022\/03\/Results-Solidarity-Event.png&#8221; title_text=&#8221;Results Solidarity Event&#8221; align=&#8221;center&#8221; _builder_version=&#8221;4.14.7&#8243; _module_preset=&#8221;default&#8221; global_colors_info=&#8221;{}&#8221;][\/et_pb_image][\/et_pb_column][\/et_pb_row][et_pb_row _builder_version=&#8221;4.12.1&#8243; _module_preset=&#8221;default&#8221; global_colors_info=&#8221;{}&#8221;][et_pb_column type=&#8221;4_4&#8243; _builder_version=&#8221;4.12.1&#8243; _module_preset=&#8221;default&#8221; global_colors_info=&#8221;{}&#8221;][et_pb_divider _builder_version=&#8221;4.12.1&#8243; _module_preset=&#8221;default&#8221; global_colors_info=&#8221;{}&#8221;][\/et_pb_divider][\/et_pb_column][\/et_pb_row][et_pb_row _builder_version=&#8221;4.12.1&#8243; _module_preset=&#8221;default&#8221; global_colors_info=&#8221;{}&#8221;][et_pb_column type=&#8221;4_4&#8243; _builder_version=&#8221;4.12.1&#8243; _module_preset=&#8221;default&#8221; global_colors_info=&#8221;{}&#8221;][et_pb_text _builder_version=&#8221;4.12.1&#8243; _module_preset=&#8221;default&#8221; global_colors_info=&#8221;{}&#8221;]<\/p>\n<h3 style=\"text-align: center;\">The Event on Social Media: Featured Content<\/h3>\n<p>[\/et_pb_text][\/et_pb_column][\/et_pb_row][et_pb_row column_structure=&#8221;1_5,1_5,1_5,1_5,1_5&#8243; use_custom_gutter=&#8221;on&#8221; _builder_version=&#8221;4.12.1&#8243; _module_preset=&#8221;default&#8221; max_width=&#8221;1500px&#8221; global_colors_info=&#8221;{}&#8221;][et_pb_column type=&#8221;1_5&#8243; _builder_version=&#8221;4.12.1&#8243; _module_preset=&#8221;default&#8221; global_colors_info=&#8221;{}&#8221;][et_pb_code _builder_version=&#8221;4.12.1&#8243; _module_preset=&#8221;default&#8221; global_colors_info=&#8221;{}&#8221;]<\/p>\n<blockquote class=\"twitter-tweet\" data-lang=\"en\"><pee lang=\"es\" dir=\"ltr\">\u25b6\ufe0f La Uni\u00f3n Europea \ud83c\uddea\ud83c\uddfa reafirma su compromiso de apoyar a aquellos en necesidad en M\u00e9xico \ud83c\uddf2\ud83c\uddfd y Centroam\u00e9rica.<!\u2013- [et_pb_br_holder] -\u2013><!\u2013- [et_pb_br_holder] -\u2013>En el Evento de Solidaridad <a href=\"https:\/\/twitter.com\/hashtag\/MIRPS?src=hash&#038;ref_src=twsrc%5Etfw\">#MIRPS<\/a>, la UE anunci\u00f3 que asignar\u00e1 18.5 millones de euros en concepto de ayuda humanitaria.<!\u2013- [et_pb_br_holder] -\u2013><!\u2013- [et_pb_br_holder] -\u2013>\ud83d\udd17 <a href=\"https:\/\/t.co\/Fv5eYgEA5a\">https:\/\/t.co\/Fv5eYgEA5a<\/a> <a href=\"https:\/\/t.co\/n1VQIkBq8S\">pic.twitter.com\/n1VQIkBq8S<\/a><\/pee>\u2014 Uni\u00f3n Europea en M\u00e9xico \ud83c\uddea\ud83c\uddfa\ud83c\uddf2\ud83c\uddfd (@UEenMexico) <a href=\"https:\/\/twitter.com\/UEenMexico\/status\/1404106179496841222?ref_src=twsrc%5Etfw\">June 13, 2021<\/a><\/p><\/blockquote>\n<p> <script async src=\"https:\/\/platform.twitter.com\/widgets.js\" charset=\"utf-8\"><\/script>[\/et_pb_code][\/et_pb_column][et_pb_column type=&#8221;1_5&#8243; _builder_version=&#8221;4.12.1&#8243; _module_preset=&#8221;default&#8221; global_colors_info=&#8221;{}&#8221;][et_pb_code _builder_version=&#8221;4.12.1&#8243; _module_preset=&#8221;default&#8221; global_colors_info=&#8221;{}&#8221;]<\/p>\n<blockquote class=\"twitter-tweet\" data-lang=\"en\"><pee lang=\"es\" dir=\"ltr\">No queremos que el drama del desplazamiento forzado en Centroam\u00e9rica se convierta en una crisis olvidada. Hoy nos reunimos en Costa Rica para buscar soluciones. Espa\u00f1a va a aportar 6,3 millones \u20ac en 2021-2022 como apoyo directo a los planes de acci\u00f3n de los pa\u00edses del <a href=\"https:\/\/twitter.com\/hashtag\/MIRPS?src=hash&#038;ref_src=twsrc%5Etfw\">#MIRPS<\/a>. <a href=\"https:\/\/t.co\/oha15zqJ7H\">pic.twitter.com\/oha15zqJ7H<\/a><\/pee>\u2014 Pedro S\u00e1nchez (@sanchezcastejon) <a href=\"https:\/\/twitter.com\/sanchezcastejon\/status\/1403027683265728512?ref_src=twsrc%5Etfw\">June 10, 2021<\/a><\/p><\/blockquote>\n<p> <script async src=\"https:\/\/platform.twitter.com\/widgets.js\" charset=\"utf-8\"><\/script>[\/et_pb_code][\/et_pb_column][et_pb_column type=&#8221;1_5&#8243; _builder_version=&#8221;4.12.1&#8243; _module_preset=&#8221;default&#8221; global_colors_info=&#8221;{}&#8221;][et_pb_code _builder_version=&#8221;4.12.1&#8243; _module_preset=&#8221;default&#8221; global_colors_info=&#8221;{}&#8221;]<\/p>\n<blockquote class=\"twitter-tweet\" data-lang=\"en\"><pee lang=\"es\" dir=\"ltr\">Palabras del Alto Comisionado de las Naciones Unidas para los Refugiados <a href=\"https:\/\/twitter.com\/ACNURamericas?ref_src=twsrc%5Etfw\">@ACNURamericas<\/a>, <a href=\"https:\/\/twitter.com\/FilippoGrandi?ref_src=twsrc%5Etfw\">@FilippoGrandi<\/a>, en el evento de solidaridad hacia los desplazados forzados y las comunidades que los acogen en la regi\u00f3n de Centroam\u00e9rica y M\u00e9xico <a href=\"https:\/\/twitter.com\/hashtag\/MIRPS?src=hash&#038;ref_src=twsrc%5Etfw\">#MIRPS<\/a> <a href=\"https:\/\/t.co\/LMzxTUfEXN\">pic.twitter.com\/LMzxTUfEXN<\/a><\/pee>\u2014 OEA (@OEA_oficial) <a href=\"https:\/\/twitter.com\/OEA_oficial\/status\/1403048929948733441?ref_src=twsrc%5Etfw\">June 10, 2021<\/a><\/p><\/blockquote>\n<p> <script async src=\"https:\/\/platform.twitter.com\/widgets.js\" charset=\"utf-8\"><\/script>[\/et_pb_code][\/et_pb_column][et_pb_column type=&#8221;1_5&#8243; _builder_version=&#8221;4.12.1&#8243; _module_preset=&#8221;default&#8221; global_colors_info=&#8221;{}&#8221;][et_pb_code _builder_version=&#8221;4.12.1&#8243; _module_preset=&#8221;default&#8221; global_colors_info=&#8221;{}&#8221;]<\/p>\n<blockquote class=\"twitter-tweet\" data-lang=\"en\"><pee lang=\"es\" dir=\"ltr\">No descansaremos en propiciar generaci\u00f3n de soluciones duraderas para personas refugiadas y desplazadas en Centroam\u00e9rica y M\u00e9xico. Valoramos y agradecemos compromisos de apoyos financieros anunciados hoy. <!\u2013- [et_pb_br_holder] -\u2013>Mis palabras en evento de solidaridad <a href=\"https:\/\/twitter.com\/hashtag\/MIRPS?src=hash&#038;ref_src=twsrc%5Etfw\">#MIRPS<\/a> <a href=\"https:\/\/t.co\/lZM3lNlYJt\">pic.twitter.com\/lZM3lNlYJt<\/a><\/pee>\u2014 Luis Almagro (@Almagro_OEA2015) <a href=\"https:\/\/twitter.com\/Almagro_OEA2015\/status\/1403066243670814724?ref_src=twsrc%5Etfw\">June 10, 2021<\/a><\/p><\/blockquote>\n<p> <script async src=\"https:\/\/platform.twitter.com\/widgets.js\" charset=\"utf-8\"><\/script>[\/et_pb_code][\/et_pb_column][et_pb_column type=&#8221;1_5&#8243; _builder_version=&#8221;4.12.1&#8243; _module_preset=&#8221;default&#8221; global_colors_info=&#8221;{}&#8221;][et_pb_code _builder_version=&#8221;4.12.1&#8243; _module_preset=&#8221;default&#8221; global_colors_info=&#8221;{}&#8221;]<\/p>\n<blockquote class=\"twitter-tweet\" data-lang=\"en\"><pee lang=\"es\" dir=\"ltr\">Un gusto estar presente en el evento de solidaridad <a href=\"https:\/\/twitter.com\/hashtag\/MIRPS?src=hash&#038;ref_src=twsrc%5Etfw\">#MIRPS<\/a> hacia los desplazados forzados en la regi\u00f3n de <a href=\"https:\/\/twitter.com\/hashtag\/Centroam%C3%A9rica?src=hash&#038;ref_src=twsrc%5Etfw\">#Centroam\u00e9rica<\/a> y <a href=\"https:\/\/twitter.com\/hashtag\/M%C3%A9xico?src=hash&#038;ref_src=twsrc%5Etfw\">#M\u00e9xico<\/a>. <!\u2013- [et_pb_br_holder] -\u2013><!\u2013- [et_pb_br_holder] -\u2013>Felicitamos el trabajo indispensable de <a href=\"https:\/\/twitter.com\/Refugees?ref_src=twsrc%5Etfw\">@Refugees<\/a> <a href=\"https:\/\/twitter.com\/sanchezcastejon?ref_src=twsrc%5Etfw\">@sanchezcastejon<\/a> <a href=\"https:\/\/twitter.com\/CarlosAlvQ?ref_src=twsrc%5Etfw\">@CarlosAlvQ<\/a> <a href=\"https:\/\/twitter.com\/DrGiammattei?ref_src=twsrc%5Etfw\">@DrGiammattei<\/a> <a href=\"https:\/\/twitter.com\/sg_sica?ref_src=twsrc%5Etfw\">@sg_sica<\/a> para buscar respuestas ante estos desaf\u00edos. <a href=\"https:\/\/t.co\/rUapB6ta30\">pic.twitter.com\/rUapB6ta30<\/a><\/pee>\u2014 Rut Kr\u00fcger Giverin (@rutgiverin) <a href=\"https:\/\/twitter.com\/rutgiverin\/status\/1403021602946785281?ref_src=twsrc%5Etfw\">June 10, 2021<\/a><\/p><\/blockquote>\n<p> <script async src=\"https:\/\/platform.twitter.com\/widgets.js\" charset=\"utf-8\"><\/script>[\/et_pb_code][\/et_pb_column][\/et_pb_row][\/et_pb_section]<\/p>\n","protected":false},"excerpt":{"rendered":"<p>\u00a0Solidarity Event for forcibly displaced persons and host communities in Central America and Mexico10 June 2021Photo: Spanish Embassy in GuatemalaA Solidarity Event for forcibly displaced persons and host communities in Central America and Mexico took place on June 10, in San Jos\u00e9, Costa Rica, on the margins of the 30th Anniversary of the Central American [&hellip;]<\/p>\n","protected":false},"author":6,"featured_media":0,"parent":56997,"menu_order":0,"comment_status":"closed","ping_status":"closed","template":"","meta":{"_acf_changed":false,"_et_pb_use_builder":"on","_et_pb_old_content":"","_et_gb_content_width":"","footnotes":""},"class_list":["post-57131","page","type-page","status-publish","hentry"],"acf":[],"yoast_head":"<!-- This site is optimized with the Yoast SEO plugin v27.3 - https:\/\/yoast.com\/product\/yoast-seo-wordpress\/ -->\n<title>Solidarity Event - MIRPS<\/title>\n<meta name=\"description\" content=\"The Solidarity Event in 2021 aimed to raise awareness of the displacement crisis in MIRPS countries and generate new financial commitments.\" \/>\n<meta name=\"robots\" content=\"index, follow, max-snippet:-1, max-image-preview:large, max-video-preview:-1\" \/>\n<link rel=\"canonical\" href=\"https:\/\/mirps-platform.org\/recursos\/eventos\/evento-de-solidaridad\/\" \/>\n<meta property=\"og:locale\" content=\"en_US\" \/>\n<meta property=\"og:type\" content=\"article\" \/>\n<meta property=\"og:title\" content=\"Solidarity Event - MIRPS\" \/>\n<meta property=\"og:description\" content=\"The Solidarity Event in 2021 aimed to raise awareness of the displacement crisis in MIRPS countries and generate new financial commitments.\" \/>\n<meta property=\"og:url\" content=\"https:\/\/mirps-platform.org\/recursos\/eventos\/evento-de-solidaridad\/\" \/>\n<meta property=\"og:site_name\" content=\"MIRPS\" \/>\n<meta property=\"article:modified_time\" content=\"2023-01-17T20:14:25+00:00\" \/>\n<meta name=\"twitter:card\" content=\"summary_large_image\" \/>\n<meta name=\"twitter:label1\" content=\"Est. reading time\" \/>\n\t<meta name=\"twitter:data1\" content=\"3 minutes\" \/>\n<script type=\"application\/ld+json\" class=\"yoast-schema-graph\">{\"@context\":\"https:\\\/\\\/schema.org\",\"@graph\":[{\"@type\":\"WebPage\",\"@id\":\"https:\\\/\\\/mirps-platform.org\\\/recursos\\\/eventos\\\/evento-de-solidaridad\\\/\",\"url\":\"https:\\\/\\\/mirps-platform.org\\\/recursos\\\/eventos\\\/evento-de-solidaridad\\\/\",\"name\":\"Solidarity Event - MIRPS\",\"isPartOf\":{\"@id\":\"https:\\\/\\\/mirps-platform.org\\\/#website\"},\"datePublished\":\"2022-01-27T03:57:59+00:00\",\"dateModified\":\"2023-01-17T20:14:25+00:00\",\"description\":\"The Solidarity Event in 2021 aimed to raise awareness of the displacement crisis in MIRPS countries and generate new financial commitments.\",\"breadcrumb\":{\"@id\":\"https:\\\/\\\/mirps-platform.org\\\/recursos\\\/eventos\\\/evento-de-solidaridad\\\/#breadcrumb\"},\"inLanguage\":\"en-US\",\"potentialAction\":[{\"@type\":\"ReadAction\",\"target\":[\"https:\\\/\\\/mirps-platform.org\\\/recursos\\\/eventos\\\/evento-de-solidaridad\\\/\"]}]},{\"@type\":\"BreadcrumbList\",\"@id\":\"https:\\\/\\\/mirps-platform.org\\\/recursos\\\/eventos\\\/evento-de-solidaridad\\\/#breadcrumb\",\"itemListElement\":[{\"@type\":\"ListItem\",\"position\":1,\"name\":\"Home\",\"item\":\"https:\\\/\\\/mirps-platform.org\\\/en\\\/\"},{\"@type\":\"ListItem\",\"position\":2,\"name\":\"Resources\",\"item\":\"https:\\\/\\\/mirps-platform.org\\\/en\\\/resources\\\/\"},{\"@type\":\"ListItem\",\"position\":3,\"name\":\"Events\",\"item\":\"https:\\\/\\\/mirps-platform.org\\\/recursos\\\/eventos\\\/\"},{\"@type\":\"ListItem\",\"position\":4,\"name\":\"Solidarity Event\"}]},{\"@type\":\"WebSite\",\"@id\":\"https:\\\/\\\/mirps-platform.org\\\/#website\",\"url\":\"https:\\\/\\\/mirps-platform.org\\\/\",\"name\":\"MIRPS\",\"description\":\"Comprehensive Regional Protection and Solutions Framework\",\"potentialAction\":[{\"@type\":\"SearchAction\",\"target\":{\"@type\":\"EntryPoint\",\"urlTemplate\":\"https:\\\/\\\/mirps-platform.org\\\/?s={search_term_string}\"},\"query-input\":{\"@type\":\"PropertyValueSpecification\",\"valueRequired\":true,\"valueName\":\"search_term_string\"}}],\"inLanguage\":\"en-US\"}]}<\/script>\n<!-- \/ Yoast SEO plugin. -->","yoast_head_json":{"title":"Solidarity Event - MIRPS","description":"The Solidarity Event in 2021 aimed to raise awareness of the displacement crisis in MIRPS countries and generate new financial commitments.","robots":{"index":"index","follow":"follow","max-snippet":"max-snippet:-1","max-image-preview":"max-image-preview:large","max-video-preview":"max-video-preview:-1"},"canonical":"https:\/\/mirps-platform.org\/recursos\/eventos\/evento-de-solidaridad\/","og_locale":"en_US","og_type":"article","og_title":"Solidarity Event - MIRPS","og_description":"The Solidarity Event in 2021 aimed to raise awareness of the displacement crisis in MIRPS countries and generate new financial commitments.","og_url":"https:\/\/mirps-platform.org\/recursos\/eventos\/evento-de-solidaridad\/","og_site_name":"MIRPS","article_modified_time":"2023-01-17T20:14:25+00:00","twitter_card":"summary_large_image","twitter_misc":{"Est. reading time":"3 minutes"},"schema":{"@context":"https:\/\/schema.org","@graph":[{"@type":"WebPage","@id":"https:\/\/mirps-platform.org\/recursos\/eventos\/evento-de-solidaridad\/","url":"https:\/\/mirps-platform.org\/recursos\/eventos\/evento-de-solidaridad\/","name":"Solidarity Event - MIRPS","isPartOf":{"@id":"https:\/\/mirps-platform.org\/#website"},"datePublished":"2022-01-27T03:57:59+00:00","dateModified":"2023-01-17T20:14:25+00:00","description":"The Solidarity Event in 2021 aimed to raise awareness of the displacement crisis in MIRPS countries and generate new financial commitments.","breadcrumb":{"@id":"https:\/\/mirps-platform.org\/recursos\/eventos\/evento-de-solidaridad\/#breadcrumb"},"inLanguage":"en-US","potentialAction":[{"@type":"ReadAction","target":["https:\/\/mirps-platform.org\/recursos\/eventos\/evento-de-solidaridad\/"]}]},{"@type":"BreadcrumbList","@id":"https:\/\/mirps-platform.org\/recursos\/eventos\/evento-de-solidaridad\/#breadcrumb","itemListElement":[{"@type":"ListItem","position":1,"name":"Home","item":"https:\/\/mirps-platform.org\/en\/"},{"@type":"ListItem","position":2,"name":"Resources","item":"https:\/\/mirps-platform.org\/en\/resources\/"},{"@type":"ListItem","position":3,"name":"Events","item":"https:\/\/mirps-platform.org\/recursos\/eventos\/"},{"@type":"ListItem","position":4,"name":"Solidarity Event"}]},{"@type":"WebSite","@id":"https:\/\/mirps-platform.org\/#website","url":"https:\/\/mirps-platform.org\/","name":"MIRPS","description":"Comprehensive Regional Protection and Solutions Framework","potentialAction":[{"@type":"SearchAction","target":{"@type":"EntryPoint","urlTemplate":"https:\/\/mirps-platform.org\/?s={search_term_string}"},"query-input":{"@type":"PropertyValueSpecification","valueRequired":true,"valueName":"search_term_string"}}],"inLanguage":"en-US"}]}},"_links":{"self":[{"href":"https:\/\/mirps-platform.org\/en\/wp-json\/wp\/v2\/pages\/57131","targetHints":{"allow":["GET"]}}],"collection":[{"href":"https:\/\/mirps-platform.org\/en\/wp-json\/wp\/v2\/pages"}],"about":[{"href":"https:\/\/mirps-platform.org\/en\/wp-json\/wp\/v2\/types\/page"}],"author":[{"embeddable":true,"href":"https:\/\/mirps-platform.org\/en\/wp-json\/wp\/v2\/users\/6"}],"replies":[{"embeddable":true,"href":"https:\/\/mirps-platform.org\/en\/wp-json\/wp\/v2\/comments?post=57131"}],"version-history":[{"count":8,"href":"https:\/\/mirps-platform.org\/en\/wp-json\/wp\/v2\/pages\/57131\/revisions"}],"predecessor-version":[{"id":59497,"href":"https:\/\/mirps-platform.org\/en\/wp-json\/wp\/v2\/pages\/57131\/revisions\/59497"}],"up":[{"embeddable":true,"href":"https:\/\/mirps-platform.org\/en\/wp-json\/wp\/v2\/pages\/56997"}],"wp:attachment":[{"href":"https:\/\/mirps-platform.org\/en\/wp-json\/wp\/v2\/media?parent=57131"}],"curies":[{"name":"wp","href":"https:\/\/api.w.org\/{rel}","templated":true}]}}